{"id":36,"date":"2024-04-18T21:03:17","date_gmt":"2024-04-18T19:03:17","guid":{"rendered":"https:\/\/nemogrill.si\/?page_id=36"},"modified":"2024-05-28T21:42:29","modified_gmt":"2024-05-28T19:42:29","slug":"narocilo","status":"publish","type":"page","link":"https:\/\/www.nemogrill.si\/en\/narocilo\/","title":{"rendered":"Naro\u010dilo"},"content":{"rendered":"<div class=\"wp-block-uagb-container uagb-block-u9anre1n alignfull uagb-is-root-container\"><div class=\"uagb-container-inner-blocks-wrap\">\n<div class=\"wp-block-uagb-info-box uagb-block-amgi9lq0 uagb-infobox__content-wrap  uagb-infobox-icon-above-title uagb-infobox-image-valign-top\"><div class=\"uagb-ifb-content\"><div class=\"uagb-ifb-title-wrap\"><h2 class=\"uagb-ifb-title\">Naro\u010di NemoGrill izdelke<\/h2><\/div><p class=\"uagb-ifb-desc\">Naro\u010dite \u017ear zase in za svoje prijatelje in stopite v stik z nami.<\/p><\/div><\/div>\n\n\n\n<div class=\"wp-block-uagb-container uagb-block-fuj9eara\">\n<div class=\"wp-block-uagb-forms uagb-forms__outer-wrap uagb-block-eukx9daa uagb-forms__default-btn\"><form class=\"uagb-forms-main-form\" method=\"post\" autocomplete=\"on\" name=\"uagb-form-eukx9daa\" action=\"\">\n<div class=\"wp-block-uagb-forms-name uagb-forms-name-wrap uagb-forms-field-set uagb-block-2jwbkqtn uag-col-2\"><div class=\"uagb-forms-name-label required uagb-forms-input-label\" id=\"2jwbkqtn\">Ime<\/div><input type=\"text\" placeholder=\"Vpi\u0161ite va\u0161e ime.\" required class=\"uagb-forms-name-input uagb-forms-input\" name=\"2jwbkqtn\" autocomplete=\"given-name\"\/><\/div>\n\n\n\n<div class=\"wp-block-uagb-forms-name uagb-forms-name-wrap uagb-forms-field-set uagb-block-rsfygbq5 uag-col-2\"><div class=\"uagb-forms-name-label required uagb-forms-input-label\" id=\"rsfygbq5\">Priimek<\/div><input type=\"text\" placeholder=\"Vpi\u0161ite va\u0161 priimek.\" required class=\"uagb-forms-name-input uagb-forms-input\" name=\"rsfygbq5\" autocomplete=\"family-name\"\/><\/div>\n\n\n\n<div class=\"wp-block-uagb-forms-name uagb-forms-name-wrap uagb-forms-field-set uagb-block-f9361609\"><div class=\"uagb-forms-name-label required uagb-forms-input-label\" id=\"f9361609\">Naslov<\/div><input type=\"text\" placeholder=\"Vpi\u0161ite va\u0161 naslov, po\u0161tno \u0161tevilko in po\u0161to.\" required class=\"uagb-forms-name-input uagb-forms-input\" name=\"f9361609\" autocomplete=\"address-line1\"\/><\/div>\n\n\n\n<div class=\"wp-block-uagb-forms-name uagb-forms-name-wrap uagb-forms-field-set uagb-block-1e136b82\"><div class=\"uagb-forms-name-label  uagb-forms-input-label\" id=\"1e136b82\">Naslov za dostavo (v primeru, da je druga\u010den od naslova naro\u010dnika)<\/div><input type=\"text\" placeholder=\"Vpi\u0161ite va\u0161 naslov, po\u0161tno \u0161tevilko in po\u0161to.\" class=\"uagb-forms-name-input uagb-forms-input\" name=\"1e136b82\" autocomplete=\"address-line1\"\/><\/div>\n\n\n\n<div class=\"wp-block-uagb-forms-email uagb-forms-email-wrap uagb-forms-field-set uagb-block-gcnwp5im\"><div class=\"uagb-forms-email-label required uagb-forms-input-label\" id=\"gcnwp5im\">E-mail<\/div><input type=\"email\" class=\"uagb-forms-email-input uagb-forms-input\" placeholder=\"Vpi\u0161ite va\u0161 e-mail.\" required name=\"gcnwp5im\" autocomplete=\"email\"\/><\/div>\n\n\n\n<div class=\"wp-block-uagb-forms-phone uagb-forms-phone-wrap uagb-forms-field-set uagb-block-c241a761\"><div class=\"uagb-forms-phone-label required uagb-forms-input-label\" id=\"c241a761\">Telefon<\/div><div class=\"uagb-forms-phone-flex\"><select class=\"uagb-forms-input uagb-form-phone-country\" id=\"uagb-form-country-c241a761\" name=\"Telefon[]\"><option value=\"+44\">UK (+44)<\/option><option value=\"+1\">USA \/ Canada (+1)<\/option><option value=\"+213\">Algeria (+213)<\/option><option value=\"+376\">Andorra (+376)<\/option><option value=\"+244\">Angola (+244)<\/option><option value=\"+1264\">Anguilla (+1264)<\/option><option value=\"+1268\">Antigua &amp; Barbuda (+1268)<\/option><option value=\"+54\">Argentina (+54)<\/option><option value=\"+374\">Armenia (+374)<\/option><option value=\"+297\">Aruba (+297)<\/option><option value=\"+61\">Australia (+61)<\/option><option value=\"+43\">Austria (+43)<\/option><option value=\"+994\">Azerbaijan (+994)<\/option><option value=\"+1242\">Bahamas (+1242)<\/option><option value=\"+973\">Bahrain (+973)<\/option><option value=\"+880\">Bangladesh (+880)<\/option><option value=\"+1246\">Barbados (+1246)<\/option><option value=\"+375\">Belarus (+375)<\/option><option value=\"+32\">Belgium (+32)<\/option><option value=\"+501\">Belize (+501)<\/option><option value=\"+229\">Benin (+229)<\/option><option value=\"+1441\">Bermuda (+1441)<\/option><option value=\"+975\">Bhutan (+975)<\/option><option value=\"+591\">Bolivia (+591)<\/option><option value=\"+387\">Bosnia Herzegovina (+387)<\/option><option value=\"+267\">Botswana (+267)<\/option><option value=\"+55\">Brazil (+55)<\/option><option value=\"+673\">Brunei (+673)<\/option><option value=\"+359\">Bulgaria (+359)<\/option><option value=\"+226\">Burkina Faso (+226)<\/option><option value=\"+257\">Burundi (+257)<\/option><option value=\"+855\">Cambodia (+855)<\/option><option value=\"+237\">Cameroon (+237)<\/option><option value=\"+238\">Cape Verde Islands (+238)<\/option><option value=\"+1345\">Cayman Islands (+1345)<\/option><option value=\"+236\">Central African Republic (+236)<\/option><option value=\"+56\">Chile (+56)<\/option><option value=\"+86\">China (+86)<\/option><option value=\"+57\">Colombia (+57)<\/option><option value=\"+269\">Comoros (+269)<\/option><option value=\"+242\">Congo (+242)<\/option><option value=\"+682\">Cook Islands (+682)<\/option><option value=\"+506\">Costa Rica (+506)<\/option><option value=\"+385\">Croatia (+385)<\/option><option value=\"+53\">Cuba (+53)<\/option><option value=\"+90392\">Cyprus North (+90392)<\/option><option value=\"+357\">Cyprus South (+357)<\/option><option value=\"+420\">Czech Republic (+420)<\/option><option value=\"+45\">Denmark (+45)<\/option><option value=\"+253\">Djibouti (+253)<\/option><option value=\"+1809\">Dominica (+1809)<\/option><option value=\"+1809\">Dominican Republic (+1809)<\/option><option value=\"+593\">Ecuador (+593)<\/option><option value=\"+20\">Egypt (+20)<\/option><option value=\"+503\">El Salvador (+503)<\/option><option value=\"+240\">Equatorial Guinea (+240)<\/option><option value=\"+291\">Eritrea (+291)<\/option><option value=\"+372\">Estonia (+372)<\/option><option value=\"+251\">Ethiopia (+251)<\/option><option value=\"+500\">Falkland Islands (+500)<\/option><option value=\"+298\">Faroe Islands (+298)<\/option><option value=\"+679\">Fiji (+679)<\/option><option value=\"+358\">Finland (+358)<\/option><option value=\"+33\">France (+33)<\/option><option value=\"+594\">French Guiana (+594)<\/option><option value=\"+689\">French Polynesia (+689)<\/option><option value=\"+241\">Gabon (+241)<\/option><option value=\"+220\">Gambia (+220)<\/option><option value=\"+7880\">Georgia (+7880)<\/option><option value=\"+49\">Germany (+49)<\/option><option value=\"+233\">Ghana (+233)<\/option><option value=\"+350\">Gibraltar (+350)<\/option><option value=\"+30\">Greece (+30)<\/option><option value=\"+299\">Greenland (+299)<\/option><option value=\"+1473\">Grenada (+1473)<\/option><option value=\"+590\">Guadeloupe (+590)<\/option><option value=\"+671\">Guam (+671)<\/option><option value=\"+502\">Guatemala (+502)<\/option><option value=\"+224\">Guinea (+224)<\/option><option value=\"+245\">Guinea &#8211; Bissau (+245)<\/option><option value=\"+592\">Guyana (+592)<\/option><option value=\"+509\">Haiti (+509)<\/option><option value=\"+504\">Honduras (+504)<\/option><option value=\"+852\">Hong Kong (+852)<\/option><option value=\"+36\">Hungary (+36)<\/option><option value=\"+354\">Iceland (+354)<\/option><option value=\"+91\">India (+91)<\/option><option value=\"+62\">Indonesia (+62)<\/option><option value=\"+98\">Iran (+98)<\/option><option value=\"+964\">Iraq (+964)<\/option><option value=\"+353\">Ireland (+353)<\/option><option value=\"+972\">Israel (+972)<\/option><option value=\"+39\">Italy (+39)<\/option><option value=\"+1876\">Jamaica (+1876)<\/option><option value=\"+81\">Japan (+81)<\/option><option value=\"+962\">Jordan (+962)<\/option><option value=\"+7\">Kazakhstan (+7)<\/option><option value=\"+254\">Kenya (+254)<\/option><option value=\"+686\">Kiribati (+686)<\/option><option value=\"+850\">Korea North (+850)<\/option><option value=\"+82\">Korea South (+82)<\/option><option value=\"+965\">Kuwait (+965)<\/option><option value=\"+996\">Kyrgyzstan (+996)<\/option><option value=\"+856\">Laos (+856)<\/option><option value=\"+371\">Latvia (+371)<\/option><option value=\"+961\">Lebanon (+961)<\/option><option value=\"+266\">Lesotho (+266)<\/option><option value=\"+231\">Liberia (+231)<\/option><option value=\"+218\">Libya (+218)<\/option><option value=\"+417\">Liechtenstein (+417)<\/option><option value=\"+370\">Lithuania (+370)<\/option><option value=\"+352\">Luxembourg (+352)<\/option><option value=\"+853\">Macao (+853)<\/option><option value=\"+389\">Macedonia (+389)<\/option><option value=\"+261\">Madagascar (+261)<\/option><option value=\"+265\">Malawi (+265)<\/option><option value=\"+60\">Malaysia (+60)<\/option><option value=\"+960\">Maldives (+960)<\/option><option value=\"+223\">Mali (+223)<\/option><option value=\"+356\">Malta (+356)<\/option><option value=\"+692\">Marshall Islands (+692)<\/option><option value=\"+596\">Martinique (+596)<\/option><option value=\"+222\">Mauritania (+222)<\/option><option value=\"+269\">Mayotte (+269)<\/option><option value=\"+52\">Mexico (+52)<\/option><option value=\"+691\">Micronesia (+691)<\/option><option value=\"+373\">Moldova (+373)<\/option><option value=\"+377\">Monaco (+377)<\/option><option value=\"+976\">Mongolia (+976)<\/option><option value=\"+1664\">Montserrat (+1664)<\/option><option value=\"+212\">Morocco (+212)<\/option><option value=\"+258\">Mozambique (+258)<\/option><option value=\"+95\">Myanmar (+95)<\/option><option value=\"+264\">Namibia (+264)<\/option><option value=\"+674\">Nauru (+674)<\/option><option value=\"+977\">Nepal (+977)<\/option><option value=\"+31\">Netherlands (+31)<\/option><option value=\"+687\">New Caledonia (+687)<\/option><option value=\"+64\">New Zealand (+64)<\/option><option value=\"+505\">Nicaragua (+505)<\/option><option value=\"+227\">Niger (+227)<\/option><option value=\"+234\">Nigeria (+234)<\/option><option value=\"+683\">Niue (+683)<\/option><option value=\"+672\">Norfolk Islands (+672)<\/option><option value=\"+670\">Northern Marianas (+670)<\/option><option value=\"+47\">Norway (+47)<\/option><option value=\"+968\">Oman (+968)<\/option><option value=\"+680\">Palau (+680)<\/option><option value=\"+507\">Panama (+507)<\/option><option value=\"+675\">Papua New Guinea (+675)<\/option><option value=\"+595\">Paraguay (+595)<\/option><option value=\"+51\">Peru (+51)<\/option><option value=\"+63\">Philippines (+63)<\/option><option value=\"+48\">Poland (+48)<\/option><option value=\"+351\">Portugal (+351)<\/option><option value=\"+1787\">Puerto Rico (+1787)<\/option><option value=\"+974\">Qatar (+974)<\/option><option value=\"+262\">Reunion (+262)<\/option><option value=\"+40\">Romania (+40)<\/option><option value=\"+7\">Russia (+7)<\/option><option value=\"+250\">Rwanda (+250)<\/option><option value=\"+378\">San Marino (+378)<\/option><option value=\"+239\">Sao Tome &amp; Principe (+239)<\/option><option value=\"+966\">Saudi Arabia (+966)<\/option><option value=\"+221\">Senegal (+221)<\/option><option value=\"+381\">Serbia (+381)<\/option><option value=\"+248\">Seychelles (+248)<\/option><option value=\"+232\">Sierra Leone (+232)<\/option><option value=\"+65\">Singapore (+65)<\/option><option value=\"+421\">Slovak Republic (+421)<\/option><option value=\"+386\" selected>Slovenia (+386)<\/option><option value=\"+677\">Solomon Islands (+677)<\/option><option value=\"+252\">Somalia (+252)<\/option><option value=\"+27\">South Africa (+27)<\/option><option value=\"+34\">Spain (+34)<\/option><option value=\"+94\">Sri Lanka (+94)<\/option><option value=\"+290\">St. Helena (+290)<\/option><option value=\"+1869\">St. Kitts (+1869)<\/option><option value=\"+1758\">St. Lucia (+1758)<\/option><option value=\"+249\">Sudan (+249)<\/option><option value=\"+597\">Suriname (+597)<\/option><option value=\"+268\">Swaziland (+268)<\/option><option value=\"+46\">Sweden (+46)<\/option><option value=\"+41\">Switzerland (+41)<\/option><option value=\"+963\">Syria (+963)<\/option><option value=\"+886\">Taiwan (+886)<\/option><option value=\"+7\">Tajikstan (+7)<\/option><option value=\"+66\">Thailand (+66)<\/option><option value=\"+228\">Togo (+228)<\/option><option value=\"+676\">Tonga (+676)<\/option><option value=\"+1868\">Trinidad &amp; Tobago (+1868)<\/option><option value=\"+216\">Tunisia (+216)<\/option><option value=\"+90\">Turkey (+90)<\/option><option value=\"+7\">Turkmenistan (+7)<\/option><option value=\"+993\">Turkmenistan (+993)<\/option><option value=\"+1649\">Turks &amp; Caicos Islands (+1649)<\/option><option value=\"+688\">Tuvalu (+688)<\/option><option value=\"+256\">Uganda (+256)<\/option><option value=\"+380\">Ukraine (+380)<\/option><option value=\"+971\">United Arab Emirates (+971)<\/option><option value=\"+598\">Uruguay (+598)<\/option><option value=\"+7\">Uzbekistan (+7)<\/option><option value=\"+678\">Vanuatu (+678)<\/option><option value=\"+379\">Vatican City (+379)<\/option><option value=\"+58\">Venezuela (+58)<\/option><option value=\"+84\">Vietnam (+84)<\/option><option value=\"+84\">Virgin Islands &#8211; British (+1284)<\/option><option value=\"+84\">Virgin Islands &#8211; US (+1340)<\/option><option value=\"+681\">Wallis &amp; Futuna (+681)<\/option><option value=\"+969\">Yemen (North)(+969)<\/option><option value=\"+967\">Yemen (South)(+967)<\/option><option value=\"+260\">Zambia (+260)<\/option><option value=\"+263\">Zimbabwe (+263)<\/option><\/select><input type=\"tel\" required class=\"uagb-forms-phone-input uagb-forms-input\" name=\"Telefon[]\" autocomplete=\"tel-national\"\/><\/div><\/div>\n\n\n\n<div class=\"wp-block-uagb-forms-checkbox uagb-forms-checkbox-wrap uagb-forms-field-set uagb-block-efe70cdf\"><div class=\"uagb-forms-checkbox-label required uagb-forms-input-label\" id=\"efe70cdf\">Ozna\u010dite izdelke, ki jih \u017eelite naro\u010diti<\/div><input type=\"checkbox\" class=\"uagb-forms-checkbox\" id=\"checkbox-\u017ear-nemogrill-(499,00\u20ac)-efe70cdf\" name=\"Ozna\u010dite izdelke, ki jih \u017eelite naro\u010diti[]\" value=\"\u017dar NemoGrill (499,00\u20ac)\" required><label for=\"checkbox-\u017ear-nemogrill-(499,00\u20ac)-efe70cdf\">\u017dar NemoGrill (499,00\u20ac)<\/label><br\/><input type=\"checkbox\" class=\"uagb-forms-checkbox\" id=\"checkbox-deska-nemogrill-(49,00\u20ac)-efe70cdf\" name=\"Ozna\u010dite izdelke, ki jih \u017eelite naro\u010diti[]\" value=\"Deska NemoGrill (49,00\u20ac)\" required><label for=\"checkbox-deska-nemogrill-(49,00\u20ac)-efe70cdf\">Deska NemoGrill (49,00\u20ac)<\/label><br\/><input type=\"checkbox\" class=\"uagb-forms-checkbox\" id=\"checkbox-odlagalni-pult-nemogrill,-1-kos-(89,00\u20ac)-efe70cdf\" name=\"Ozna\u010dite izdelke, ki jih \u017eelite naro\u010diti[]\" value=\"Odlagalni pult NemoGrill, 1 kos (89,00\u20ac)\" required><label for=\"checkbox-odlagalni-pult-nemogrill,-1-kos-(89,00\u20ac)-efe70cdf\">Odlagalni pult NemoGrill, 1 kos (89,00\u20ac)<\/label><br\/><\/div>\n\n\n\n<div class=\"wp-block-uagb-forms-radio uagb-forms-radio-wrap uagb-forms-field-set uagb-block-d3686c3b\"><div class=\"uagb-forms-radio-label required uagb-forms-input-label\" id=\"d3686c3b\">Ozna\u010dite mo\u017enost dostave<\/div><input type=\"radio\" id=\"radio-osebni-prevzem-v-ljubljani-(0,00\u20ac)-d3686c3b\" name=\"d3686c3b\" value=\"Osebni prevzem v Ljubljani (0,00\u20ac)\" required class=\"round\"\/><label for=\"radio-osebni-prevzem-v-ljubljani-(0,00\u20ac)-d3686c3b\">Osebni prevzem v Ljubljani (0,00\u20ac)<\/label><br\/><input type=\"radio\" id=\"radio-promocija:-brezpla\u010dna-dostava-(0,00\u20ac)-d3686c3b\" name=\"d3686c3b\" value=\"Promocija: Brezpla\u010dna dostava (0,00\u20ac)\" required class=\"round\"\/><label for=\"radio-promocija:-brezpla\u010dna-dostava-(0,00\u20ac)-d3686c3b\">Promocija: Brezpla\u010dna dostava (0,00\u20ac)<\/label><br\/><\/div>\n\n\n\n<div class=\"wp-block-uagb-forms-textarea uagb-forms-textarea-wrap uagb-forms-field-set uagb-block-rprjubxl\"><div class=\"uagb-forms-textarea-label required uagb-forms-input-label\" id=\"rprjubxl\">Sporo\u010dilo<\/div><textarea required class=\"uagb-forms-textarea-input uagb-forms-input\" rows=\"6\" placeholder=\"Vpi\u0161ite va\u0161e sporo\u010dilo.\" name=\"rprjubxl\" autocomplete=\"off\"><\/textarea><\/div>\n\n\n\n<div class=\"wp-block-uagb-forms-accept uagb-forms-accept-wrap uagb-forms-field-set uagb-block-407d03a5\"><div class=\"uagb-forms-accept-privacy-link\"><a href=\"https:\/\/www.nemogrill.si\/en\/splosni-pogoji\/\" target=\"_blank\" rel=\"noopener noreferrer\">Splo\u0161ni pogoji<\/a><\/div><input type=\"checkbox\" name=\"407d03a5\" required value=\"Agree\" class=\"uagb-forms-checkbox\" id=\"uagb-forms-accept-407d03a5\"\/><label name=\"407d03a5\" for=\"uagb-forms-accept-407d03a5\" class=\"uagb-forms-accept-label required\" id=\"407d03a5\">Strinjam se s Splo\u0161nimi pogoji.<\/label><br\/><\/div>\n<div class=\"uagb-forms-form-hidden-data\"><input type=\"hidden\" id=\"g-recaptcha-response\" class=\"uagb-forms-recaptcha\"\/><input type=\"hidden\" class=\"uagb_forms_form_label\" value=\"Naro\u010dilo\"\/><input type=\"hidden\" class=\"uagb_forms_form_id\" value=\"uagb-form-eukx9daa\"\/><\/div><div class=\"g-recaptcha uagb-forms-field-set\" data-sitekey=\"\"><\/div><div class=\"uagb-form-reacaptcha-error-eukx9daa\"><\/div><div class=\"uagb-forms-main-submit-button-wrap wp-block-button\"><button class=\"uagb-forms-main-submit-button wp-block-button__link\"><div class=\"uagb-forms-main-submit-button-text\">Naro\u010di<\/div><\/button><\/div><input type=\"hidden\" name=\"trp-form-language\" value=\"en\"\/><\/form><div class=\"uagb-forms-success-message-eukx9daa uagb-forms-submit-message-hide\"><span>Obrazec je bil uspe\u0161no oddan! V najkraj\u0161em mo\u017enem \u010dasu vas bomo kontaktirali preko elektronske po\u0161te.<\/span><\/div><div class=\"uagb-forms-failed-message-eukx9daa uagb-forms-submit-message-hide\"><span>Pri\u0161lo je do napake med oddajo obrazca. Prosim, preverite vsa polja obrazca in poskusite ponovno.<\/span><\/div><\/div>\n<\/div>\n<\/div><\/div>","protected":false},"excerpt":{"rendered":"","protected":false},"author":2,"featured_media":0,"parent":0,"menu_order":0,"comment_status":"closed","ping_status":"closed","template":"","meta":{"_uag_custom_page_level_css":"","_swt_meta_header_display":false,"_swt_meta_footer_display":false,"_swt_meta_site_title_display":true,"_swt_meta_sticky_header":false,"_swt_meta_transparent_header":false,"footnotes":""},"class_list":["post-36","page","type-page","status-publish","hentry"],"yoast_head":"<!-- This site is optimized with the Yoast SEO plugin v25.0 - https:\/\/yoast.com\/wordpress\/plugins\/seo\/ -->\n<title>Naro\u010dilo - NemoGrill<\/title>\n<meta name=\"robots\" content=\"index, follow, max-snippet:-1, max-image-preview:large, max-video-preview:-1\" \/>\n<link rel=\"canonical\" href=\"https:\/\/www.nemogrill.si\/en\/narocilo\/\" \/>\n<meta property=\"og:locale\" content=\"en_GB\" \/>\n<meta property=\"og:type\" content=\"article\" \/>\n<meta property=\"og:title\" content=\"Naro\u010dilo - NemoGrill\" \/>\n<meta property=\"og:url\" content=\"https:\/\/www.nemogrill.si\/en\/narocilo\/\" \/>\n<meta property=\"og:site_name\" content=\"NemoGrill\" \/>\n<meta property=\"article:modified_time\" content=\"2024-05-28T19:42:29+00:00\" \/>\n<meta name=\"twitter:card\" content=\"summary_large_image\" \/>\n<meta name=\"twitter:label1\" content=\"Estimated reading time\" \/>\n\t<meta name=\"twitter:data1\" content=\"3 minutes\" \/>\n<script type=\"application\/ld+json\" class=\"yoast-schema-graph\">{\"@context\":\"https:\/\/schema.org\",\"@graph\":[{\"@type\":\"WebPage\",\"@id\":\"https:\/\/www.nemogrill.si\/narocilo\/\",\"url\":\"https:\/\/www.nemogrill.si\/narocilo\/\",\"name\":\"Naro\u010dilo - NemoGrill\",\"isPartOf\":{\"@id\":\"https:\/\/www.nemogrill.si\/#website\"},\"datePublished\":\"2024-04-18T19:03:17+00:00\",\"dateModified\":\"2024-05-28T19:42:29+00:00\",\"breadcrumb\":{\"@id\":\"https:\/\/www.nemogrill.si\/narocilo\/#breadcrumb\"},\"inLanguage\":\"en-GB\",\"potentialAction\":[{\"@type\":\"ReadAction\",\"target\":[\"https:\/\/www.nemogrill.si\/narocilo\/\"]}]},{\"@type\":\"BreadcrumbList\",\"@id\":\"https:\/\/www.nemogrill.si\/narocilo\/#breadcrumb\",\"itemListElement\":[{\"@type\":\"ListItem\",\"position\":1,\"name\":\"Domov\",\"item\":\"https:\/\/www.nemogrill.si\/\"},{\"@type\":\"ListItem\",\"position\":2,\"name\":\"Naro\u010dilo\"}]},{\"@type\":\"WebSite\",\"@id\":\"https:\/\/www.nemogrill.si\/#website\",\"url\":\"https:\/\/www.nemogrill.si\/\",\"name\":\"NemoGrill\",\"description\":\"Best grilling experience with friends!\",\"publisher\":{\"@id\":\"https:\/\/www.nemogrill.si\/#organization\"},\"potentialAction\":[{\"@type\":\"SearchAction\",\"target\":{\"@type\":\"EntryPoint\",\"urlTemplate\":\"https:\/\/www.nemogrill.si\/?s={search_term_string}\"},\"query-input\":{\"@type\":\"PropertyValueSpecification\",\"valueRequired\":true,\"valueName\":\"search_term_string\"}}],\"inLanguage\":\"en-GB\"},{\"@type\":\"Organization\",\"@id\":\"https:\/\/www.nemogrill.si\/#organization\",\"name\":\"NemoGrill\",\"url\":\"https:\/\/www.nemogrill.si\/\",\"logo\":{\"@type\":\"ImageObject\",\"inLanguage\":\"en-GB\",\"@id\":\"https:\/\/www.nemogrill.si\/#\/schema\/logo\/image\/\",\"url\":\"https:\/\/nemogrill.si\/wp-content\/uploads\/2024\/04\/nemogrill-logo.png\",\"contentUrl\":\"https:\/\/nemogrill.si\/wp-content\/uploads\/2024\/04\/nemogrill-logo.png\",\"width\":505,\"height\":89,\"caption\":\"NemoGrill\"},\"image\":{\"@id\":\"https:\/\/www.nemogrill.si\/#\/schema\/logo\/image\/\"}}]}<\/script>\n<!-- \/ Yoast SEO plugin. -->","yoast_head_json":{"title":"Naro\u010dilo - NemoGrill","robots":{"index":"index","follow":"follow","max-snippet":"max-snippet:-1","max-image-preview":"max-image-preview:large","max-video-preview":"max-video-preview:-1"},"canonical":"https:\/\/www.nemogrill.si\/en\/narocilo\/","og_locale":"en_GB","og_type":"article","og_title":"Naro\u010dilo - NemoGrill","og_url":"https:\/\/www.nemogrill.si\/en\/narocilo\/","og_site_name":"NemoGrill","article_modified_time":"2024-05-28T19:42:29+00:00","twitter_card":"summary_large_image","twitter_misc":{"Estimated reading time":"3 minutes"},"schema":{"@context":"https:\/\/schema.org","@graph":[{"@type":"WebPage","@id":"https:\/\/www.nemogrill.si\/narocilo\/","url":"https:\/\/www.nemogrill.si\/narocilo\/","name":"Naro\u010dilo - NemoGrill","isPartOf":{"@id":"https:\/\/www.nemogrill.si\/#website"},"datePublished":"2024-04-18T19:03:17+00:00","dateModified":"2024-05-28T19:42:29+00:00","breadcrumb":{"@id":"https:\/\/www.nemogrill.si\/narocilo\/#breadcrumb"},"inLanguage":"en-GB","potentialAction":[{"@type":"ReadAction","target":["https:\/\/www.nemogrill.si\/narocilo\/"]}]},{"@type":"BreadcrumbList","@id":"https:\/\/www.nemogrill.si\/narocilo\/#breadcrumb","itemListElement":[{"@type":"ListItem","position":1,"name":"Domov","item":"https:\/\/www.nemogrill.si\/"},{"@type":"ListItem","position":2,"name":"Naro\u010dilo"}]},{"@type":"WebSite","@id":"https:\/\/www.nemogrill.si\/#website","url":"https:\/\/www.nemogrill.si\/","name":"NemoGrill","description":"Best grilling experience with friends!","publisher":{"@id":"https:\/\/www.nemogrill.si\/#organization"},"potentialAction":[{"@type":"SearchAction","target":{"@type":"EntryPoint","urlTemplate":"https:\/\/www.nemogrill.si\/?s={search_term_string}"},"query-input":{"@type":"PropertyValueSpecification","valueRequired":true,"valueName":"search_term_string"}}],"inLanguage":"en-GB"},{"@type":"Organization","@id":"https:\/\/www.nemogrill.si\/#organization","name":"NemoGrill","url":"https:\/\/www.nemogrill.si\/","logo":{"@type":"ImageObject","inLanguage":"en-GB","@id":"https:\/\/www.nemogrill.si\/#\/schema\/logo\/image\/","url":"https:\/\/nemogrill.si\/wp-content\/uploads\/2024\/04\/nemogrill-logo.png","contentUrl":"https:\/\/nemogrill.si\/wp-content\/uploads\/2024\/04\/nemogrill-logo.png","width":505,"height":89,"caption":"NemoGrill"},"image":{"@id":"https:\/\/www.nemogrill.si\/#\/schema\/logo\/image\/"}}]}},"uagb_featured_image_src":{"full":false,"thumbnail":false,"medium":false,"medium_large":false,"large":false,"1536x1536":false,"2048x2048":false,"trp-custom-language-flag":false},"uagb_author_info":{"display_name":"Rok Ladi\u010d","author_link":"https:\/\/www.nemogrill.si\/en\/author\/rok\/"},"uagb_comment_info":0,"uagb_excerpt":null,"_links":{"self":[{"href":"https:\/\/www.nemogrill.si\/en\/wp-json\/wp\/v2\/pages\/36","targetHints":{"allow":["GET"]}}],"collection":[{"href":"https:\/\/www.nemogrill.si\/en\/wp-json\/wp\/v2\/pages"}],"about":[{"href":"https:\/\/www.nemogrill.si\/en\/wp-json\/wp\/v2\/types\/page"}],"author":[{"embeddable":true,"href":"https:\/\/www.nemogrill.si\/en\/wp-json\/wp\/v2\/users\/2"}],"replies":[{"embeddable":true,"href":"https:\/\/www.nemogrill.si\/en\/wp-json\/wp\/v2\/comments?post=36"}],"version-history":[{"count":56,"href":"https:\/\/www.nemogrill.si\/en\/wp-json\/wp\/v2\/pages\/36\/revisions"}],"predecessor-version":[{"id":1090,"href":"https:\/\/www.nemogrill.si\/en\/wp-json\/wp\/v2\/pages\/36\/revisions\/1090"}],"wp:attachment":[{"href":"https:\/\/www.nemogrill.si\/en\/wp-json\/wp\/v2\/media?parent=36"}],"curies":[{"name":"wp","href":"https:\/\/api.w.org\/{rel}","templated":true}]}}