{"id":813,"date":"2024-05-16T22:16:19","date_gmt":"2024-05-16T20:16:19","guid":{"rendered":"https:\/\/nemogrill.si\/?page_id=813"},"modified":"2024-05-28T21:54:38","modified_gmt":"2024-05-28T19:54:38","slug":"set-za-peko-rib","status":"publish","type":"page","link":"https:\/\/www.nemogrill.si\/en\/set-za-peko-rib\/","title":{"rendered":"NemoGrill Set za peko rib"},"content":{"rendered":"<div class=\"wp-block-uagb-container uagb-block-i9tinjbp alignfull uagb-is-root-container\"><div class=\"uagb-container-inner-blocks-wrap\">\n<div class=\"wp-block-uagb-image alignleft uagb-block-5c1vovm1 wp-block-uagb-image--layout-default wp-block-uagb-image--effect-static wp-block-uagb-image--align-left\"><figure class=\"wp-block-uagb-image__figure\"><img decoding=\"async\" srcset=\"https:\/\/nemogrill.si\/wp-content\/uploads\/2024\/05\/IMG_3689-copy-Large-1024x682.jpeg ,https:\/\/nemogrill.si\/wp-content\/uploads\/2024\/05\/IMG_3689-copy-Large.jpeg 780w, https:\/\/nemogrill.si\/wp-content\/uploads\/2024\/05\/IMG_3689-copy-Large.jpeg 360w\" sizes=\"auto, (max-width: 480px) 150px\" src=\"https:\/\/nemogrill.si\/wp-content\/uploads\/2024\/05\/IMG_3689-copy-Large-1024x682.jpeg\" alt=\"\" class=\"uag-image-1087\" width=\"564\" height=\"423\" title=\"IMG_3689 copy Large\" loading=\"lazy\" role=\"img\"\/><\/figure><\/div>\n\n\n\n<div class=\"wp-block-uagb-container uagb-block-eh0hyo3b\">\n<div class=\"wp-block-uagb-info-box uagb-block-iv4hsl0l uagb-infobox__content-wrap  uagb-infobox-icon-above-title uagb-infobox-image-valign-top\"><div class=\"uagb-ifb-content\"><div class=\"uagb-ifb-title-wrap\"><p class=\"uagb-ifb-title-prefix\"><s>59\u20ac<\/s>\u280049\u20ac<\/p><h2 class=\"uagb-ifb-title\">Set za peko rib<\/h2><\/div><p class=\"uagb-ifb-desc\">Bukova deska in stojalo zagotavljata enostavno peko in najbolj\u0161i okus morskih specialitet.<\/p><\/div><\/div>\n\n\n\n<div class=\"wp-block-uagb-buttons uagb-buttons__outer-wrap uagb-btn__default-btn uagb-btn-tablet__default-btn uagb-btn-mobile__default-btn uagb-block-didcjwzz\"><div class=\"uagb-buttons__wrap uagb-buttons-layout-wrap\">\n<div class=\"wp-block-uagb-buttons-child uagb-buttons__outer-wrap uagb-block-d3319764 wp-block-button\"><div class=\"uagb-button__wrapper\"><a class=\"uagb-buttons-repeater wp-block-button__link\" aria-label=\"\" href=\"https:\/\/www.nemogrill.si\/en\/narocilo\/\" rel=\"follow noopener\" target=\"_self\" role=\"button\"><div class=\"uagb-button__link\">Naro\u010di<\/div><\/a><\/div><\/div>\n<\/div><\/div>\n<\/div>\n<\/div><\/div>\n\n\n\n<div class=\"wp-block-uagb-container uagb-block-hvghfbcw alignfull uagb-is-root-container\"><div class=\"uagb-container-inner-blocks-wrap\">\n<div class=\"wp-block-uagb-info-box uagb-block-0ebt99vz uagb-infobox__content-wrap  uagb-infobox-icon-above-title uagb-infobox-image-valign-top\"><div class=\"uagb-ifb-content\"><div class=\"uagb-ifb-title-wrap\"><p class=\"uagb-ifb-title-prefix\">nemogrill SET ZA PEKO RIB<\/p><h2 class=\"uagb-ifb-title\">Opis izdelka<\/h2><\/div><p class=\"uagb-ifb-desc\">NemoGrill Set za peko rib je namenjen <strong>peki rib ob odprtem ognju,<\/strong> kar zagotavlja so\u010dnost in enakomerno pe\u010denje. Po peki se riba lahko servira direktno na deski, kar odli\u010dno zaokro\u017ei uporabni\u0161ko izku\u0161njo.<br><br>Nosilci so iz nerjave\u010dega jekla z <strong>dolgo \u017eivljenjsko dobo<\/strong>, ki se jih <strong>enostavno o\u010disti.<\/strong> Edinstven patent zapenjanja omogo\u010da enostavno pritrditev ribe in nudi zadostno oporo med peko. Preprosta oblika omogo\u010da enostavno \u010di\u0161\u010denje in shranjevanje.<\/p><\/div><\/div>\n\n\n\n<div class=\"wp-block-uagb-slider uagb-block-c7e58f20 uagb-slider-container\"><div class=\"uagb-slides uagb-swiper\"><div class=\"swiper-wrapper\">\n<div class=\"wp-block-uagb-slider-child uagb-slider-child-wrap swiper-slide uagb-block-cf510a87\"><div class=\"swiper-content\">\n<div class=\"wp-block-uagb-container uagb-block-481b1470 alignfull uagb-is-root-container\"><div class=\"uagb-container-inner-blocks-wrap\">\n<div class=\"wp-block-uagb-info-box uagb-block-a7b01a30 uagb-infobox__content-wrap  uagb-infobox-icon-above-title uagb-infobox-image-valign-top\"><div class=\"uagb-ifb-content\"><div class=\"uagb-ifb-image-content\"><img decoding=\"async\" src=\"https:\/\/nemogrill.si\/wp-content\/uploads\/2024\/05\/DSCF4310-copy-Large-1024x682.jpeg\" alt=\"\" width=\"\" height=\"0\" loading=\"lazy\"\/><\/div><div class=\"uagb-ifb-title-wrap\"><\/div><\/div><\/div>\n<\/div><\/div>\n<\/div><\/div>\n\n\n\n<div class=\"wp-block-uagb-slider-child uagb-slider-child-wrap swiper-slide uagb-block-91b7358f\"><div class=\"swiper-content\">\n<div class=\"wp-block-uagb-container uagb-block-554dc6d6 alignfull uagb-is-root-container\"><div class=\"uagb-container-inner-blocks-wrap\">\n<div class=\"wp-block-uagb-info-box uagb-block-9de84bed uagb-infobox__content-wrap  uagb-infobox-icon-above-title uagb-infobox-image-valign-top\"><div class=\"uagb-ifb-content\"><div class=\"uagb-ifb-image-content\"><img decoding=\"async\" src=\"https:\/\/nemogrill.si\/wp-content\/uploads\/2024\/05\/DSCF4399-copy-Large-1024x682.jpeg\" alt=\"\" width=\"\" height=\"0\" loading=\"lazy\"\/><\/div><div class=\"uagb-ifb-title-wrap\"><\/div><\/div><\/div>\n<\/div><\/div>\n<\/div><\/div>\n\n\n\n<div class=\"wp-block-uagb-slider-child uagb-slider-child-wrap swiper-slide uagb-block-de6436ec\"><div class=\"swiper-content\">\n<div class=\"wp-block-uagb-container uagb-block-501e3075 alignfull uagb-is-root-container\"><div class=\"uagb-container-inner-blocks-wrap\">\n<div class=\"wp-block-uagb-info-box uagb-block-08d3926d uagb-infobox__content-wrap  uagb-infobox-icon-above-title uagb-infobox-image-valign-top\"><div class=\"uagb-ifb-content\"><div class=\"uagb-ifb-image-content\"><img decoding=\"async\" src=\"https:\/\/nemogrill.si\/wp-content\/uploads\/2024\/05\/DSCF4610-copy-Large-1024x682.jpeg\" alt=\"\" width=\"\" height=\"0\" loading=\"lazy\"\/><\/div><div class=\"uagb-ifb-title-wrap\"><\/div><\/div><\/div>\n<\/div><\/div>\n<\/div><\/div>\n\n\n\n<div class=\"wp-block-uagb-slider-child uagb-slider-child-wrap swiper-slide uagb-block-74dc6f7f\"><div class=\"swiper-content\">\n<div class=\"wp-block-uagb-container uagb-block-1d33cce6\">\n<div class=\"wp-block-uagb-info-box uagb-block-616bcfd9 uagb-infobox__content-wrap  uagb-infobox-icon-above-title uagb-infobox-image-valign-top\"><div class=\"uagb-ifb-content\"><div class=\"uagb-ifb-image-content\"><img decoding=\"async\" src=\"https:\/\/nemogrill.si\/wp-content\/uploads\/2024\/05\/DSCF4789-copy-Large-1024x682.jpeg\" alt=\"\" width=\"\" height=\"0\" loading=\"lazy\"\/><\/div><div class=\"uagb-ifb-title-wrap\"><\/div><\/div><\/div>\n<\/div>\n<\/div><\/div>\n\n\n\n<div class=\"wp-block-uagb-slider-child uagb-slider-child-wrap swiper-slide uagb-block-7e5b3b1a\"><div class=\"swiper-content\">\n<div class=\"wp-block-uagb-container uagb-block-4a833dae\">\n<div class=\"wp-block-uagb-info-box uagb-block-c865b1ee uagb-infobox__content-wrap  uagb-infobox-icon-above-title uagb-infobox-image-valign-top\"><div class=\"uagb-ifb-content\"><div class=\"uagb-ifb-image-content\"><img decoding=\"async\" src=\"https:\/\/nemogrill.si\/wp-content\/uploads\/2024\/05\/DSCF4570-copy-Large-1024x682.jpeg\" alt=\"\" width=\"\" height=\"0\" loading=\"lazy\"\/><\/div><div class=\"uagb-ifb-title-wrap\"><\/div><\/div><\/div>\n<\/div>\n<\/div><\/div>\n\n\n\n<div class=\"wp-block-uagb-slider-child uagb-slider-child-wrap swiper-slide uagb-block-5dd2ff4e\"><div class=\"swiper-content\">\n<div class=\"wp-block-uagb-container uagb-block-fe8b93c7\">\n<div class=\"wp-block-uagb-info-box uagb-block-cf37eb42 uagb-infobox__content-wrap  uagb-infobox-icon-above-title uagb-infobox-image-valign-top\"><div class=\"uagb-ifb-content\"><div class=\"uagb-ifb-image-content\"><img decoding=\"async\" src=\"https:\/\/nemogrill.si\/wp-content\/uploads\/2024\/05\/DSCF4835-copy-Large-1024x682.jpeg\" alt=\"\" width=\"\" height=\"0\" loading=\"lazy\"\/><\/div><div class=\"uagb-ifb-title-wrap\"><\/div><\/div><\/div>\n<\/div>\n<\/div><\/div>\n\n\n\n<div class=\"wp-block-uagb-slider-child uagb-slider-child-wrap swiper-slide uagb-block-7d8c5be7\"><div class=\"swiper-content\">\n<div class=\"wp-block-uagb-container uagb-block-77b28280\">\n<div class=\"wp-block-uagb-info-box uagb-block-1fa2d760 uagb-infobox__content-wrap  uagb-infobox-icon-above-title uagb-infobox-image-valign-top\"><div class=\"uagb-ifb-content\"><div class=\"uagb-ifb-image-content\"><img decoding=\"async\" src=\"https:\/\/nemogrill.si\/wp-content\/uploads\/2024\/05\/IMG_3679-copy-Large-1024x682.jpeg\" alt=\"\" width=\"\" height=\"0\" loading=\"lazy\"\/><\/div><div class=\"uagb-ifb-title-wrap\"><\/div><\/div><\/div>\n<\/div>\n<\/div><\/div>\n<\/div><\/div><div class=\"swiper-button-prev\"><\/div><div class=\"swiper-button-next\"><\/div><\/div>\n\n\n\n<div class=\"wp-block-uagb-advanced-heading uagb-block-b841d10f\"><h2 class=\"uagb-heading-text\">Tehni\u010dne specifikacije<\/h2><\/div>\n\n\n<div class=\"wp-block-group has-global-padding is-layout-constrained wp-block-group-is-layout-constrained swt-hide-mobile\">\n<div class=\"wp-block-uagb-container uagb-block-glvcwac4\">\n<div class=\"wp-block-uagb-container uagb-block-fpksgofb\">\n<div class=\"wp-block-group is-nowrap is-layout-flex wp-container-core-group-is-layout-6c531013 wp-block-group-is-layout-flex\">\n<div class=\"wp-block-uagb-container uagb-block-olloy6so\">\n<div class=\"wp-block-uagb-advanced-heading uagb-block-zzvvirsg\"><h2 class=\"uagb-heading-text\">Material<\/h2><\/div>\n<\/div>\n\n\n\n<div class=\"wp-block-uagb-container uagb-block-egq7hfg2\">\n<div class=\"wp-block-uagb-advanced-heading uagb-block-bfx7obrr\"><p class=\"uagb-heading-text\">nerjave&#269;e jeklo, bukova deska<\/p><\/div>\n<\/div>\n<\/div>\n<\/div>\n<\/div>\n\n\n\n<div class=\"wp-block-uagb-container uagb-block-5d1288d5\">\n<div class=\"wp-block-group is-nowrap is-layout-flex wp-container-core-group-is-layout-6c531013 wp-block-group-is-layout-flex\">\n<div class=\"wp-block-uagb-container uagb-block-2b7664e8\">\n<div class=\"wp-block-uagb-advanced-heading uagb-block-220804d6\"><h3 class=\"uagb-heading-text\">Velikost<\/h3><\/div>\n<\/div>\n\n\n\n<div class=\"wp-block-uagb-container uagb-block-26a887c7\">\n<div class=\"wp-block-uagb-advanced-heading uagb-block-2c3d451b\"><p class=\"uagb-heading-text\">550 x 180 x 20 mm<\/p><\/div>\n<\/div>\n<\/div>\n<\/div>\n\n\n\n<div class=\"wp-block-uagb-container uagb-block-3f875a5e\">\n<div class=\"wp-block-group is-nowrap is-layout-flex wp-container-core-group-is-layout-6c531013 wp-block-group-is-layout-flex\">\n<div class=\"wp-block-uagb-container uagb-block-c9cd937e\">\n<div class=\"wp-block-uagb-advanced-heading uagb-block-8f9842ee\"><h3 class=\"uagb-heading-text\">Te&#382;a<\/h3><\/div>\n<\/div>\n\n\n\n<div class=\"wp-block-uagb-container uagb-block-d81f65f5\">\n<div class=\"wp-block-uagb-advanced-heading uagb-block-61ae0fc5\"><p class=\"uagb-heading-text\">1 kg<\/p><\/div>\n<\/div>\n<\/div>\n<\/div>\n<\/div>\n<\/div><\/div>\n\n\n\n<div class=\"wp-block-uagb-container uag-hide-desktop uag-hide-tab uagb-layout-flex uagb-block-qiwkkmox alignfull uagb-is-root-container\"><div class=\"uagb-container-inner-blocks-wrap\">\n<div class=\"wp-block-uagb-info-box uagb-block-wqyl0oet uagb-infobox__content-wrap  uagb-infobox-icon-above-title uagb-infobox-image-valign-top\"><div class=\"uagb-ifb-content\"><div class=\"uagb-ifb-title-wrap\"><h4 class=\"uagb-ifb-title\">Material<\/h4><\/div><p class=\"uagb-ifb-desc\">nerjave\u010de jeklo, bukova deska<\/p><\/div><\/div>\n\n\n\n<div class=\"wp-block-uagb-info-box uagb-block-qe0v91st uagb-infobox__content-wrap  uagb-infobox-icon-above-title uagb-infobox-image-valign-top\"><div class=\"uagb-ifb-content\"><div class=\"uagb-ifb-title-wrap\"><h4 class=\"uagb-ifb-title\">Velikost<\/h4><\/div><p class=\"uagb-ifb-desc\">550 x 180 x 20 mm<\/p><\/div><\/div>\n\n\n\n<div class=\"wp-block-uagb-info-box uagb-block-ad3a9de6 uagb-infobox__content-wrap  uagb-infobox-icon-above-title uagb-infobox-image-valign-top\"><div class=\"uagb-ifb-content\"><div class=\"uagb-ifb-title-wrap\"><h4 class=\"uagb-ifb-title\">Te\u017ea<\/h4><\/div><p class=\"uagb-ifb-desc\">1 kg<\/p><\/div><\/div>\n<\/div><\/div>\n\n\n<div style=\"height:20px\" aria-hidden=\"true\" class=\"wp-block-spacer swt-hide-mobile\"><\/div>\n\n\n\n<div class=\"wp-block-uagb-container uagb-block-htnw1yzr alignfull uagb-is-root-container\"><div class=\"uagb-container-inner-blocks-wrap\">\n<div class=\"wp-block-uagb-info-box uagb-block-wh3ejdwp uagb-infobox__content-wrap  uagb-infobox-icon-left-title uagb-infobox-left uagb-infobox-image-valign-middle\"><div class=\"uagb-ifb-content\"><div class=\"uagb-ifb-left-title-image\"><div class=\"uagb-ifb-icon-wrap\"><svg xmlns=\"https:\/\/www.w3.org\/2000\/svg\" viewbox=\"0 0 512 512\"><path d=\"M502.6 182.6l-45.25-45.25C451.4 131.4 443.3 128 434.8 128H384V80C384 53.5 362.5 32 336 32h-160C149.5 32 128 53.5 128 80V128H77.25c-8.5 0-16.62 3.375-22.62 9.375L9.375 182.6C3.375 188.6 0 196.8 0 205.3V304h128v-32C128 263.1 135.1 256 144 256h32C184.9 256 192 263.1 192 272v32h128v-32C320 263.1 327.1 256 336 256h32C376.9 256 384 263.1 384 272v32h128V205.3C512 196.8 508.6 188.6 502.6 182.6zM336 128h-160V80h160V128zM384 368c0 8.875-7.125 16-16 16h-32c-8.875 0-16-7.125-16-16v-32H192v32C192 376.9 184.9 384 176 384h-32C135.1 384 128 376.9 128 368v-32H0V448c0 17.62 14.38 32 32 32h448c17.62 0 32-14.38 32-32v-112h-128V368z\"><\/path><\/svg><\/div><div class=\"uagb-ifb-title-wrap\"><h4 class=\"uagb-ifb-title\">Enostavna uporaba<\/h4><\/div><\/div><p class=\"uagb-ifb-desc\">Izredno enostavna uporaba brez potrebnega predznanja<\/p><\/div><\/div>\n\n\n\n<div class=\"wp-block-uagb-info-box uagb-block-7dekucus uagb-infobox__content-wrap  uagb-infobox-icon-left-title uagb-infobox-left uagb-infobox-image-valign-middle\"><div class=\"uagb-ifb-content\"><div class=\"uagb-ifb-left-title-image\"><div class=\"uagb-ifb-icon-wrap\"><svg xmlns=\"https:\/\/www.w3.org\/2000\/svg\" viewbox=\"0 0 512 512\"><path d=\"M177.9 494.1C159.2 512.8 128.8 512.8 110.1 494.1L17.94 401.9C-.8054 383.2-.8054 352.8 17.94 334.1L68.69 283.3L116.7 331.3C122.9 337.6 133.1 337.6 139.3 331.3C145.6 325.1 145.6 314.9 139.3 308.7L91.31 260.7L132.7 219.3L180.7 267.3C186.9 273.6 197.1 273.6 203.3 267.3C209.6 261.1 209.6 250.9 203.3 244.7L155.3 196.7L196.7 155.3L244.7 203.3C250.9 209.6 261.1 209.6 267.3 203.3C273.6 197.1 273.6 186.9 267.3 180.7L219.3 132.7L260.7 91.31L308.7 139.3C314.9 145.6 325.1 145.6 331.3 139.3C337.6 133.1 337.6 122.9 331.3 116.7L283.3 68.69L334.1 17.94C352.8-.8055 383.2-.8055 401.9 17.94L494.1 110.1C512.8 128.8 512.8 159.2 494.1 177.9L177.9 494.1z\"><\/path><\/svg><\/div><div class=\"uagb-ifb-title-wrap\"><h4 class=\"uagb-ifb-title\">Prilagodljiv naklon<\/h4><\/div><\/div><p class=\"uagb-ifb-desc\">Enostavno 3- stopenjsko spreminjanje naklona peke<\/p><\/div><\/div>\n\n\n\n<div class=\"wp-block-uagb-info-box uagb-block-2959a6e9 uagb-infobox__content-wrap  uagb-infobox-icon-left-title uagb-infobox-left uagb-infobox-image-valign-middle\"><div class=\"uagb-ifb-content\"><div class=\"uagb-ifb-left-title-image\"><div class=\"uagb-ifb-icon-wrap\"><svg xmlns=\"https:\/\/www.w3.org\/2000\/svg\" viewbox=\"0 0 448 512\"><path d=\"M221.6 148.7C224.7 161.3 224.8 174.5 222.1 187.2C219.3 199.1 213.6 211.9 205.6 222.1C191.1 238.6 173 249.1 151.1 254.1V472C151.1 482.6 147.8 492.8 140.3 500.3C132.8 507.8 122.6 512 111.1 512C101.4 512 91.22 507.8 83.71 500.3C76.21 492.8 71.1 482.6 71.1 472V254.1C50.96 250.1 31.96 238.9 18.3 222.4C10.19 212.2 4.529 200.3 1.755 187.5C-1.019 174.7-.8315 161.5 2.303 148.8L32.51 12.45C33.36 8.598 35.61 5.197 38.82 2.9C42.02 .602 45.97-.4297 49.89 .0026C53.82 .4302 57.46 2.303 60.1 5.259C62.74 8.214 64.18 12.04 64.16 16V160H81.53L98.62 11.91C99.02 8.635 100.6 5.621 103.1 3.434C105.5 1.248 108.7 .0401 111.1 .0401C115.3 .0401 118.5 1.248 120.9 3.434C123.4 5.621 124.1 8.635 125.4 11.91L142.5 160H159.1V16C159.1 12.07 161.4 8.268 163.1 5.317C166.6 2.366 170.2 .474 174.1 .0026C178-.4262 181.1 .619 185.2 2.936C188.4 5.253 190.6 8.677 191.5 12.55L221.6 148.7zM448 472C448 482.6 443.8 492.8 436.3 500.3C428.8 507.8 418.6 512 408 512C397.4 512 387.2 507.8 379.7 500.3C372.2 492.8 368 482.6 368 472V352H351.2C342.8 352 334.4 350.3 326.6 347.1C318.9 343.8 311.8 339.1 305.8 333.1C299.9 327.1 295.2 320 291.1 312.2C288.8 304.4 287.2 296 287.2 287.6L287.1 173.8C288 136.9 299.1 100.8 319.8 70.28C340.5 39.71 369.8 16.05 404.1 2.339C408.1 .401 414.2-.3202 419.4 .2391C424.6 .7982 429.6 2.62 433.9 5.546C438.2 8.472 441.8 12.41 444.2 17.03C446.7 21.64 447.1 26.78 448 32V472z\"><\/path><\/svg><\/div><div class=\"uagb-ifb-title-wrap\"><h4 class=\"uagb-ifb-title\">Brez prelaganja<\/h4><\/div><\/div><p class=\"uagb-ifb-desc\">Postrezite direktno na deski<\/p><\/div><\/div>\n<\/div><\/div>\n\n\n<div style=\"height:20px\" aria-hidden=\"true\" class=\"wp-block-spacer swt-hide-mobile\"><\/div>\n\n\n\n<div class=\"wp-block-uagb-container uagb-block-n8fohrue alignfull uagb-is-root-container\"><div class=\"uagb-container-inner-blocks-wrap\">\n<div data-aos= \"fade-up\" data-aos-duration=\"400\" data-aos-delay=\"0\" data-aos-easing=\"ease\" data-aos-once=\"true\" class=\"wp-block-uagb-container uagb-block-zssniyll alignfull uagb-is-root-container\"><div class=\"uagb-container-inner-blocks-wrap\">\n<div class=\"wp-block-uagb-info-box uagb-block-ccpqiadt uagb-infobox__content-wrap  uagb-infobox-icon-above-title uagb-infobox-image-valign-top\"><div class=\"uagb-ifb-content\"><div class=\"uagb-ifb-title-wrap\"><h3 class=\"uagb-ifb-title\">Naro\u010dite \u017ear zase in za svoje prijatelje in stopite v stik z nami.<\/h3><\/div><\/div><\/div>\n\n\n\n<div class=\"wp-block-uagb-buttons uagb-buttons__outer-wrap uagb-btn__default-btn uagb-btn-tablet__default-btn uagb-btn-mobile__default-btn uagb-block-rcvcaa0z\"><div class=\"uagb-buttons__wrap uagb-buttons-layout-wrap\">\n<div class=\"wp-block-uagb-buttons-child uagb-buttons__outer-wrap uagb-block-v0njrmmq wp-block-button\"><div class=\"uagb-button__wrapper\"><a class=\"uagb-buttons-repeater wp-block-button__link\" aria-label=\"\" href=\"https:\/\/www.nemogrill.si\/en\/narocilo\/\" rel=\"follow noopener\" target=\"_self\" role=\"button\"><div class=\"uagb-button__link\">Naro\u010di<\/div><\/a><\/div><\/div>\n<\/div><\/div>\n<\/div><\/div>\n<\/div><\/div>","protected":false},"excerpt":{"rendered":"<p>Tehni\u010dne specifikacije Material nerjave\u010de jeklo, bukova deska Velikost 550 x 180 x 20 mm Te\u017ea 1 kg<\/p>","protected":false},"author":2,"featured_media":0,"parent":0,"menu_order":0,"comment_status":"closed","ping_status":"closed","template":"","meta":{"_uag_custom_page_level_css":"","_swt_meta_header_display":false,"_swt_meta_footer_display":false,"_swt_meta_site_title_display":true,"_swt_meta_sticky_header":false,"_swt_meta_transparent_header":false,"footnotes":""},"class_list":["post-813","page","type-page","status-publish","hentry"],"yoast_head":"<!-- This site is optimized with the Yoast SEO plugin v25.0 - https:\/\/yoast.com\/wordpress\/plugins\/seo\/ -->\n<title>NemoGrill Set za peko rib - NemoGrill<\/title>\n<meta name=\"robots\" content=\"index, follow, max-snippet:-1, max-image-preview:large, max-video-preview:-1\" \/>\n<link rel=\"canonical\" href=\"https:\/\/www.nemogrill.si\/en\/set-za-peko-rib\/\" \/>\n<meta property=\"og:locale\" content=\"en_GB\" \/>\n<meta property=\"og:type\" content=\"article\" \/>\n<meta property=\"og:title\" content=\"NemoGrill Set za peko rib - NemoGrill\" \/>\n<meta property=\"og:description\" content=\"Tehni\u010dne specifikacije Material nerjave\u010de jeklo, bukova deska Velikost 550 x 180 x 20 mm Te\u017ea 1 kg\" \/>\n<meta property=\"og:url\" content=\"https:\/\/www.nemogrill.si\/en\/set-za-peko-rib\/\" \/>\n<meta property=\"og:site_name\" content=\"NemoGrill\" \/>\n<meta property=\"article:modified_time\" content=\"2024-05-28T19:54:38+00:00\" \/>\n<meta property=\"og:image\" content=\"https:\/\/nemogrill.si\/wp-content\/uploads\/2024\/05\/IMG_3689-copy-Large-1024x682.jpeg\" \/>\n<meta name=\"twitter:card\" content=\"summary_large_image\" \/>\n<meta name=\"twitter:label1\" content=\"Estimated reading time\" \/>\n\t<meta name=\"twitter:data1\" content=\"3 minutes\" \/>\n<script type=\"application\/ld+json\" class=\"yoast-schema-graph\">{\"@context\":\"https:\/\/schema.org\",\"@graph\":[{\"@type\":\"WebPage\",\"@id\":\"https:\/\/www.nemogrill.si\/set-za-peko-rib\/\",\"url\":\"https:\/\/www.nemogrill.si\/set-za-peko-rib\/\",\"name\":\"NemoGrill Set za peko rib - NemoGrill\",\"isPartOf\":{\"@id\":\"https:\/\/www.nemogrill.si\/#website\"},\"primaryImageOfPage\":{\"@id\":\"https:\/\/www.nemogrill.si\/set-za-peko-rib\/#primaryimage\"},\"image\":{\"@id\":\"https:\/\/www.nemogrill.si\/set-za-peko-rib\/#primaryimage\"},\"thumbnailUrl\":\"https:\/\/nemogrill.si\/wp-content\/uploads\/2024\/05\/IMG_3689-copy-Large-1024x682.jpeg\",\"datePublished\":\"2024-05-16T20:16:19+00:00\",\"dateModified\":\"2024-05-28T19:54:38+00:00\",\"breadcrumb\":{\"@id\":\"https:\/\/www.nemogrill.si\/set-za-peko-rib\/#breadcrumb\"},\"inLanguage\":\"en-GB\",\"potentialAction\":[{\"@type\":\"ReadAction\",\"target\":[\"https:\/\/www.nemogrill.si\/set-za-peko-rib\/\"]}]},{\"@type\":\"ImageObject\",\"inLanguage\":\"en-GB\",\"@id\":\"https:\/\/www.nemogrill.si\/set-za-peko-rib\/#primaryimage\",\"url\":\"https:\/\/nemogrill.si\/wp-content\/uploads\/2024\/05\/IMG_3689-copy-Large-1024x682.jpeg\",\"contentUrl\":\"https:\/\/nemogrill.si\/wp-content\/uploads\/2024\/05\/IMG_3689-copy-Large-1024x682.jpeg\"},{\"@type\":\"BreadcrumbList\",\"@id\":\"https:\/\/www.nemogrill.si\/set-za-peko-rib\/#breadcrumb\",\"itemListElement\":[{\"@type\":\"ListItem\",\"position\":1,\"name\":\"Domov\",\"item\":\"https:\/\/www.nemogrill.si\/\"},{\"@type\":\"ListItem\",\"position\":2,\"name\":\"NemoGrill Set za peko rib\"}]},{\"@type\":\"WebSite\",\"@id\":\"https:\/\/www.nemogrill.si\/#website\",\"url\":\"https:\/\/www.nemogrill.si\/\",\"name\":\"NemoGrill\",\"description\":\"Best grilling experience with friends!\",\"publisher\":{\"@id\":\"https:\/\/www.nemogrill.si\/#organization\"},\"potentialAction\":[{\"@type\":\"SearchAction\",\"target\":{\"@type\":\"EntryPoint\",\"urlTemplate\":\"https:\/\/www.nemogrill.si\/?s={search_term_string}\"},\"query-input\":{\"@type\":\"PropertyValueSpecification\",\"valueRequired\":true,\"valueName\":\"search_term_string\"}}],\"inLanguage\":\"en-GB\"},{\"@type\":\"Organization\",\"@id\":\"https:\/\/www.nemogrill.si\/#organization\",\"name\":\"NemoGrill\",\"url\":\"https:\/\/www.nemogrill.si\/\",\"logo\":{\"@type\":\"ImageObject\",\"inLanguage\":\"en-GB\",\"@id\":\"https:\/\/www.nemogrill.si\/#\/schema\/logo\/image\/\",\"url\":\"https:\/\/nemogrill.si\/wp-content\/uploads\/2024\/04\/nemogrill-logo.png\",\"contentUrl\":\"https:\/\/nemogrill.si\/wp-content\/uploads\/2024\/04\/nemogrill-logo.png\",\"width\":505,\"height\":89,\"caption\":\"NemoGrill\"},\"image\":{\"@id\":\"https:\/\/www.nemogrill.si\/#\/schema\/logo\/image\/\"}}]}<\/script>\n<!-- \/ Yoast SEO plugin. -->","yoast_head_json":{"title":"NemoGrill Set za peko rib - NemoGrill","robots":{"index":"index","follow":"follow","max-snippet":"max-snippet:-1","max-image-preview":"max-image-preview:large","max-video-preview":"max-video-preview:-1"},"canonical":"https:\/\/www.nemogrill.si\/en\/set-za-peko-rib\/","og_locale":"en_GB","og_type":"article","og_title":"NemoGrill Set za peko rib - NemoGrill","og_description":"Tehni\u010dne specifikacije Material nerjave\u010de jeklo, bukova deska Velikost 550 x 180 x 20 mm Te\u017ea 1 kg","og_url":"https:\/\/www.nemogrill.si\/en\/set-za-peko-rib\/","og_site_name":"NemoGrill","article_modified_time":"2024-05-28T19:54:38+00:00","og_image":[{"url":"https:\/\/nemogrill.si\/wp-content\/uploads\/2024\/05\/IMG_3689-copy-Large-1024x682.jpeg","type":"","width":"","height":""}],"twitter_card":"summary_large_image","twitter_misc":{"Estimated reading time":"3 minutes"},"schema":{"@context":"https:\/\/schema.org","@graph":[{"@type":"WebPage","@id":"https:\/\/www.nemogrill.si\/set-za-peko-rib\/","url":"https:\/\/www.nemogrill.si\/set-za-peko-rib\/","name":"NemoGrill Set za peko rib - NemoGrill","isPartOf":{"@id":"https:\/\/www.nemogrill.si\/#website"},"primaryImageOfPage":{"@id":"https:\/\/www.nemogrill.si\/set-za-peko-rib\/#primaryimage"},"image":{"@id":"https:\/\/www.nemogrill.si\/set-za-peko-rib\/#primaryimage"},"thumbnailUrl":"https:\/\/nemogrill.si\/wp-content\/uploads\/2024\/05\/IMG_3689-copy-Large-1024x682.jpeg","datePublished":"2024-05-16T20:16:19+00:00","dateModified":"2024-05-28T19:54:38+00:00","breadcrumb":{"@id":"https:\/\/www.nemogrill.si\/set-za-peko-rib\/#breadcrumb"},"inLanguage":"en-GB","potentialAction":[{"@type":"ReadAction","target":["https:\/\/www.nemogrill.si\/set-za-peko-rib\/"]}]},{"@type":"ImageObject","inLanguage":"en-GB","@id":"https:\/\/www.nemogrill.si\/set-za-peko-rib\/#primaryimage","url":"https:\/\/nemogrill.si\/wp-content\/uploads\/2024\/05\/IMG_3689-copy-Large-1024x682.jpeg","contentUrl":"https:\/\/nemogrill.si\/wp-content\/uploads\/2024\/05\/IMG_3689-copy-Large-1024x682.jpeg"},{"@type":"BreadcrumbList","@id":"https:\/\/www.nemogrill.si\/set-za-peko-rib\/#breadcrumb","itemListElement":[{"@type":"ListItem","position":1,"name":"Domov","item":"https:\/\/www.nemogrill.si\/"},{"@type":"ListItem","position":2,"name":"NemoGrill Set za peko rib"}]},{"@type":"WebSite","@id":"https:\/\/www.nemogrill.si\/#website","url":"https:\/\/www.nemogrill.si\/","name":"NemoGrill","description":"Best grilling experience with friends!","publisher":{"@id":"https:\/\/www.nemogrill.si\/#organization"},"potentialAction":[{"@type":"SearchAction","target":{"@type":"EntryPoint","urlTemplate":"https:\/\/www.nemogrill.si\/?s={search_term_string}"},"query-input":{"@type":"PropertyValueSpecification","valueRequired":true,"valueName":"search_term_string"}}],"inLanguage":"en-GB"},{"@type":"Organization","@id":"https:\/\/www.nemogrill.si\/#organization","name":"NemoGrill","url":"https:\/\/www.nemogrill.si\/","logo":{"@type":"ImageObject","inLanguage":"en-GB","@id":"https:\/\/www.nemogrill.si\/#\/schema\/logo\/image\/","url":"https:\/\/nemogrill.si\/wp-content\/uploads\/2024\/04\/nemogrill-logo.png","contentUrl":"https:\/\/nemogrill.si\/wp-content\/uploads\/2024\/04\/nemogrill-logo.png","width":505,"height":89,"caption":"NemoGrill"},"image":{"@id":"https:\/\/www.nemogrill.si\/#\/schema\/logo\/image\/"}}]}},"uagb_featured_image_src":{"full":false,"thumbnail":false,"medium":false,"medium_large":false,"large":false,"1536x1536":false,"2048x2048":false,"trp-custom-language-flag":false},"uagb_author_info":{"display_name":"Rok Ladi\u010d","author_link":"https:\/\/www.nemogrill.si\/en\/author\/rok\/"},"uagb_comment_info":0,"uagb_excerpt":"Tehni\u010dne specifikacije Material nerjave\u010de jeklo, bukova deska Velikost 550 x 180 x 20 mm Te\u017ea 1 kg","_links":{"self":[{"href":"https:\/\/www.nemogrill.si\/en\/wp-json\/wp\/v2\/pages\/813","targetHints":{"allow":["GET"]}}],"collection":[{"href":"https:\/\/www.nemogrill.si\/en\/wp-json\/wp\/v2\/pages"}],"about":[{"href":"https:\/\/www.nemogrill.si\/en\/wp-json\/wp\/v2\/types\/page"}],"author":[{"embeddable":true,"href":"https:\/\/www.nemogrill.si\/en\/wp-json\/wp\/v2\/users\/2"}],"replies":[{"embeddable":true,"href":"https:\/\/www.nemogrill.si\/en\/wp-json\/wp\/v2\/comments?post=813"}],"version-history":[{"count":9,"href":"https:\/\/www.nemogrill.si\/en\/wp-json\/wp\/v2\/pages\/813\/revisions"}],"predecessor-version":[{"id":1101,"href":"https:\/\/www.nemogrill.si\/en\/wp-json\/wp\/v2\/pages\/813\/revisions\/1101"}],"wp:attachment":[{"href":"https:\/\/www.nemogrill.si\/en\/wp-json\/wp\/v2\/media?parent=813"}],"curies":[{"name":"wp","href":"https:\/\/api.w.org\/{rel}","templated":true}]}}