{"id":124,"date":"2024-04-18T22:27:52","date_gmt":"2024-04-18T20:27:52","guid":{"rendered":"https:\/\/nemogrill.si\/?page_id=124"},"modified":"2024-05-14T21:26:23","modified_gmt":"2024-05-14T19:26:23","slug":"splosni-pogoji","status":"publish","type":"page","link":"https:\/\/www.nemogrill.si\/sl\/splosni-pogoji\/","title":{"rendered":"Splo\u0161ni pogoji"},"content":{"rendered":"\n<div class=\"wp-block-uagb-container uagb-block-rvs9evlr alignfull uagb-is-root-container\"><div class=\"uagb-container-inner-blocks-wrap\">\n<div class=\"wp-block-uagb-info-box uagb-block-h0qfjzq3 uagb-infobox__content-wrap  uagb-infobox-icon-above-title uagb-infobox-image-valign-top\"><div class=\"uagb-ifb-content\"><div class=\"uagb-ifb-title-wrap\"><h6 class=\"uagb-ifb-title-prefix\">NemoGrill<\/h6><h2 class=\"uagb-ifb-title\">Splo\u0161ni pogoji<\/h2><\/div><p class=\"uagb-ifb-desc\">Zadnja posodobitev: 18. April 2024<br><br>Prosimo, preberite te Splo\u0161ne pogoje (&#8220;Pogoji&#8221;, &#8220;Pogoji uporabe&#8221;) skrbno, preden uporabljate spletno mesto<a href=\"http:\/\/www.nemogrill.si\/\"> www.nemogrill.si<\/a> (v nadaljevanju &#8220;Storitev&#8221;), ki jo upravlja Dr. Nemo (&#8220;nas&#8221;, &#8220;mi&#8221; ali &#8220;na\u0161i&#8221;). Va\u0161 dostop do in uporaba Storitve sta pogojena s sprejetjem in spo\u0161tovanjem teh pogojev. Ti pogoji veljajo za vse obiskovalce, uporabnike in druge osebe, ki dostopajo ali uporabljajo Storitev.<br><br>Z dostopom ali uporabo Storitve se strinjate, da ste vezani s temi pogoji. \u010ce se s katerim koli delom pogojev ne strinjate, do Storitve ne smete dostopati.<\/p><\/div><\/div>\n\n\n\n<div class=\"wp-block-uagb-faq uagb-faq__outer-wrap uagb-block-eegxfrpa uagb-faq-icon-row-reverse uagb-faq-layout-accordion uagb-faq-expand-first-false uagb-faq-inactive-other-true uagb-faq__wrap uagb-buttons-layout-wrap uagb-faq-equal-height\" data-faqtoggle=\"true\" role=\"tablist\"><script type=\"application\/ld+json\">{\"@context\":\"https:\/\/schema.org\",\"@type\":\"FAQPage\",\"@id\":\"https:\/\/nemogrill.si\/splosni-pogoji\/\",\"mainEntity\":[{\"@type\":\"Question\",\"name\":\"&lt;strong>Intelektualna lastnina&lt;\/strong>\",\"acceptedAnswer\":{\"@type\":\"Answer\",\"text\":\"Storitev in njena izvirna vsebina, funkcije in funkcionalnosti so in bodo ostali izklju\u010dna last dr. Nema in njegovih licencodajalcev.\"}},{\"@type\":\"Question\",\"name\":\"&lt;strong>Povezave do drugih spletnih mest&lt;\/strong>\",\"acceptedAnswer\":{\"@type\":\"Answer\",\"text\":\"Na\u0161a Storitev lahko vsebuje povezave do spletnih mest ali storitev tretjih oseb, ki niso v lasti ali pod nadzorom Dr. Nema.&lt;br>&lt;br>Dr. Nemo nima nadzora nad vsebino, pravilniki zasebnosti ali praksami katerihkoli spletnih mest ali storitev tretjih oseb. Nadalje priznavate in se strinjate, da dr. Nemo ni odgovoren, neposredno ali posredno, za kakr\u0161nokoli \u0161kodo ali izgubo, ki naj bi bila povzro\u010dena ali naj bi bila povezana z uporabo ali zana\u0161anjem na katero koli tak\u0161no vsebino, blago ali storitve, ki so na voljo na ali prek tak\u0161nih spletnih mest ali storitev.&lt;br>Mo\u010dno vam svetujemo, da preberete pogoje in dolo\u010dila ter pravilnike zasebnosti vseh spletnih mest ali storitev tretjih oseb, ki jih obi\u0161\u010dete.\"}},{\"@type\":\"Question\",\"name\":\"&lt;strong>Prenehanje&lt;\/strong>\",\"acceptedAnswer\":{\"@type\":\"Answer\",\"text\":\"Pridr\u017eujemo si pravico, da kadarkoli in brez predhodnega obvestila ali odgovornosti prekinemo ali suspendiramo dostop do na\u0161e Storitve iz kakr\u0161nega koli razloga, vklju\u010dno \u010de kr\u0161ite te pogoje.&lt;br>&lt;br>Vse dolo\u010dbe teh pogojev, ki po svoji naravi morajo pre\u017eiveti prenehanje, bodo pre\u017eivele prenehanje, vklju\u010dno a ne izklju\u010dno brez omejitev, dolo\u010dbe o lastni\u0161tvu, izklju\u010ditve jamstev, obveznosti zavarovanja in omejitve odgovornosti.\"}},{\"@type\":\"Question\",\"name\":\"&lt;strong>Veljavno pravo&lt;\/strong>\",\"acceptedAnswer\":{\"@type\":\"Answer\",\"text\":\"Ti pogoji se urejajo in razlagajo v skladu s pravnimi predpisi Slovenije, ne glede na njen konflikt pravnih dolo\u010db.&lt;br>&lt;br>Na\u0161e neizvajanje kakr\u0161nih koli pravic ali dolo\u010db teh pogojev se ne bo \u0161telo za odstopanje od teh pravic. \u010ce katera koli dolo\u010dba teh pogojev s strani sodi\u0161\u010da velja za neveljavno ali neizvr\u0161ljivo, bodo preostale dolo\u010dbe teh pogojev ostale v veljavi. Ti pogoji predstavljajo celoten sporazum med nami glede na\u0161e Storitve in nadomestijo vse predhodne sporazume med nami glede Storitve.\"}},{\"@type\":\"Question\",\"name\":\"&lt;strong>Spremembe&lt;\/strong>\",\"acceptedAnswer\":{\"@type\":\"Answer\",\"text\":\"Pridr\u017eujemo si pravico, da po lastni presoji kadar koli spremenimo ali zamenjamo te pogoje. \u010ce je revizija bistvena, bomo posku\u0161ali zagotoviti vsaj 30-dnevno obvestilo pred za\u010detkom veljavnosti novih pogojev. Kaj predstavlja bistveno spremembo, bo dolo\u010deno po na\u0161i lastni presoji.&lt;br>&lt;br>Z nadaljnjo uporabo ali dostopom do na\u0161e Storitve po za\u010detku veljavnosti teh sprememb se strinjate, da ste vezani z novimi pogoji. \u010ce se ne strinjate z novimi pogoji, prosimo, prenehajte uporabljati Storitev.\"}},{\"@type\":\"Question\",\"name\":\"&lt;strong>Kontakt&lt;\/strong>\",\"acceptedAnswer\":{\"@type\":\"Answer\",\"text\":\"\u010ce imate kakr\u0161na koli vpra\u0161anja glede teh Splo\u0161nih pogojev, nas kontaktirajte.\"}}]}<\/script>\n<div class=\"wp-block-uagb-faq-child uagb-faq-child__outer-wrap uagb-faq-item uagb-block-oyitejj2\" role=\"tab\" tabindex=\"0\"><div class=\"uagb-faq-questions-button uagb-faq-questions\"><span class=\"uagb-icon uagb-faq-icon-wrap\"><svg xmlns=\"https:\/\/www.w3.org\/2000\/svg\" viewBox=\"0 0 448 512\"><path d=\"M224 416c-8.188 0-16.38-3.125-22.62-9.375l-192-192c-12.5-12.5-12.5-32.75 0-45.25s32.75-12.5 45.25 0L224 338.8l169.4-169.4c12.5-12.5 32.75-12.5 45.25 0s12.5 32.75 0 45.25l-192 192C240.4 412.9 232.2 416 224 416z\"><\/path><\/svg><\/span><span class=\"uagb-icon-active uagb-faq-icon-wrap\"><svg xmlns=\"https:\/\/www.w3.org\/2000\/svg\" viewBox=\"0 0 448 512\"><path d=\"M416 352c-8.188 0-16.38-3.125-22.62-9.375L224 173.3l-169.4 169.4c-12.5 12.5-32.75 12.5-45.25 0s-12.5-32.75 0-45.25l192-192c12.5-12.5 32.75-12.5 45.25 0l192 192c12.5 12.5 12.5 32.75 0 45.25C432.4 348.9 424.2 352 416 352z\"><\/path><\/svg><\/span><p class=\"uagb-question\"><strong>Intelektualna lastnina<\/strong><\/p><\/div><div class=\"uagb-faq-content\"><p>Storitev in njena izvirna vsebina, funkcije in funkcionalnosti so in bodo ostali izklju\u010dna last dr. Nema in njegovih licencodajalcev.<\/p><\/div><\/div>\n\n\n\n<div class=\"wp-block-uagb-faq-child uagb-faq-child__outer-wrap uagb-faq-item uagb-block-jy5nae7y\" role=\"tab\" tabindex=\"0\"><div class=\"uagb-faq-questions-button uagb-faq-questions\"><span class=\"uagb-icon uagb-faq-icon-wrap\"><svg xmlns=\"https:\/\/www.w3.org\/2000\/svg\" viewBox=\"0 0 448 512\"><path d=\"M224 416c-8.188 0-16.38-3.125-22.62-9.375l-192-192c-12.5-12.5-12.5-32.75 0-45.25s32.75-12.5 45.25 0L224 338.8l169.4-169.4c12.5-12.5 32.75-12.5 45.25 0s12.5 32.75 0 45.25l-192 192C240.4 412.9 232.2 416 224 416z\"><\/path><\/svg><\/span><span class=\"uagb-icon-active uagb-faq-icon-wrap\"><svg xmlns=\"https:\/\/www.w3.org\/2000\/svg\" viewBox=\"0 0 448 512\"><path d=\"M416 352c-8.188 0-16.38-3.125-22.62-9.375L224 173.3l-169.4 169.4c-12.5 12.5-32.75 12.5-45.25 0s-12.5-32.75 0-45.25l192-192c12.5-12.5 32.75-12.5 45.25 0l192 192c12.5 12.5 12.5 32.75 0 45.25C432.4 348.9 424.2 352 416 352z\"><\/path><\/svg><\/span><p class=\"uagb-question\"><strong>Povezave do drugih spletnih mest<\/strong><\/p><\/div><div class=\"uagb-faq-content\"><p>Na\u0161a Storitev lahko vsebuje povezave do spletnih mest ali storitev tretjih oseb, ki niso v lasti ali pod nadzorom Dr. Nema.<br><br>Dr. Nemo nima nadzora nad vsebino, pravilniki zasebnosti ali praksami katerihkoli spletnih mest ali storitev tretjih oseb. Nadalje priznavate in se strinjate, da dr. Nemo ni odgovoren, neposredno ali posredno, za kakr\u0161nokoli \u0161kodo ali izgubo, ki naj bi bila povzro\u010dena ali naj bi bila povezana z uporabo ali zana\u0161anjem na katero koli tak\u0161no vsebino, blago ali storitve, ki so na voljo na ali prek tak\u0161nih spletnih mest ali storitev.<br>Mo\u010dno vam svetujemo, da preberete pogoje in dolo\u010dila ter pravilnike zasebnosti vseh spletnih mest ali storitev tretjih oseb, ki jih obi\u0161\u010dete.<\/p><\/div><\/div>\n\n\n\n<div class=\"wp-block-uagb-faq-child uagb-faq-child__outer-wrap uagb-faq-item uagb-block-xoikdw6m\" role=\"tab\" tabindex=\"0\"><div class=\"uagb-faq-questions-button uagb-faq-questions\"><span class=\"uagb-icon uagb-faq-icon-wrap\"><svg xmlns=\"https:\/\/www.w3.org\/2000\/svg\" viewBox=\"0 0 448 512\"><path d=\"M224 416c-8.188 0-16.38-3.125-22.62-9.375l-192-192c-12.5-12.5-12.5-32.75 0-45.25s32.75-12.5 45.25 0L224 338.8l169.4-169.4c12.5-12.5 32.75-12.5 45.25 0s12.5 32.75 0 45.25l-192 192C240.4 412.9 232.2 416 224 416z\"><\/path><\/svg><\/span><span class=\"uagb-icon-active uagb-faq-icon-wrap\"><svg xmlns=\"https:\/\/www.w3.org\/2000\/svg\" viewBox=\"0 0 448 512\"><path d=\"M416 352c-8.188 0-16.38-3.125-22.62-9.375L224 173.3l-169.4 169.4c-12.5 12.5-32.75 12.5-45.25 0s-12.5-32.75 0-45.25l192-192c12.5-12.5 32.75-12.5 45.25 0l192 192c12.5 12.5 12.5 32.75 0 45.25C432.4 348.9 424.2 352 416 352z\"><\/path><\/svg><\/span><p class=\"uagb-question\"><strong>Prenehanje<\/strong><\/p><\/div><div class=\"uagb-faq-content\"><p>Pridr\u017eujemo si pravico, da kadarkoli in brez predhodnega obvestila ali odgovornosti prekinemo ali suspendiramo dostop do na\u0161e Storitve iz kakr\u0161nega koli razloga, vklju\u010dno \u010de kr\u0161ite te pogoje.<br><br>Vse dolo\u010dbe teh pogojev, ki po svoji naravi morajo pre\u017eiveti prenehanje, bodo pre\u017eivele prenehanje, vklju\u010dno a ne izklju\u010dno brez omejitev, dolo\u010dbe o lastni\u0161tvu, izklju\u010ditve jamstev, obveznosti zavarovanja in omejitve odgovornosti.<\/p><\/div><\/div>\n\n\n\n<div class=\"wp-block-uagb-faq-child uagb-faq-child__outer-wrap uagb-faq-item uagb-block-w7imgsmw\" role=\"tab\" tabindex=\"0\"><div class=\"uagb-faq-questions-button uagb-faq-questions\"><span class=\"uagb-icon uagb-faq-icon-wrap\"><svg xmlns=\"https:\/\/www.w3.org\/2000\/svg\" viewBox=\"0 0 448 512\"><path d=\"M224 416c-8.188 0-16.38-3.125-22.62-9.375l-192-192c-12.5-12.5-12.5-32.75 0-45.25s32.75-12.5 45.25 0L224 338.8l169.4-169.4c12.5-12.5 32.75-12.5 45.25 0s12.5 32.75 0 45.25l-192 192C240.4 412.9 232.2 416 224 416z\"><\/path><\/svg><\/span><span class=\"uagb-icon-active uagb-faq-icon-wrap\"><svg xmlns=\"https:\/\/www.w3.org\/2000\/svg\" viewBox=\"0 0 448 512\"><path d=\"M416 352c-8.188 0-16.38-3.125-22.62-9.375L224 173.3l-169.4 169.4c-12.5 12.5-32.75 12.5-45.25 0s-12.5-32.75 0-45.25l192-192c12.5-12.5 32.75-12.5 45.25 0l192 192c12.5 12.5 12.5 32.75 0 45.25C432.4 348.9 424.2 352 416 352z\"><\/path><\/svg><\/span><p class=\"uagb-question\"><strong>Veljavno pravo<\/strong><\/p><\/div><div class=\"uagb-faq-content\"><p>Ti pogoji se urejajo in razlagajo v skladu s pravnimi predpisi Slovenije, ne glede na njen konflikt pravnih dolo\u010db.<br><br>Na\u0161e neizvajanje kakr\u0161nih koli pravic ali dolo\u010db teh pogojev se ne bo \u0161telo za odstopanje od teh pravic. \u010ce katera koli dolo\u010dba teh pogojev s strani sodi\u0161\u010da velja za neveljavno ali neizvr\u0161ljivo, bodo preostale dolo\u010dbe teh pogojev ostale v veljavi. Ti pogoji predstavljajo celoten sporazum med nami glede na\u0161e Storitve in nadomestijo vse predhodne sporazume med nami glede Storitve.<\/p><\/div><\/div>\n\n\n\n<div class=\"wp-block-uagb-faq-child uagb-faq-child__outer-wrap uagb-faq-item uagb-block-dx5gyugf\" role=\"tab\" tabindex=\"0\"><div class=\"uagb-faq-questions-button uagb-faq-questions\"><span class=\"uagb-icon uagb-faq-icon-wrap\"><svg xmlns=\"https:\/\/www.w3.org\/2000\/svg\" viewBox=\"0 0 448 512\"><path d=\"M224 416c-8.188 0-16.38-3.125-22.62-9.375l-192-192c-12.5-12.5-12.5-32.75 0-45.25s32.75-12.5 45.25 0L224 338.8l169.4-169.4c12.5-12.5 32.75-12.5 45.25 0s12.5 32.75 0 45.25l-192 192C240.4 412.9 232.2 416 224 416z\"><\/path><\/svg><\/span><span class=\"uagb-icon-active uagb-faq-icon-wrap\"><svg xmlns=\"https:\/\/www.w3.org\/2000\/svg\" viewBox=\"0 0 448 512\"><path d=\"M416 352c-8.188 0-16.38-3.125-22.62-9.375L224 173.3l-169.4 169.4c-12.5 12.5-32.75 12.5-45.25 0s-12.5-32.75 0-45.25l192-192c12.5-12.5 32.75-12.5 45.25 0l192 192c12.5 12.5 12.5 32.75 0 45.25C432.4 348.9 424.2 352 416 352z\"><\/path><\/svg><\/span><p class=\"uagb-question\"><strong>Spremembe<\/strong><\/p><\/div><div class=\"uagb-faq-content\"><p>Pridr\u017eujemo si pravico, da po lastni presoji kadar koli spremenimo ali zamenjamo te pogoje. \u010ce je revizija bistvena, bomo posku\u0161ali zagotoviti vsaj 30-dnevno obvestilo pred za\u010detkom veljavnosti novih pogojev. Kaj predstavlja bistveno spremembo, bo dolo\u010deno po na\u0161i lastni presoji.<br><br>Z nadaljnjo uporabo ali dostopom do na\u0161e Storitve po za\u010detku veljavnosti teh sprememb se strinjate, da ste vezani z novimi pogoji. \u010ce se ne strinjate z novimi pogoji, prosimo, prenehajte uporabljati Storitev.<\/p><\/div><\/div>\n\n\n\n<div class=\"wp-block-uagb-faq-child uagb-faq-child__outer-wrap uagb-faq-item uagb-block-bc57c3dd\" role=\"tab\" tabindex=\"0\"><div class=\"uagb-faq-questions-button uagb-faq-questions\"><span class=\"uagb-icon uagb-faq-icon-wrap\"><svg xmlns=\"https:\/\/www.w3.org\/2000\/svg\" viewBox=\"0 0 448 512\"><path d=\"M224 416c-8.188 0-16.38-3.125-22.62-9.375l-192-192c-12.5-12.5-12.5-32.75 0-45.25s32.75-12.5 45.25 0L224 338.8l169.4-169.4c12.5-12.5 32.75-12.5 45.25 0s12.5 32.75 0 45.25l-192 192C240.4 412.9 232.2 416 224 416z\"><\/path><\/svg><\/span><span class=\"uagb-icon-active uagb-faq-icon-wrap\"><svg xmlns=\"https:\/\/www.w3.org\/2000\/svg\" viewBox=\"0 0 448 512\"><path d=\"M416 352c-8.188 0-16.38-3.125-22.62-9.375L224 173.3l-169.4 169.4c-12.5 12.5-32.75 12.5-45.25 0s-12.5-32.75 0-45.25l192-192c12.5-12.5 32.75-12.5 45.25 0l192 192c12.5 12.5 12.5 32.75 0 45.25C432.4 348.9 424.2 352 416 352z\"><\/path><\/svg><\/span><p class=\"uagb-question\"><strong>Kontakt<\/strong><\/p><\/div><div class=\"uagb-faq-content\"><p>\u010ce imate kakr\u0161na koli vpra\u0161anja glede teh Splo\u0161nih pogojev, nas kontaktirajte.<\/p><\/div><\/div>\n<\/div>\n<\/div><\/div>\n","protected":false},"excerpt":{"rendered":"","protected":false},"author":2,"featured_media":0,"parent":0,"menu_order":0,"comment_status":"closed","ping_status":"closed","template":"","meta":{"_uag_custom_page_level_css":"","_swt_meta_header_display":false,"_swt_meta_footer_display":false,"_swt_meta_site_title_display":true,"_swt_meta_sticky_header":false,"_swt_meta_transparent_header":false,"footnotes":""},"class_list":["post-124","page","type-page","status-publish","hentry"],"yoast_head":"<!-- This site is optimized with the Yoast SEO plugin v25.0 - https:\/\/yoast.com\/wordpress\/plugins\/seo\/ -->\n<title>Splo\u0161ni pogoji - NemoGrill<\/title>\n<meta name=\"robots\" content=\"index, follow, max-snippet:-1, max-image-preview:large, max-video-preview:-1\" \/>\n<link rel=\"canonical\" href=\"https:\/\/www.nemogrill.si\/sl\/splosni-pogoji\/\" \/>\n<meta property=\"og:locale\" content=\"sl_SI\" \/>\n<meta property=\"og:type\" content=\"article\" \/>\n<meta property=\"og:title\" content=\"Splo\u0161ni pogoji - NemoGrill\" \/>\n<meta property=\"og:url\" content=\"https:\/\/www.nemogrill.si\/sl\/splosni-pogoji\/\" \/>\n<meta property=\"og:site_name\" content=\"NemoGrill\" \/>\n<meta property=\"article:modified_time\" content=\"2024-05-14T19:26:23+00:00\" \/>\n<meta name=\"twitter:card\" content=\"summary_large_image\" \/>\n<meta name=\"twitter:label1\" content=\"Est. reading time\" \/>\n\t<meta name=\"twitter:data1\" content=\"2 minuti\" \/>\n<script type=\"application\/ld+json\" class=\"yoast-schema-graph\">{\"@context\":\"https:\/\/schema.org\",\"@graph\":[{\"@type\":\"WebPage\",\"@id\":\"https:\/\/www.nemogrill.si\/splosni-pogoji\/\",\"url\":\"https:\/\/www.nemogrill.si\/splosni-pogoji\/\",\"name\":\"Splo\u0161ni pogoji - NemoGrill\",\"isPartOf\":{\"@id\":\"https:\/\/www.nemogrill.si\/#website\"},\"datePublished\":\"2024-04-18T20:27:52+00:00\",\"dateModified\":\"2024-05-14T19:26:23+00:00\",\"breadcrumb\":{\"@id\":\"https:\/\/www.nemogrill.si\/splosni-pogoji\/#breadcrumb\"},\"inLanguage\":\"sl-SI\",\"potentialAction\":[{\"@type\":\"ReadAction\",\"target\":[\"https:\/\/www.nemogrill.si\/splosni-pogoji\/\"]}]},{\"@type\":\"BreadcrumbList\",\"@id\":\"https:\/\/www.nemogrill.si\/splosni-pogoji\/#breadcrumb\",\"itemListElement\":[{\"@type\":\"ListItem\",\"position\":1,\"name\":\"Domov\",\"item\":\"https:\/\/www.nemogrill.si\/\"},{\"@type\":\"ListItem\",\"position\":2,\"name\":\"Splo\u0161ni pogoji\"}]},{\"@type\":\"WebSite\",\"@id\":\"https:\/\/www.nemogrill.si\/#website\",\"url\":\"https:\/\/www.nemogrill.si\/\",\"name\":\"NemoGrill\",\"description\":\"Best grilling experience with friends!\",\"publisher\":{\"@id\":\"https:\/\/www.nemogrill.si\/#organization\"},\"potentialAction\":[{\"@type\":\"SearchAction\",\"target\":{\"@type\":\"EntryPoint\",\"urlTemplate\":\"https:\/\/www.nemogrill.si\/?s={search_term_string}\"},\"query-input\":{\"@type\":\"PropertyValueSpecification\",\"valueRequired\":true,\"valueName\":\"search_term_string\"}}],\"inLanguage\":\"sl-SI\"},{\"@type\":\"Organization\",\"@id\":\"https:\/\/www.nemogrill.si\/#organization\",\"name\":\"NemoGrill\",\"url\":\"https:\/\/www.nemogrill.si\/\",\"logo\":{\"@type\":\"ImageObject\",\"inLanguage\":\"sl-SI\",\"@id\":\"https:\/\/www.nemogrill.si\/#\/schema\/logo\/image\/\",\"url\":\"https:\/\/nemogrill.si\/wp-content\/uploads\/2024\/04\/nemogrill-logo.png\",\"contentUrl\":\"https:\/\/nemogrill.si\/wp-content\/uploads\/2024\/04\/nemogrill-logo.png\",\"width\":505,\"height\":89,\"caption\":\"NemoGrill\"},\"image\":{\"@id\":\"https:\/\/www.nemogrill.si\/#\/schema\/logo\/image\/\"}}]}<\/script>\n<!-- \/ Yoast SEO plugin. -->","yoast_head_json":{"title":"Splo\u0161ni pogoji - NemoGrill","robots":{"index":"index","follow":"follow","max-snippet":"max-snippet:-1","max-image-preview":"max-image-preview:large","max-video-preview":"max-video-preview:-1"},"canonical":"https:\/\/www.nemogrill.si\/sl\/splosni-pogoji\/","og_locale":"sl_SI","og_type":"article","og_title":"Splo\u0161ni pogoji - NemoGrill","og_url":"https:\/\/www.nemogrill.si\/sl\/splosni-pogoji\/","og_site_name":"NemoGrill","article_modified_time":"2024-05-14T19:26:23+00:00","twitter_card":"summary_large_image","twitter_misc":{"Est. reading time":"2 minuti"},"schema":{"@context":"https:\/\/schema.org","@graph":[{"@type":"WebPage","@id":"https:\/\/www.nemogrill.si\/splosni-pogoji\/","url":"https:\/\/www.nemogrill.si\/splosni-pogoji\/","name":"Splo\u0161ni pogoji - NemoGrill","isPartOf":{"@id":"https:\/\/www.nemogrill.si\/#website"},"datePublished":"2024-04-18T20:27:52+00:00","dateModified":"2024-05-14T19:26:23+00:00","breadcrumb":{"@id":"https:\/\/www.nemogrill.si\/splosni-pogoji\/#breadcrumb"},"inLanguage":"sl-SI","potentialAction":[{"@type":"ReadAction","target":["https:\/\/www.nemogrill.si\/splosni-pogoji\/"]}]},{"@type":"BreadcrumbList","@id":"https:\/\/www.nemogrill.si\/splosni-pogoji\/#breadcrumb","itemListElement":[{"@type":"ListItem","position":1,"name":"Domov","item":"https:\/\/www.nemogrill.si\/"},{"@type":"ListItem","position":2,"name":"Splo\u0161ni pogoji"}]},{"@type":"WebSite","@id":"https:\/\/www.nemogrill.si\/#website","url":"https:\/\/www.nemogrill.si\/","name":"NemoGrill","description":"Best grilling experience with friends!","publisher":{"@id":"https:\/\/www.nemogrill.si\/#organization"},"potentialAction":[{"@type":"SearchAction","target":{"@type":"EntryPoint","urlTemplate":"https:\/\/www.nemogrill.si\/?s={search_term_string}"},"query-input":{"@type":"PropertyValueSpecification","valueRequired":true,"valueName":"search_term_string"}}],"inLanguage":"sl-SI"},{"@type":"Organization","@id":"https:\/\/www.nemogrill.si\/#organization","name":"NemoGrill","url":"https:\/\/www.nemogrill.si\/","logo":{"@type":"ImageObject","inLanguage":"sl-SI","@id":"https:\/\/www.nemogrill.si\/#\/schema\/logo\/image\/","url":"https:\/\/nemogrill.si\/wp-content\/uploads\/2024\/04\/nemogrill-logo.png","contentUrl":"https:\/\/nemogrill.si\/wp-content\/uploads\/2024\/04\/nemogrill-logo.png","width":505,"height":89,"caption":"NemoGrill"},"image":{"@id":"https:\/\/www.nemogrill.si\/#\/schema\/logo\/image\/"}}]}},"uagb_featured_image_src":{"full":false,"thumbnail":false,"medium":false,"medium_large":false,"large":false,"1536x1536":false,"2048x2048":false,"trp-custom-language-flag":false},"uagb_author_info":{"display_name":"Rok Ladi\u010d","author_link":"https:\/\/www.nemogrill.si\/sl\/author\/rok\/"},"uagb_comment_info":0,"uagb_excerpt":null,"_links":{"self":[{"href":"https:\/\/www.nemogrill.si\/sl\/wp-json\/wp\/v2\/pages\/124","targetHints":{"allow":["GET"]}}],"collection":[{"href":"https:\/\/www.nemogrill.si\/sl\/wp-json\/wp\/v2\/pages"}],"about":[{"href":"https:\/\/www.nemogrill.si\/sl\/wp-json\/wp\/v2\/types\/page"}],"author":[{"embeddable":true,"href":"https:\/\/www.nemogrill.si\/sl\/wp-json\/wp\/v2\/users\/2"}],"replies":[{"embeddable":true,"href":"https:\/\/www.nemogrill.si\/sl\/wp-json\/wp\/v2\/comments?post=124"}],"version-history":[{"count":7,"href":"https:\/\/www.nemogrill.si\/sl\/wp-json\/wp\/v2\/pages\/124\/revisions"}],"predecessor-version":[{"id":680,"href":"https:\/\/www.nemogrill.si\/sl\/wp-json\/wp\/v2\/pages\/124\/revisions\/680"}],"wp:attachment":[{"href":"https:\/\/www.nemogrill.si\/sl\/wp-json\/wp\/v2\/media?parent=124"}],"curies":[{"name":"wp","href":"https:\/\/api.w.org\/{rel}","templated":true}]}}