{"id":3,"date":"2024-04-15T12:01:36","date_gmt":"2024-04-15T12:01:36","guid":{"rendered":"https:\/\/nemogrill.si\/?page_id=3"},"modified":"2024-05-24T21:46:18","modified_gmt":"2024-05-24T19:46:18","slug":"politika-zasebnosti","status":"publish","type":"page","link":"https:\/\/www.nemogrill.si\/sl\/politika-zasebnosti\/","title":{"rendered":"Politika zasebnosti"},"content":{"rendered":"\n<div class=\"wp-block-uagb-container uagb-block-dlspkkma alignfull uagb-is-root-container\"><div class=\"uagb-container-inner-blocks-wrap\">\n<div class=\"wp-block-uagb-info-box uagb-block-xcslenof uagb-infobox__content-wrap  uagb-infobox-icon-above-title uagb-infobox-image-valign-top\"><div class=\"uagb-ifb-content\"><div class=\"uagb-ifb-title-wrap\"><h6 class=\"uagb-ifb-title-prefix\">NemoGrill<\/h6><h2 class=\"uagb-ifb-title\">Politika zasebnosti<\/h2><\/div><p class=\"uagb-ifb-desc\">Zadnja posodobitev: 18. April 2024<br><br>Dr. Nemo (&#8220;mi&#8221;, &#8220;nas&#8221; ali &#8220;na\u0161a&#8221;) upravlja spletno mesto<a href=\"http:\/\/www.nemogrill.si\/\"> www.nemogrill.si<\/a> (v nadaljevanju &#8220;Storitev&#8221;). Ta stran vam obve\u0161\u010da o na\u0161ih pravilih glede zbiranja, uporabe in razkritja osebnih podatkov pri uporabi na\u0161e Storitve. Va\u0161ih informacij ne bomo uporabili ali delili z nikomer, razen kot je opisano v tej Politiki zasebnosti.<br><br>Va\u0161e osebne podatke uporabljamo za zagotavljanje in izbolj\u0161evanje Storitve. Z uporabo Storitve se strinjate z zbiranjem in uporabo informacij v skladu s to politiko. Razen \u010de ni druga\u010de opredeljeno v tej Politiki zasebnosti, imajo izrazi, uporabljeni v tej Politiki zasebnosti, enak pomen kot v na\u0161ih Splo\u0161nih pogojih, dosegljivih na <a href=\"https:\/\/nemogrill.si\/splosni-pogoji\">www.nemogrill.si<\/a>.<\/p><\/div><\/div>\n\n\n\n<div class=\"wp-block-uagb-faq uagb-faq__outer-wrap uagb-block-1ywusvt0 uagb-faq-icon-row-reverse uagb-faq-layout-accordion uagb-faq-expand-first-false uagb-faq-inactive-other-true uagb-faq__wrap uagb-buttons-layout-wrap uagb-faq-equal-height\" data-faqtoggle=\"true\" role=\"tablist\">\n<div class=\"wp-block-uagb-faq-child uagb-faq-child__outer-wrap uagb-faq-item uagb-block-4xa3b5xa\" role=\"tab\" tabindex=\"0\"><div class=\"uagb-faq-questions-button uagb-faq-questions\"><span class=\"uagb-icon uagb-faq-icon-wrap\"><svg xmlns=\"https:\/\/www.w3.org\/2000\/svg\" viewBox=\"0 0 448 512\"><path d=\"M224 416c-8.188 0-16.38-3.125-22.62-9.375l-192-192c-12.5-12.5-12.5-32.75 0-45.25s32.75-12.5 45.25 0L224 338.8l169.4-169.4c12.5-12.5 32.75-12.5 45.25 0s12.5 32.75 0 45.25l-192 192C240.4 412.9 232.2 416 224 416z\"><\/path><\/svg><\/span><span class=\"uagb-icon-active uagb-faq-icon-wrap\"><svg xmlns=\"https:\/\/www.w3.org\/2000\/svg\" viewBox=\"0 0 448 512\"><path d=\"M416 352c-8.188 0-16.38-3.125-22.62-9.375L224 173.3l-169.4 169.4c-12.5 12.5-32.75 12.5-45.25 0s-12.5-32.75 0-45.25l192-192c12.5-12.5 32.75-12.5 45.25 0l192 192c12.5 12.5 12.5 32.75 0 45.25C432.4 348.9 424.2 352 416 352z\"><\/path><\/svg><\/span><p class=\"uagb-question\"><strong>Zbiranje in uporaba informacij<\/strong><\/p><\/div><div class=\"uagb-faq-content\"><p>Med uporabo na\u0161e Storitve vas lahko prosimo, da nam posredujete dolo\u010dene osebno identificirajo\u010de informacije, ki se lahko uporabijo za stik ali va\u0161o identifikacijo. Osebno identificirajo\u010de informacije (&#8220;Osebne informacije&#8221;) lahko vklju\u010dujejo, vendar niso omejene na: Ime, Priimek, E-po\u0161tni naslov<\/p><\/div><\/div>\n\n\n\n<div class=\"wp-block-uagb-faq-child uagb-faq-child__outer-wrap uagb-faq-item uagb-block-100iquky\" role=\"tab\" tabindex=\"0\"><div class=\"uagb-faq-questions-button uagb-faq-questions\"><span class=\"uagb-icon uagb-faq-icon-wrap\"><svg xmlns=\"https:\/\/www.w3.org\/2000\/svg\" viewBox=\"0 0 448 512\"><path d=\"M224 416c-8.188 0-16.38-3.125-22.62-9.375l-192-192c-12.5-12.5-12.5-32.75 0-45.25s32.75-12.5 45.25 0L224 338.8l169.4-169.4c12.5-12.5 32.75-12.5 45.25 0s12.5 32.75 0 45.25l-192 192C240.4 412.9 232.2 416 224 416z\"><\/path><\/svg><\/span><span class=\"uagb-icon-active uagb-faq-icon-wrap\"><svg xmlns=\"https:\/\/www.w3.org\/2000\/svg\" viewBox=\"0 0 448 512\"><path d=\"M416 352c-8.188 0-16.38-3.125-22.62-9.375L224 173.3l-169.4 169.4c-12.5 12.5-32.75 12.5-45.25 0s-12.5-32.75 0-45.25l192-192c12.5-12.5 32.75-12.5 45.25 0l192 192c12.5 12.5 12.5 32.75 0 45.25C432.4 348.9 424.2 352 416 352z\"><\/path><\/svg><\/span><p class=\"uagb-question\"><strong>Podatki dnevnika<\/strong><\/p><\/div><div class=\"uagb-faq-content\"><p>Zbiramo informacije, ki jih va\u0161 brskalnik po\u0161ilja vsaki\u010d, ko obi\u0161\u010dete na\u0161o Storitev (&#8220;Podatki dnevnika&#8221;). Te podatke dnevnika lahko vklju\u010dujejo informacije, kot so naslov va\u0161ega ra\u010dunalnika Internet Protocol (&#8220;IP&#8221;), vrsta brskalnika, razli\u010dica brskalnika, strani na\u0161e Storitve, ki ste jih obiskali, \u010das in datum va\u0161ega obiska, \u010das, ki ste ga porabili na teh straneh, in druge statistike.<\/p><\/div><\/div>\n\n\n\n<div class=\"wp-block-uagb-faq-child uagb-faq-child__outer-wrap uagb-faq-item uagb-block-xkv1ynqp\" role=\"tab\" tabindex=\"0\"><div class=\"uagb-faq-questions-button uagb-faq-questions\"><span class=\"uagb-icon uagb-faq-icon-wrap\"><svg xmlns=\"https:\/\/www.w3.org\/2000\/svg\" viewBox=\"0 0 448 512\"><path d=\"M224 416c-8.188 0-16.38-3.125-22.62-9.375l-192-192c-12.5-12.5-12.5-32.75 0-45.25s32.75-12.5 45.25 0L224 338.8l169.4-169.4c12.5-12.5 32.75-12.5 45.25 0s12.5 32.75 0 45.25l-192 192C240.4 412.9 232.2 416 224 416z\"><\/path><\/svg><\/span><span class=\"uagb-icon-active uagb-faq-icon-wrap\"><svg xmlns=\"https:\/\/www.w3.org\/2000\/svg\" viewBox=\"0 0 448 512\"><path d=\"M416 352c-8.188 0-16.38-3.125-22.62-9.375L224 173.3l-169.4 169.4c-12.5 12.5-32.75 12.5-45.25 0s-12.5-32.75 0-45.25l192-192c12.5-12.5 32.75-12.5 45.25 0l192 192c12.5 12.5 12.5 32.75 0 45.25C432.4 348.9 424.2 352 416 352z\"><\/path><\/svg><\/span><p class=\"uagb-question\"><strong>Pi\u0161kotki<\/strong><\/p><\/div><div class=\"uagb-faq-content\"><p>Pi\u0161kotki so datoteke z majhno koli\u010dino podatkov, ki lahko vklju\u010dujejo anonimni edinstven identifikator. Pi\u0161kotke po\u0161ilja spletno mesto na va\u0161 brskalnik in jih shrani na trdi disk va\u0161ega ra\u010dunalnika.<br><br>Uporabljamo &#8220;Pi\u0161kotke&#8221; za zbiranje informacij. Svojemu brskalniku lahko naro\u010dite, da zavrne vse pi\u0161kotke ali da vas opozori, kadar so pi\u0161kotki poslani. Vendar pa, \u010de pi\u0161kotkov ne sprejmete, morda ne boste mogli uporabljati nekaterih delov na\u0161e Storitve.<\/p><\/div><\/div>\n\n\n\n<div class=\"wp-block-uagb-faq-child uagb-faq-child__outer-wrap uagb-faq-item uagb-block-jbqrrgnb\" role=\"tab\" tabindex=\"0\"><div class=\"uagb-faq-questions-button uagb-faq-questions\"><span class=\"uagb-icon uagb-faq-icon-wrap\"><svg xmlns=\"https:\/\/www.w3.org\/2000\/svg\" viewBox=\"0 0 448 512\"><path d=\"M224 416c-8.188 0-16.38-3.125-22.62-9.375l-192-192c-12.5-12.5-12.5-32.75 0-45.25s32.75-12.5 45.25 0L224 338.8l169.4-169.4c12.5-12.5 32.75-12.5 45.25 0s12.5 32.75 0 45.25l-192 192C240.4 412.9 232.2 416 224 416z\"><\/path><\/svg><\/span><span class=\"uagb-icon-active uagb-faq-icon-wrap\"><svg xmlns=\"https:\/\/www.w3.org\/2000\/svg\" viewBox=\"0 0 448 512\"><path d=\"M416 352c-8.188 0-16.38-3.125-22.62-9.375L224 173.3l-169.4 169.4c-12.5 12.5-32.75 12.5-45.25 0s-12.5-32.75 0-45.25l192-192c12.5-12.5 32.75-12.5 45.25 0l192 192c12.5 12.5 12.5 32.75 0 45.25C432.4 348.9 424.2 352 416 352z\"><\/path><\/svg><\/span><p class=\"uagb-question\"><strong>Ponudniki storitev<\/strong><\/p><\/div><div class=\"uagb-faq-content\"><p>Lahko zaposlimo tretje podjetje in posameznike, da olaj\u0161ajo na\u0161o Storitev, zagotavljajo Storitev v na\u0161em imenu, izvajajo storitve povezane s Storitvijo ali nam pomagajo analizirati, kako se uporablja na\u0161a Storitev.<br><br>Te tretje strani imajo dostop do va\u0161ih Osebnih informacij le za izvajanje teh nalog v na\u0161em imenu in so dol\u017ene, da jih ne razkrivajo ali uporabljajo za noben drug namen.<\/p><\/div><\/div>\n\n\n\n<div class=\"wp-block-uagb-faq-child uagb-faq-child__outer-wrap uagb-faq-item uagb-block-cwoadjda\" role=\"tab\" tabindex=\"0\"><div class=\"uagb-faq-questions-button uagb-faq-questions\"><span class=\"uagb-icon uagb-faq-icon-wrap\"><svg xmlns=\"https:\/\/www.w3.org\/2000\/svg\" viewBox=\"0 0 448 512\"><path d=\"M224 416c-8.188 0-16.38-3.125-22.62-9.375l-192-192c-12.5-12.5-12.5-32.75 0-45.25s32.75-12.5 45.25 0L224 338.8l169.4-169.4c12.5-12.5 32.75-12.5 45.25 0s12.5 32.75 0 45.25l-192 192C240.4 412.9 232.2 416 224 416z\"><\/path><\/svg><\/span><span class=\"uagb-icon-active uagb-faq-icon-wrap\"><svg xmlns=\"https:\/\/www.w3.org\/2000\/svg\" viewBox=\"0 0 448 512\"><path d=\"M416 352c-8.188 0-16.38-3.125-22.62-9.375L224 173.3l-169.4 169.4c-12.5 12.5-32.75 12.5-45.25 0s-12.5-32.75 0-45.25l192-192c12.5-12.5 32.75-12.5 45.25 0l192 192c12.5 12.5 12.5 32.75 0 45.25C432.4 348.9 424.2 352 416 352z\"><\/path><\/svg><\/span><p class=\"uagb-question\"><strong>Varnost<\/strong><\/p><\/div><div class=\"uagb-faq-content\"><p>Varnost va\u0161ih Osebnih informacij je pomembna za nas, vendar pa si zapomnite, da noben na\u010din prenosa preko interneta ali elektronskega shranjevanja ni stoodstotno varen. \u010ceprav si prizadevamo uporabiti komercialno sprejemljive metode za za\u0161\u010dito va\u0161ih Osebnih informacij, ne moremo zagotoviti njihove popolne varnosti.<\/p><\/div><\/div>\n\n\n\n<div class=\"wp-block-uagb-faq-child uagb-faq-child__outer-wrap uagb-faq-item uagb-block-e72331d5\" role=\"tab\" tabindex=\"0\"><div class=\"uagb-faq-questions-button uagb-faq-questions\"><span class=\"uagb-icon uagb-faq-icon-wrap\"><svg xmlns=\"https:\/\/www.w3.org\/2000\/svg\" viewBox=\"0 0 448 512\"><path d=\"M224 416c-8.188 0-16.38-3.125-22.62-9.375l-192-192c-12.5-12.5-12.5-32.75 0-45.25s32.75-12.5 45.25 0L224 338.8l169.4-169.4c12.5-12.5 32.75-12.5 45.25 0s12.5 32.75 0 45.25l-192 192C240.4 412.9 232.2 416 224 416z\"><\/path><\/svg><\/span><span class=\"uagb-icon-active uagb-faq-icon-wrap\"><svg xmlns=\"https:\/\/www.w3.org\/2000\/svg\" viewBox=\"0 0 448 512\"><path d=\"M416 352c-8.188 0-16.38-3.125-22.62-9.375L224 173.3l-169.4 169.4c-12.5 12.5-32.75 12.5-45.25 0s-12.5-32.75 0-45.25l192-192c12.5-12.5 32.75-12.5 45.25 0l192 192c12.5 12.5 12.5 32.75 0 45.25C432.4 348.9 424.2 352 416 352z\"><\/path><\/svg><\/span><p class=\"uagb-question\"><strong>Povezave do drugih spletnih strani<\/strong><\/p><\/div><div class=\"uagb-faq-content\"><p>Na\u0161a Storitev lahko vsebuje povezave do drugih spletnih strani, ki niso v na\u0161i lasti ali pod na\u0161im nadzorom. \u010ce kliknete na povezavo tretje strani, boste usmerjeni na spletno mesto tretje strani. Mo\u010dno vam svetujemo, da pregledate Politiko zasebnosti vsakega spletnega mesta, ki ga obi\u0161\u010dete.<br><br>Nimamo nadzora nad in ne prevzemamo nobene odgovornosti za vsebino, politike zasebnosti ali prakse spletnih strani ali storitev tretjih oseb.<\/p><\/div><\/div>\n\n\n\n<div class=\"wp-block-uagb-faq-child uagb-faq-child__outer-wrap uagb-faq-item uagb-block-50736086\" role=\"tab\" tabindex=\"0\"><div class=\"uagb-faq-questions-button uagb-faq-questions\"><span class=\"uagb-icon uagb-faq-icon-wrap\"><svg xmlns=\"https:\/\/www.w3.org\/2000\/svg\" viewBox=\"0 0 448 512\"><path d=\"M224 416c-8.188 0-16.38-3.125-22.62-9.375l-192-192c-12.5-12.5-12.5-32.75 0-45.25s32.75-12.5 45.25 0L224 338.8l169.4-169.4c12.5-12.5 32.75-12.5 45.25 0s12.5 32.75 0 45.25l-192 192C240.4 412.9 232.2 416 224 416z\"><\/path><\/svg><\/span><span class=\"uagb-icon-active uagb-faq-icon-wrap\"><svg xmlns=\"https:\/\/www.w3.org\/2000\/svg\" viewBox=\"0 0 448 512\"><path d=\"M416 352c-8.188 0-16.38-3.125-22.62-9.375L224 173.3l-169.4 169.4c-12.5 12.5-32.75 12.5-45.25 0s-12.5-32.75 0-45.25l192-192c12.5-12.5 32.75-12.5 45.25 0l192 192c12.5 12.5 12.5 32.75 0 45.25C432.4 348.9 424.2 352 416 352z\"><\/path><\/svg><\/span><p class=\"uagb-question\"><strong>Spo\u0161tovanje zakonov<\/strong><\/p><\/div><div class=\"uagb-faq-content\"><p>Razkrite bodo va\u0161e Osebne informacije, kjer je to zahtevano z zakonom ali sodnim pozivom.<\/p><\/div><\/div>\n\n\n\n<div class=\"wp-block-uagb-faq-child uagb-faq-child__outer-wrap uagb-faq-item uagb-block-45f1bb3c\" role=\"tab\" tabindex=\"0\"><div class=\"uagb-faq-questions-button uagb-faq-questions\"><span class=\"uagb-icon uagb-faq-icon-wrap\"><svg xmlns=\"https:\/\/www.w3.org\/2000\/svg\" viewBox=\"0 0 448 512\"><path d=\"M224 416c-8.188 0-16.38-3.125-22.62-9.375l-192-192c-12.5-12.5-12.5-32.75 0-45.25s32.75-12.5 45.25 0L224 338.8l169.4-169.4c12.5-12.5 32.75-12.5 45.25 0s12.5 32.75 0 45.25l-192 192C240.4 412.9 232.2 416 224 416z\"><\/path><\/svg><\/span><span class=\"uagb-icon-active uagb-faq-icon-wrap\"><svg xmlns=\"https:\/\/www.w3.org\/2000\/svg\" viewBox=\"0 0 448 512\"><path d=\"M416 352c-8.188 0-16.38-3.125-22.62-9.375L224 173.3l-169.4 169.4c-12.5 12.5-32.75 12.5-45.25 0s-12.5-32.75 0-45.25l192-192c12.5-12.5 32.75-12.5 45.25 0l192 192c12.5 12.5 12.5 32.75 0 45.25C432.4 348.9 424.2 352 416 352z\"><\/path><\/svg><\/span><p class=\"uagb-question\"><strong>Spremembe v tej Politiki zasebnosti<\/strong><\/p><\/div><div class=\"uagb-faq-content\"><p>Ob\u010dasno lahko posodobimo na\u0161o Politiko zasebnosti. O spremembah vas bomo obvestili z objavo nove Politike zasebnosti na tej strani.<br><br>Priporo\u010damo vam, da redno preverjate to Politiko zasebnosti glede morebitnih sprememb. Spremembe te Politike zasebnosti za\u010dnejo veljati, ko so objavljene na tej strani.<\/p><\/div><\/div>\n\n\n\n<div class=\"wp-block-uagb-faq-child uagb-faq-child__outer-wrap uagb-faq-item uagb-block-32251160\" role=\"tab\" tabindex=\"0\"><div class=\"uagb-faq-questions-button uagb-faq-questions\"><span class=\"uagb-icon uagb-faq-icon-wrap\"><svg xmlns=\"https:\/\/www.w3.org\/2000\/svg\" viewBox=\"0 0 448 512\"><path d=\"M224 416c-8.188 0-16.38-3.125-22.62-9.375l-192-192c-12.5-12.5-12.5-32.75 0-45.25s32.75-12.5 45.25 0L224 338.8l169.4-169.4c12.5-12.5 32.75-12.5 45.25 0s12.5 32.75 0 45.25l-192 192C240.4 412.9 232.2 416 224 416z\"><\/path><\/svg><\/span><span class=\"uagb-icon-active uagb-faq-icon-wrap\"><svg xmlns=\"https:\/\/www.w3.org\/2000\/svg\" viewBox=\"0 0 448 512\"><path d=\"M416 352c-8.188 0-16.38-3.125-22.62-9.375L224 173.3l-169.4 169.4c-12.5 12.5-32.75 12.5-45.25 0s-12.5-32.75 0-45.25l192-192c12.5-12.5 32.75-12.5 45.25 0l192 192c12.5 12.5 12.5 32.75 0 45.25C432.4 348.9 424.2 352 416 352z\"><\/path><\/svg><\/span><p class=\"uagb-question\"><strong>Kontakt<\/strong><\/p><\/div><div class=\"uagb-faq-content\"><p>\u010ce imate kakr\u0161nakoli vpra\u0161anja glede te Politike zasebnosti, nas prosimo kontaktirajte.<\/p><\/div><\/div>\n<\/div>\n<\/div><\/div>\n","protected":false},"excerpt":{"rendered":"","protected":false},"author":1,"featured_media":0,"parent":0,"menu_order":0,"comment_status":"closed","ping_status":"closed","template":"","meta":{"_uag_custom_page_level_css":"","_swt_meta_header_display":false,"_swt_meta_footer_display":false,"_swt_meta_site_title_display":true,"_swt_meta_sticky_header":false,"_swt_meta_transparent_header":false,"footnotes":""},"class_list":["post-3","page","type-page","status-publish","hentry"],"yoast_head":"<!-- This site is optimized with the Yoast SEO plugin v25.0 - https:\/\/yoast.com\/wordpress\/plugins\/seo\/ -->\n<title>Politika zasebnosti - NemoGrill<\/title>\n<meta name=\"robots\" content=\"index, follow, max-snippet:-1, max-image-preview:large, max-video-preview:-1\" \/>\n<link rel=\"canonical\" href=\"https:\/\/www.nemogrill.si\/sl\/politika-zasebnosti\/\" \/>\n<meta property=\"og:locale\" content=\"sl_SI\" \/>\n<meta property=\"og:type\" content=\"article\" \/>\n<meta property=\"og:title\" content=\"Politika zasebnosti - NemoGrill\" \/>\n<meta property=\"og:url\" content=\"https:\/\/www.nemogrill.si\/sl\/politika-zasebnosti\/\" \/>\n<meta property=\"og:site_name\" content=\"NemoGrill\" \/>\n<meta property=\"article:modified_time\" content=\"2024-05-24T19:46:18+00:00\" \/>\n<meta name=\"twitter:card\" content=\"summary_large_image\" \/>\n<meta name=\"twitter:label1\" content=\"Est. reading time\" \/>\n\t<meta name=\"twitter:data1\" content=\"3 minute\" \/>\n<script type=\"application\/ld+json\" class=\"yoast-schema-graph\">{\"@context\":\"https:\/\/schema.org\",\"@graph\":[{\"@type\":\"WebPage\",\"@id\":\"https:\/\/www.nemogrill.si\/politika-zasebnosti\/\",\"url\":\"https:\/\/www.nemogrill.si\/politika-zasebnosti\/\",\"name\":\"Politika zasebnosti - NemoGrill\",\"isPartOf\":{\"@id\":\"https:\/\/www.nemogrill.si\/#website\"},\"datePublished\":\"2024-04-15T12:01:36+00:00\",\"dateModified\":\"2024-05-24T19:46:18+00:00\",\"breadcrumb\":{\"@id\":\"https:\/\/www.nemogrill.si\/politika-zasebnosti\/#breadcrumb\"},\"inLanguage\":\"sl-SI\",\"potentialAction\":[{\"@type\":\"ReadAction\",\"target\":[\"https:\/\/www.nemogrill.si\/politika-zasebnosti\/\"]}]},{\"@type\":\"BreadcrumbList\",\"@id\":\"https:\/\/www.nemogrill.si\/politika-zasebnosti\/#breadcrumb\",\"itemListElement\":[{\"@type\":\"ListItem\",\"position\":1,\"name\":\"Domov\",\"item\":\"https:\/\/www.nemogrill.si\/\"},{\"@type\":\"ListItem\",\"position\":2,\"name\":\"Politika zasebnosti\"}]},{\"@type\":\"WebSite\",\"@id\":\"https:\/\/www.nemogrill.si\/#website\",\"url\":\"https:\/\/www.nemogrill.si\/\",\"name\":\"NemoGrill\",\"description\":\"Best grilling experience with friends!\",\"publisher\":{\"@id\":\"https:\/\/www.nemogrill.si\/#organization\"},\"potentialAction\":[{\"@type\":\"SearchAction\",\"target\":{\"@type\":\"EntryPoint\",\"urlTemplate\":\"https:\/\/www.nemogrill.si\/?s={search_term_string}\"},\"query-input\":{\"@type\":\"PropertyValueSpecification\",\"valueRequired\":true,\"valueName\":\"search_term_string\"}}],\"inLanguage\":\"sl-SI\"},{\"@type\":\"Organization\",\"@id\":\"https:\/\/www.nemogrill.si\/#organization\",\"name\":\"NemoGrill\",\"url\":\"https:\/\/www.nemogrill.si\/\",\"logo\":{\"@type\":\"ImageObject\",\"inLanguage\":\"sl-SI\",\"@id\":\"https:\/\/www.nemogrill.si\/#\/schema\/logo\/image\/\",\"url\":\"https:\/\/nemogrill.si\/wp-content\/uploads\/2024\/04\/nemogrill-logo.png\",\"contentUrl\":\"https:\/\/nemogrill.si\/wp-content\/uploads\/2024\/04\/nemogrill-logo.png\",\"width\":505,\"height\":89,\"caption\":\"NemoGrill\"},\"image\":{\"@id\":\"https:\/\/www.nemogrill.si\/#\/schema\/logo\/image\/\"}}]}<\/script>\n<!-- \/ Yoast SEO plugin. -->","yoast_head_json":{"title":"Politika zasebnosti - NemoGrill","robots":{"index":"index","follow":"follow","max-snippet":"max-snippet:-1","max-image-preview":"max-image-preview:large","max-video-preview":"max-video-preview:-1"},"canonical":"https:\/\/www.nemogrill.si\/sl\/politika-zasebnosti\/","og_locale":"sl_SI","og_type":"article","og_title":"Politika zasebnosti - NemoGrill","og_url":"https:\/\/www.nemogrill.si\/sl\/politika-zasebnosti\/","og_site_name":"NemoGrill","article_modified_time":"2024-05-24T19:46:18+00:00","twitter_card":"summary_large_image","twitter_misc":{"Est. reading time":"3 minute"},"schema":{"@context":"https:\/\/schema.org","@graph":[{"@type":"WebPage","@id":"https:\/\/www.nemogrill.si\/politika-zasebnosti\/","url":"https:\/\/www.nemogrill.si\/politika-zasebnosti\/","name":"Politika zasebnosti - NemoGrill","isPartOf":{"@id":"https:\/\/www.nemogrill.si\/#website"},"datePublished":"2024-04-15T12:01:36+00:00","dateModified":"2024-05-24T19:46:18+00:00","breadcrumb":{"@id":"https:\/\/www.nemogrill.si\/politika-zasebnosti\/#breadcrumb"},"inLanguage":"sl-SI","potentialAction":[{"@type":"ReadAction","target":["https:\/\/www.nemogrill.si\/politika-zasebnosti\/"]}]},{"@type":"BreadcrumbList","@id":"https:\/\/www.nemogrill.si\/politika-zasebnosti\/#breadcrumb","itemListElement":[{"@type":"ListItem","position":1,"name":"Domov","item":"https:\/\/www.nemogrill.si\/"},{"@type":"ListItem","position":2,"name":"Politika zasebnosti"}]},{"@type":"WebSite","@id":"https:\/\/www.nemogrill.si\/#website","url":"https:\/\/www.nemogrill.si\/","name":"NemoGrill","description":"Best grilling experience with friends!","publisher":{"@id":"https:\/\/www.nemogrill.si\/#organization"},"potentialAction":[{"@type":"SearchAction","target":{"@type":"EntryPoint","urlTemplate":"https:\/\/www.nemogrill.si\/?s={search_term_string}"},"query-input":{"@type":"PropertyValueSpecification","valueRequired":true,"valueName":"search_term_string"}}],"inLanguage":"sl-SI"},{"@type":"Organization","@id":"https:\/\/www.nemogrill.si\/#organization","name":"NemoGrill","url":"https:\/\/www.nemogrill.si\/","logo":{"@type":"ImageObject","inLanguage":"sl-SI","@id":"https:\/\/www.nemogrill.si\/#\/schema\/logo\/image\/","url":"https:\/\/nemogrill.si\/wp-content\/uploads\/2024\/04\/nemogrill-logo.png","contentUrl":"https:\/\/nemogrill.si\/wp-content\/uploads\/2024\/04\/nemogrill-logo.png","width":505,"height":89,"caption":"NemoGrill"},"image":{"@id":"https:\/\/www.nemogrill.si\/#\/schema\/logo\/image\/"}}]}},"uagb_featured_image_src":{"full":false,"thumbnail":false,"medium":false,"medium_large":false,"large":false,"1536x1536":false,"2048x2048":false,"trp-custom-language-flag":false},"uagb_author_info":{"display_name":"dr-nemo","author_link":"https:\/\/www.nemogrill.si\/sl\/author\/dr-nemo\/"},"uagb_comment_info":0,"uagb_excerpt":null,"_links":{"self":[{"href":"https:\/\/www.nemogrill.si\/sl\/wp-json\/wp\/v2\/pages\/3","targetHints":{"allow":["GET"]}}],"collection":[{"href":"https:\/\/www.nemogrill.si\/sl\/wp-json\/wp\/v2\/pages"}],"about":[{"href":"https:\/\/www.nemogrill.si\/sl\/wp-json\/wp\/v2\/types\/page"}],"author":[{"embeddable":true,"href":"https:\/\/www.nemogrill.si\/sl\/wp-json\/wp\/v2\/users\/1"}],"replies":[{"embeddable":true,"href":"https:\/\/www.nemogrill.si\/sl\/wp-json\/wp\/v2\/comments?post=3"}],"version-history":[{"count":11,"href":"https:\/\/www.nemogrill.si\/sl\/wp-json\/wp\/v2\/pages\/3\/revisions"}],"predecessor-version":[{"id":1067,"href":"https:\/\/www.nemogrill.si\/sl\/wp-json\/wp\/v2\/pages\/3\/revisions\/1067"}],"wp:attachment":[{"href":"https:\/\/www.nemogrill.si\/sl\/wp-json\/wp\/v2\/media?parent=3"}],"curies":[{"name":"wp","href":"https:\/\/api.w.org\/{rel}","templated":true}]}}