{"id":34,"date":"2024-04-18T21:02:51","date_gmt":"2024-04-18T19:02:51","guid":{"rendered":"https:\/\/nemogrill.si\/?page_id=34"},"modified":"2025-05-05T13:07:31","modified_gmt":"2025-05-05T11:07:31","slug":"izdelki","status":"publish","type":"page","link":"https:\/\/www.nemogrill.si\/sl\/izdelki\/","title":{"rendered":"Izdelki"},"content":{"rendered":"\n<div style=\"height:35px\" aria-hidden=\"true\" class=\"wp-block-spacer\"><\/div>\n\n\n\n<div class=\"wp-block-uagb-container uagb-block-fvhxfxdv alignfull uagb-is-root-container\"><div class=\"uagb-container-inner-blocks-wrap\">\n<div class=\"wp-block-uagb-info-box uagb-block-erbj6hkr uagb-infobox__content-wrap  uagb-infobox-icon-above-title uagb-infobox-image-valign-top\"><div class=\"uagb-ifb-content\"><div class=\"uagb-ifb-title-wrap\"><h2 class=\"uagb-ifb-title\">NemoGrill izdelki<\/h2><\/div><p class=\"uagb-ifb-desc\">Izbirate lahko med \u0161iroko ponudbo NemoGrill izdelkov in dodatkov za \u017ear.<\/p><\/div><\/div>\n\n\n\n<div class=\"wp-block-uagb-container uagb-block-e5wkxd1b\">\n<div class=\"wp-block-uagb-container uagb-block-b4dabinz\">\n<div class=\"wp-block-uagb-image alignleft uagb-block-nq8tyhph wp-block-uagb-image--layout-default wp-block-uagb-image--effect-static wp-block-uagb-image--align-left\"><figure class=\"wp-block-uagb-image__figure\"><a class=\"\" href=\"https:\/\/nemogrill.si\/kurisce-zar\/\" target=\"\" rel=\"noopener\"><img decoding=\"async\" srcset=\"https:\/\/nemogrill.si\/wp-content\/uploads\/2024\/05\/IMG_3634-copy-Large-1024x682.jpeg ,https:\/\/nemogrill.si\/wp-content\/uploads\/2024\/05\/IMG_3634-copy-Large.jpeg 780w, https:\/\/nemogrill.si\/wp-content\/uploads\/2024\/05\/IMG_3634-copy-Large.jpeg 360w\" sizes=\"auto, (max-width: 480px) 150px\" src=\"https:\/\/nemogrill.si\/wp-content\/uploads\/2024\/05\/IMG_3634-copy-Large-1024x682.jpeg\" alt=\"\" class=\"uag-image-1081\" width=\"352\" height=\"260\" title=\"IMG_3634 copy Large\" loading=\"lazy\" role=\"img\"\/><\/a><\/figure><\/div>\n\n\n\n<div class=\"wp-block-uagb-info-box uagb-block-cawahzrb uagb-infobox__content-wrap  uagb-infobox-icon-above-title uagb-infobox-image-valign-top\"><div class=\"uagb-ifb-content\"><div class=\"uagb-ifb-title-wrap\"><span class=\"uagb-ifb-title-prefix\"><a href=\"https:\/\/nemogrill.si\/kurisce-zar\/\"><s>799\u20ac<\/s><\/a>\u2800\u2800<a href=\"https:\/\/nemogrill.si\/kurisce-zar\/\"><strong>499\u20ac<\/strong><\/a><\/span><h3 class=\"uagb-ifb-title\"><a href=\"https:\/\/nemogrill.si\/kurisce-zar\/\">\u017dar<\/a><\/h3><\/div><p class=\"uagb-ifb-desc\"><a href=\"https:\/\/nemogrill.si\/kurisce-zar\/\">Razli\u010dne mo\u017enosti peke rib, mesa in zelenjave.<\/a><\/p><\/div><\/div>\n\n\n\n<div class=\"wp-block-uagb-buttons uagb-buttons__outer-wrap uagb-btn__default-btn uagb-btn-tablet__default-btn uagb-btn-mobile__default-btn uagb-block-jogqapdm\"><div class=\"uagb-buttons__wrap uagb-buttons-layout-wrap \">\n<div class=\"wp-block-uagb-buttons-child uagb-buttons__outer-wrap uagb-block-xououfg2 wp-block-button\"><div class=\"uagb-button__wrapper\"><a class=\"uagb-buttons-repeater wp-block-button__link\" aria-label=\"\" href=\"https:\/\/nemogrill.si\/kurisce-zar\/\" rel=\"follow noopener\" target=\"_self\" role=\"button\"><div class=\"uagb-button__link\">Ve\u010d informacij<\/div><span class=\"uagb-button__icon uagb-button__icon-position-after\"><svg xmlns=\"https:\/\/www.w3.org\/2000\/svg\" viewBox=\"0 0 256 512\" aria-hidden=\"true\" focussable=\"false\"><path d=\"M64 448c-8.188 0-16.38-3.125-22.62-9.375c-12.5-12.5-12.5-32.75 0-45.25L178.8 256L41.38 118.6c-12.5-12.5-12.5-32.75 0-45.25s32.75-12.5 45.25 0l160 160c12.5 12.5 12.5 32.75 0 45.25l-160 160C80.38 444.9 72.19 448 64 448z\"><\/path><\/svg><\/span><\/a><\/div><\/div>\n<\/div><\/div>\n<\/div>\n\n\n\n<div class=\"wp-block-uagb-container uagb-block-329022c2\">\n<div class=\"wp-block-uagb-image alignleft uagb-block-2f484d7b wp-block-uagb-image--layout-default wp-block-uagb-image--effect-static wp-block-uagb-image--align-left\"><figure class=\"wp-block-uagb-image__figure\"><a class=\"\" href=\"https:\/\/nemogrill.si\/set-za-peko-rib\/\" target=\"\" rel=\"noopener\"><img decoding=\"async\" srcset=\"https:\/\/nemogrill.si\/wp-content\/uploads\/2024\/05\/IMG_3689-copy-Large-1024x682.jpeg ,https:\/\/nemogrill.si\/wp-content\/uploads\/2024\/05\/IMG_3689-copy-Large.jpeg 780w, https:\/\/nemogrill.si\/wp-content\/uploads\/2024\/05\/IMG_3689-copy-Large.jpeg 360w\" sizes=\"auto, (max-width: 480px) 150px\" src=\"https:\/\/nemogrill.si\/wp-content\/uploads\/2024\/05\/IMG_3689-copy-Large-1024x682.jpeg\" alt=\"\" class=\"uag-image-1087\" width=\"352\" height=\"260\" title=\"IMG_3689 copy Large\" loading=\"lazy\" role=\"img\"\/><\/a><\/figure><\/div>\n\n\n\n<article class=\"wp-block-uagb-info-box uagb-block-ca8bdab8 uagb-infobox__content-wrap  uagb-infobox-icon-above-title uagb-infobox-image-valign-top uag-blocks-common-selector\" style=\"--z-index-desktop:1000;;--z-index-tablet:undefined;;--z-index-mobile:undefined;\"><div class=\"uagb-ifb-content\"><div class=\"uagb-ifb-title-wrap\"><span class=\"uagb-ifb-title-prefix\"><a href=\"https:\/\/nemogrill.si\/set-za-peko-rib\/\"><s>59\u20ac<\/s>\u2800<\/a>\u2800<a href=\"https:\/\/nemogrill.si\/set-za-peko-rib\/\"><strong>49\u20ac<\/strong><\/a><\/span><h3 class=\"uagb-ifb-title\"><a href=\"https:\/\/nemogrill.si\/set-za-peko-rib\/\">Set za peko rib<\/a><\/h3><\/div><p class=\"uagb-ifb-desc\"><a href=\"https:\/\/nemogrill.si\/set-za-peko-rib\/\">Inovativna priprava rib na odprtem ognju.<\/a><br>\u2800<\/p><\/div><\/article>\n\n\n\n<div class=\"wp-block-uagb-buttons uagb-buttons__outer-wrap uagb-btn__default-btn uagb-btn-tablet__default-btn uagb-btn-mobile__default-btn uagb-block-0a98bd10\"><div class=\"uagb-buttons__wrap uagb-buttons-layout-wrap \">\n<div class=\"wp-block-uagb-buttons-child uagb-buttons__outer-wrap uagb-block-31b609d1 wp-block-button\"><div class=\"uagb-button__wrapper\"><a class=\"uagb-buttons-repeater wp-block-button__link\" aria-label=\"\" href=\"https:\/\/nemogrill.si\/sl\/set-za-peko-rib\" rel=\"follow noopener\" target=\"_self\" role=\"button\"><div class=\"uagb-button__link\">Ve\u010d informacij<\/div><span class=\"uagb-button__icon uagb-button__icon-position-after\"><svg xmlns=\"https:\/\/www.w3.org\/2000\/svg\" viewBox=\"0 0 256 512\" aria-hidden=\"true\" focussable=\"false\"><path d=\"M64 448c-8.188 0-16.38-3.125-22.62-9.375c-12.5-12.5-12.5-32.75 0-45.25L178.8 256L41.38 118.6c-12.5-12.5-12.5-32.75 0-45.25s32.75-12.5 45.25 0l160 160c12.5 12.5 12.5 32.75 0 45.25l-160 160C80.38 444.9 72.19 448 64 448z\"><\/path><\/svg><\/span><\/a><\/div><\/div>\n<\/div><\/div>\n<\/div>\n\n\n\n<div class=\"wp-block-uagb-container uagb-block-509b9e51\">\n<div class=\"wp-block-uagb-image alignleft uagb-block-69a837d0 wp-block-uagb-image--layout-default wp-block-uagb-image--effect-static wp-block-uagb-image--align-left\"><figure class=\"wp-block-uagb-image__figure\"><a class=\"\" href=\"https:\/\/nemogrill.si\/odlagalni-pult\/\" target=\"\" rel=\"noopener\"><img decoding=\"async\" srcset=\"https:\/\/nemogrill.si\/wp-content\/uploads\/2024\/05\/IMG_3656-copy-Large-1024x682.jpeg ,https:\/\/nemogrill.si\/wp-content\/uploads\/2024\/05\/IMG_3656-copy-Large.jpeg 780w, https:\/\/nemogrill.si\/wp-content\/uploads\/2024\/05\/IMG_3656-copy-Large.jpeg 360w\" sizes=\"auto, (max-width: 480px) 150px\" src=\"https:\/\/nemogrill.si\/wp-content\/uploads\/2024\/05\/IMG_3656-copy-Large-1024x682.jpeg\" alt=\"\" class=\"uag-image-1085\" width=\"352\" height=\"260\" title=\"IMG_3656 copy Large\" loading=\"lazy\" role=\"img\"\/><\/a><\/figure><\/div>\n\n\n\n<div class=\"wp-block-uagb-info-box uagb-block-f8881d2f uagb-infobox__content-wrap  uagb-infobox-icon-above-title uagb-infobox-image-valign-top\"><div class=\"uagb-ifb-content\"><div class=\"uagb-ifb-title-wrap\"><span class=\"uagb-ifb-title-prefix\"><a href=\"https:\/\/nemogrill.si\/odlagalni-pult\/\"><s>99\u20ac<\/s>\u2800<\/a>\u2800<a href=\"https:\/\/nemogrill.si\/odlagalni-pult\/\"><strong>89\u20ac<\/strong><\/a><\/span><h3 class=\"uagb-ifb-title\"><a href=\"https:\/\/nemogrill.si\/odlagalni-pult\/\">Odlagalni pult<\/a><\/h3><\/div><p class=\"uagb-ifb-desc\"><a href=\"https:\/\/nemogrill.si\/odlagalni-pult\/\">Priro\u010dna, snemljiva odlagalna povr\u0161ina.<\/a><br>\u2800<\/p><\/div><\/div>\n\n\n\n<div class=\"wp-block-uagb-buttons uagb-buttons__outer-wrap uagb-btn__default-btn uagb-btn-tablet__default-btn uagb-btn-mobile__default-btn uagb-block-577ca654\"><div class=\"uagb-buttons__wrap uagb-buttons-layout-wrap \">\n<div class=\"wp-block-uagb-buttons-child uagb-buttons__outer-wrap uagb-block-a53cb2c9 wp-block-button\"><div class=\"uagb-button__wrapper\"><a class=\"uagb-buttons-repeater wp-block-button__link\" aria-label=\"\" href=\"https:\/\/nemogrill.si\/odlagalni-pult\" rel=\"follow noopener\" target=\"_self\" role=\"button\"><div class=\"uagb-button__link\">Ve\u010d informacij<\/div><span class=\"uagb-button__icon uagb-button__icon-position-after\"><svg xmlns=\"https:\/\/www.w3.org\/2000\/svg\" viewBox=\"0 0 256 512\" aria-hidden=\"true\" focussable=\"false\"><path d=\"M64 448c-8.188 0-16.38-3.125-22.62-9.375c-12.5-12.5-12.5-32.75 0-45.25L178.8 256L41.38 118.6c-12.5-12.5-12.5-32.75 0-45.25s32.75-12.5 45.25 0l160 160c12.5 12.5 12.5 32.75 0 45.25l-160 160C80.38 444.9 72.19 448 64 448z\"><\/path><\/svg><\/span><\/a><\/div><\/div>\n<\/div><\/div>\n<\/div>\n<\/div>\n<\/div><\/div>\n\n\n\n<p><\/p>\n","protected":false},"excerpt":{"rendered":"","protected":false},"author":2,"featured_media":0,"parent":0,"menu_order":0,"comment_status":"closed","ping_status":"closed","template":"","meta":{"_uag_custom_page_level_css":"","_swt_meta_header_display":false,"_swt_meta_footer_display":false,"_swt_meta_site_title_display":true,"_swt_meta_sticky_header":false,"_swt_meta_transparent_header":false,"footnotes":""},"class_list":["post-34","page","type-page","status-publish","hentry"],"yoast_head":"<!-- This site is optimized with the Yoast SEO plugin v25.0 - https:\/\/yoast.com\/wordpress\/plugins\/seo\/ -->\n<title>Izdelki - Popolna izku\u0161nja peke na \u017earu<\/title>\n<meta name=\"description\" content=\"\u0160iroka in pestra ponudba NemoGrill izdelkov in dodatkov za \u017ear. Dodatni izdelki omogo\u010dajo popolno izku\u0161njo in zagotavljajo \u0161e ve\u010dje navdu\u0161enje nad peko in dru\u017eenjem ob \u017earu Nemogrill\" \/>\n<meta name=\"robots\" content=\"index, follow, max-snippet:-1, max-image-preview:large, max-video-preview:-1\" \/>\n<link rel=\"canonical\" href=\"https:\/\/www.nemogrill.si\/sl\/izdelki\/\" \/>\n<meta property=\"og:locale\" content=\"sl_SI\" \/>\n<meta property=\"og:type\" content=\"article\" \/>\n<meta property=\"og:title\" content=\"%\" \/>\n<meta property=\"og:description\" content=\"\u0160iroka in pestra ponudba NemoGrill izdelkov in dodatkov za \u017ear. Dodatni izdelki omogo\u010dajo popolno izku\u0161njo in zagotavljajo \u0161e ve\u010dje navdu\u0161enje nad peko in dru\u017eenjem ob \u017earu Nemogrill\" \/>\n<meta property=\"og:url\" content=\"https:\/\/www.nemogrill.si\/sl\/izdelki\/\" \/>\n<meta property=\"og:site_name\" content=\"NemoGrill\" \/>\n<meta property=\"article:modified_time\" content=\"2025-05-05T11:07:31+00:00\" \/>\n<meta property=\"og:image\" content=\"https:\/\/nemogrill.si\/wp-content\/uploads\/2024\/05\/IMG_3634-copy-Large-1024x682.jpeg\" \/>\n<meta name=\"twitter:card\" content=\"summary_large_image\" \/>\n<meta name=\"twitter:label1\" content=\"Est. reading time\" \/>\n\t<meta name=\"twitter:data1\" content=\"1 minuta\" \/>\n<script type=\"application\/ld+json\" class=\"yoast-schema-graph\">{\"@context\":\"https:\/\/schema.org\",\"@graph\":[{\"@type\":\"WebPage\",\"@id\":\"https:\/\/www.nemogrill.si\/izdelki\/\",\"url\":\"https:\/\/www.nemogrill.si\/izdelki\/\",\"name\":\"Izdelki - Popolna izku\u0161nja peke na \u017earu\",\"isPartOf\":{\"@id\":\"https:\/\/www.nemogrill.si\/#website\"},\"primaryImageOfPage\":{\"@id\":\"https:\/\/www.nemogrill.si\/izdelki\/#primaryimage\"},\"image\":{\"@id\":\"https:\/\/www.nemogrill.si\/izdelki\/#primaryimage\"},\"thumbnailUrl\":\"https:\/\/nemogrill.si\/wp-content\/uploads\/2024\/05\/IMG_3634-copy-Large-1024x682.jpeg\",\"datePublished\":\"2024-04-18T19:02:51+00:00\",\"dateModified\":\"2025-05-05T11:07:31+00:00\",\"description\":\"\u0160iroka in pestra ponudba NemoGrill izdelkov in dodatkov za \u017ear. Dodatni izdelki omogo\u010dajo popolno izku\u0161njo in zagotavljajo \u0161e ve\u010dje navdu\u0161enje nad peko in dru\u017eenjem ob \u017earu Nemogrill\",\"breadcrumb\":{\"@id\":\"https:\/\/www.nemogrill.si\/izdelki\/#breadcrumb\"},\"inLanguage\":\"sl-SI\",\"potentialAction\":[{\"@type\":\"ReadAction\",\"target\":[\"https:\/\/www.nemogrill.si\/izdelki\/\"]}]},{\"@type\":\"ImageObject\",\"inLanguage\":\"sl-SI\",\"@id\":\"https:\/\/www.nemogrill.si\/izdelki\/#primaryimage\",\"url\":\"https:\/\/nemogrill.si\/wp-content\/uploads\/2024\/05\/IMG_3634-copy-Large-1024x682.jpeg\",\"contentUrl\":\"https:\/\/nemogrill.si\/wp-content\/uploads\/2024\/05\/IMG_3634-copy-Large-1024x682.jpeg\"},{\"@type\":\"BreadcrumbList\",\"@id\":\"https:\/\/www.nemogrill.si\/izdelki\/#breadcrumb\",\"itemListElement\":[{\"@type\":\"ListItem\",\"position\":1,\"name\":\"Domov\",\"item\":\"https:\/\/www.nemogrill.si\/\"},{\"@type\":\"ListItem\",\"position\":2,\"name\":\"Izdelki\"}]},{\"@type\":\"WebSite\",\"@id\":\"https:\/\/www.nemogrill.si\/#website\",\"url\":\"https:\/\/www.nemogrill.si\/\",\"name\":\"NemoGrill\",\"description\":\"Best grilling experience with friends!\",\"publisher\":{\"@id\":\"https:\/\/www.nemogrill.si\/#organization\"},\"potentialAction\":[{\"@type\":\"SearchAction\",\"target\":{\"@type\":\"EntryPoint\",\"urlTemplate\":\"https:\/\/www.nemogrill.si\/?s={search_term_string}\"},\"query-input\":{\"@type\":\"PropertyValueSpecification\",\"valueRequired\":true,\"valueName\":\"search_term_string\"}}],\"inLanguage\":\"sl-SI\"},{\"@type\":\"Organization\",\"@id\":\"https:\/\/www.nemogrill.si\/#organization\",\"name\":\"NemoGrill\",\"url\":\"https:\/\/www.nemogrill.si\/\",\"logo\":{\"@type\":\"ImageObject\",\"inLanguage\":\"sl-SI\",\"@id\":\"https:\/\/www.nemogrill.si\/#\/schema\/logo\/image\/\",\"url\":\"https:\/\/nemogrill.si\/wp-content\/uploads\/2024\/04\/nemogrill-logo.png\",\"contentUrl\":\"https:\/\/nemogrill.si\/wp-content\/uploads\/2024\/04\/nemogrill-logo.png\",\"width\":505,\"height\":89,\"caption\":\"NemoGrill\"},\"image\":{\"@id\":\"https:\/\/www.nemogrill.si\/#\/schema\/logo\/image\/\"}}]}<\/script>\n<!-- \/ Yoast SEO plugin. -->","yoast_head_json":{"title":"Izdelki - Popolna izku\u0161nja peke na \u017earu","description":"\u0160iroka in pestra ponudba NemoGrill izdelkov in dodatkov za \u017ear. Dodatni izdelki omogo\u010dajo popolno izku\u0161njo in zagotavljajo \u0161e ve\u010dje navdu\u0161enje nad peko in dru\u017eenjem ob \u017earu Nemogrill","robots":{"index":"index","follow":"follow","max-snippet":"max-snippet:-1","max-image-preview":"max-image-preview:large","max-video-preview":"max-video-preview:-1"},"canonical":"https:\/\/www.nemogrill.si\/sl\/izdelki\/","og_locale":"sl_SI","og_type":"article","og_title":"%","og_description":"\u0160iroka in pestra ponudba NemoGrill izdelkov in dodatkov za \u017ear. Dodatni izdelki omogo\u010dajo popolno izku\u0161njo in zagotavljajo \u0161e ve\u010dje navdu\u0161enje nad peko in dru\u017eenjem ob \u017earu Nemogrill","og_url":"https:\/\/www.nemogrill.si\/sl\/izdelki\/","og_site_name":"NemoGrill","article_modified_time":"2025-05-05T11:07:31+00:00","og_image":[{"url":"https:\/\/nemogrill.si\/wp-content\/uploads\/2024\/05\/IMG_3634-copy-Large-1024x682.jpeg","type":"","width":"","height":""}],"twitter_card":"summary_large_image","twitter_misc":{"Est. reading time":"1 minuta"},"schema":{"@context":"https:\/\/schema.org","@graph":[{"@type":"WebPage","@id":"https:\/\/www.nemogrill.si\/izdelki\/","url":"https:\/\/www.nemogrill.si\/izdelki\/","name":"Izdelki - Popolna izku\u0161nja peke na \u017earu","isPartOf":{"@id":"https:\/\/www.nemogrill.si\/#website"},"primaryImageOfPage":{"@id":"https:\/\/www.nemogrill.si\/izdelki\/#primaryimage"},"image":{"@id":"https:\/\/www.nemogrill.si\/izdelki\/#primaryimage"},"thumbnailUrl":"https:\/\/nemogrill.si\/wp-content\/uploads\/2024\/05\/IMG_3634-copy-Large-1024x682.jpeg","datePublished":"2024-04-18T19:02:51+00:00","dateModified":"2025-05-05T11:07:31+00:00","description":"\u0160iroka in pestra ponudba NemoGrill izdelkov in dodatkov za \u017ear. Dodatni izdelki omogo\u010dajo popolno izku\u0161njo in zagotavljajo \u0161e ve\u010dje navdu\u0161enje nad peko in dru\u017eenjem ob \u017earu Nemogrill","breadcrumb":{"@id":"https:\/\/www.nemogrill.si\/izdelki\/#breadcrumb"},"inLanguage":"sl-SI","potentialAction":[{"@type":"ReadAction","target":["https:\/\/www.nemogrill.si\/izdelki\/"]}]},{"@type":"ImageObject","inLanguage":"sl-SI","@id":"https:\/\/www.nemogrill.si\/izdelki\/#primaryimage","url":"https:\/\/nemogrill.si\/wp-content\/uploads\/2024\/05\/IMG_3634-copy-Large-1024x682.jpeg","contentUrl":"https:\/\/nemogrill.si\/wp-content\/uploads\/2024\/05\/IMG_3634-copy-Large-1024x682.jpeg"},{"@type":"BreadcrumbList","@id":"https:\/\/www.nemogrill.si\/izdelki\/#breadcrumb","itemListElement":[{"@type":"ListItem","position":1,"name":"Domov","item":"https:\/\/www.nemogrill.si\/"},{"@type":"ListItem","position":2,"name":"Izdelki"}]},{"@type":"WebSite","@id":"https:\/\/www.nemogrill.si\/#website","url":"https:\/\/www.nemogrill.si\/","name":"NemoGrill","description":"Best grilling experience with friends!","publisher":{"@id":"https:\/\/www.nemogrill.si\/#organization"},"potentialAction":[{"@type":"SearchAction","target":{"@type":"EntryPoint","urlTemplate":"https:\/\/www.nemogrill.si\/?s={search_term_string}"},"query-input":{"@type":"PropertyValueSpecification","valueRequired":true,"valueName":"search_term_string"}}],"inLanguage":"sl-SI"},{"@type":"Organization","@id":"https:\/\/www.nemogrill.si\/#organization","name":"NemoGrill","url":"https:\/\/www.nemogrill.si\/","logo":{"@type":"ImageObject","inLanguage":"sl-SI","@id":"https:\/\/www.nemogrill.si\/#\/schema\/logo\/image\/","url":"https:\/\/nemogrill.si\/wp-content\/uploads\/2024\/04\/nemogrill-logo.png","contentUrl":"https:\/\/nemogrill.si\/wp-content\/uploads\/2024\/04\/nemogrill-logo.png","width":505,"height":89,"caption":"NemoGrill"},"image":{"@id":"https:\/\/www.nemogrill.si\/#\/schema\/logo\/image\/"}}]}},"uagb_featured_image_src":{"full":false,"thumbnail":false,"medium":false,"medium_large":false,"large":false,"1536x1536":false,"2048x2048":false,"trp-custom-language-flag":false},"uagb_author_info":{"display_name":"Rok Ladi\u010d","author_link":"https:\/\/www.nemogrill.si\/sl\/author\/rok\/"},"uagb_comment_info":0,"uagb_excerpt":null,"_links":{"self":[{"href":"https:\/\/www.nemogrill.si\/sl\/wp-json\/wp\/v2\/pages\/34","targetHints":{"allow":["GET"]}}],"collection":[{"href":"https:\/\/www.nemogrill.si\/sl\/wp-json\/wp\/v2\/pages"}],"about":[{"href":"https:\/\/www.nemogrill.si\/sl\/wp-json\/wp\/v2\/types\/page"}],"author":[{"embeddable":true,"href":"https:\/\/www.nemogrill.si\/sl\/wp-json\/wp\/v2\/users\/2"}],"replies":[{"embeddable":true,"href":"https:\/\/www.nemogrill.si\/sl\/wp-json\/wp\/v2\/comments?post=34"}],"version-history":[{"count":84,"href":"https:\/\/www.nemogrill.si\/sl\/wp-json\/wp\/v2\/pages\/34\/revisions"}],"predecessor-version":[{"id":1128,"href":"https:\/\/www.nemogrill.si\/sl\/wp-json\/wp\/v2\/pages\/34\/revisions\/1128"}],"wp:attachment":[{"href":"https:\/\/www.nemogrill.si\/sl\/wp-json\/wp\/v2\/media?parent=34"}],"curies":[{"name":"wp","href":"https:\/\/api.w.org\/{rel}","templated":true}]}}