{"id":492,"date":"2024-04-29T20:31:24","date_gmt":"2024-04-29T18:31:24","guid":{"rendered":"https:\/\/nemogrill.si\/?page_id=492"},"modified":"2024-05-27T09:02:35","modified_gmt":"2024-05-27T07:02:35","slug":"kontakt","status":"publish","type":"page","link":"https:\/\/www.nemogrill.si\/sl\/kontakt\/","title":{"rendered":"Kontakt"},"content":{"rendered":"\n<div class=\"wp-block-uagb-container uagb-block-tk98ak0b alignfull uagb-is-root-container\"><div class=\"uagb-container-inner-blocks-wrap\">\n<div class=\"wp-block-uagb-info-box uagb-block-3lsl3ot9 uagb-infobox__content-wrap  uagb-infobox-icon-above-title uagb-infobox-image-valign-top\"><div class=\"uagb-ifb-content\"><div class=\"uagb-ifb-title-wrap\"><h2 class=\"uagb-ifb-title\">Kontakt<\/h2><\/div><p class=\"uagb-ifb-desc\">\u010ce imate kakr\u0161nakoli vpra\u0161anja, povratne informacije ali potrebujete pomo\u010d, smo tu, da vam pomagamo.<\/p><\/div><\/div>\n\n\n\n<div class=\"wp-block-uagb-container uagb-block-xy4wiyac\">\n<div class=\"wp-block-uagb-container uagb-block-ql4k8tkn\">\n<div class=\"wp-block-uagb-info-box uagb-block-qhkeysmy uagb-infobox__content-wrap  uagb-infobox-icon-left uagb-infobox-left uagb-infobox-stacked-tablet uagb-infobox-image-valign-top\"><div class=\"uagb-ifb-icon-wrap\"><div class=\"uagb-iconbox-icon-wrap uagb-infobox-shape-circle\"><svg xmlns=\"https:\/\/www.w3.org\/2000\/svg\" viewBox=\"0 0 512 512\"><path d=\"M511.2 387l-23.25 100.8c-3.266 14.25-15.79 24.22-30.46 24.22C205.2 512 0 306.8 0 54.5c0-14.66 9.969-27.2 24.22-30.45l100.8-23.25C139.7-2.602 154.7 5.018 160.8 18.92l46.52 108.5c5.438 12.78 1.77 27.67-8.98 36.45L144.5 207.1c33.98 69.22 90.26 125.5 159.5 159.5l44.08-53.8c8.688-10.78 23.69-14.51 36.47-8.975l108.5 46.51C506.1 357.2 514.6 372.4 511.2 387z\"><\/path><\/svg><\/div><\/div><div class=\"uagb-ifb-content\"><div class=\"uagb-ifb-title-wrap\"><p class=\"uagb-ifb-title\">TELEFONSKA \u0160T.<\/p><\/div><p class=\"uagb-ifb-desc\">08-205-57-60<\/p><\/div><\/div>\n<\/div>\n\n\n\n<div class=\"wp-block-uagb-container uagb-block-nhds7zev\">\n<div class=\"wp-block-uagb-info-box uagb-block-lus5t6vn uagb-infobox__content-wrap  uagb-infobox-icon-left uagb-infobox-left uagb-infobox-stacked-tablet uagb-infobox-image-valign-top\"><div class=\"uagb-ifb-icon-wrap\"><div class=\"uagb-iconbox-icon-wrap uagb-infobox-shape-circle\"><svg xmlns=\"https:\/\/www.w3.org\/2000\/svg\" viewBox=\"0 0 512 512\"><path d=\"M464 64C490.5 64 512 85.49 512 112C512 127.1 504.9 141.3 492.8 150.4L275.2 313.6C263.8 322.1 248.2 322.1 236.8 313.6L19.2 150.4C7.113 141.3 0 127.1 0 112C0 85.49 21.49 64 48 64H464zM217.6 339.2C240.4 356.3 271.6 356.3 294.4 339.2L512 176V384C512 419.3 483.3 448 448 448H64C28.65 448 0 419.3 0 384V176L217.6 339.2z\"><\/path><\/svg><\/div><\/div><div class=\"uagb-ifb-content\"><div class=\"uagb-ifb-title-wrap\"><p class=\"uagb-ifb-title\">E-MAIL<\/p><\/div><p class=\"uagb-ifb-desc\">info@nemogrill.si<\/p><\/div><\/div>\n<\/div>\n\n\n\n<div class=\"wp-block-uagb-container uagb-block-qndo6d8m\">\n<div class=\"wp-block-uagb-info-box uagb-block-ib2e5jc0 uagb-infobox__content-wrap  uagb-infobox-icon-left uagb-infobox-left uagb-infobox-stacked-tablet uagb-infobox-image-valign-top\"><div class=\"uagb-ifb-icon-wrap\"><div class=\"uagb-iconbox-icon-wrap uagb-infobox-shape-circle\"><svg xmlns=\"https:\/\/www.w3.org\/2000\/svg\" viewBox=\"0 0 384 512\"><path d=\"M168.3 499.2C116.1 435 0 279.4 0 192C0 85.96 85.96 0 192 0C298 0 384 85.96 384 192C384 279.4 267 435 215.7 499.2C203.4 514.5 180.6 514.5 168.3 499.2H168.3zM192 256C227.3 256 256 227.3 256 192C256 156.7 227.3 128 192 128C156.7 128 128 156.7 128 192C128 227.3 156.7 256 192 256z\"><\/path><\/svg><\/div><\/div><div class=\"uagb-ifb-content\"><div class=\"uagb-ifb-title-wrap\"><p class=\"uagb-ifb-title\">DR. NEMO<\/p><\/div><p class=\"uagb-ifb-desc\">Stegne 27, 1000 Ljubljana<\/p><\/div><\/div>\n<\/div>\n<\/div>\n\n\n\t\t\t<div \n\t\t\tclass=\"wp-block-uagb-google-map uagb-google-map__wrap uagb-block-f72hato5     \"\n\t\t\tstyle=\"\" >\n\t\t\t\t<embed\n\t\t\t\t\tclass=\"uagb-google-map__iframe\"\n\t\t\t\t\ttitle=\"Google Map for \"\n\t\t\t\t\tsrc=\"https:\/\/maps.google.com\/maps?q=Dr.%20nemo%20in%C5%BEeniring%20visoke%20tehnologije%2C%20d.o.o.&#038;z=12&#038;hl=sl&#038;t=m&#038;output=embed&#038;iwloc=near\"\n\t\t\t\t\twidth=\"640\"\n\t\t\t\t\theight=\"350\"\n\t\t\t\t\tloading=\"lazy\"\n\t\t\t\t><\/embed>\n\t\t\t<\/div>\n\t\t\t<\/div><\/div>\n","protected":false},"excerpt":{"rendered":"","protected":false},"author":2,"featured_media":0,"parent":0,"menu_order":0,"comment_status":"closed","ping_status":"closed","template":"","meta":{"_uag_custom_page_level_css":"","_swt_meta_header_display":false,"_swt_meta_footer_display":false,"_swt_meta_site_title_display":true,"_swt_meta_sticky_header":false,"_swt_meta_transparent_header":false,"footnotes":""},"class_list":["post-492","page","type-page","status-publish","hentry"],"yoast_head":"<!-- This site is optimized with the Yoast SEO plugin v25.0 - https:\/\/yoast.com\/wordpress\/plugins\/seo\/ -->\n<title>Kontakt - NemoGrill<\/title>\n<meta name=\"description\" content=\"Stopite v stik z nami in si zagotovite izdelke NemoGrill \u017ee danes! Kontakirate nas lahko preko obrazca, telefonske \u0161tevilke ali e-maila!\" \/>\n<meta name=\"robots\" content=\"index, follow, max-snippet:-1, max-image-preview:large, max-video-preview:-1\" \/>\n<link rel=\"canonical\" href=\"https:\/\/www.nemogrill.si\/sl\/kontakt\/\" \/>\n<meta property=\"og:locale\" content=\"sl_SI\" \/>\n<meta property=\"og:type\" content=\"article\" \/>\n<meta property=\"og:title\" content=\"Kontakt - NemoGrill\" \/>\n<meta property=\"og:description\" content=\"Stopite v stik z nami in si zagotovite izdelke NemoGrill \u017ee danes! Kontakirate nas lahko preko obrazca, telefonske \u0161tevilke ali e-maila!\" \/>\n<meta property=\"og:url\" content=\"https:\/\/www.nemogrill.si\/sl\/kontakt\/\" \/>\n<meta property=\"og:site_name\" content=\"NemoGrill\" \/>\n<meta property=\"article:modified_time\" content=\"2024-05-27T07:02:35+00:00\" \/>\n<meta name=\"twitter:card\" content=\"summary_large_image\" \/>\n<meta name=\"twitter:label1\" content=\"Est. reading time\" \/>\n\t<meta name=\"twitter:data1\" content=\"1 minuta\" \/>\n<script type=\"application\/ld+json\" class=\"yoast-schema-graph\">{\"@context\":\"https:\/\/schema.org\",\"@graph\":[{\"@type\":[\"WebPage\",\"ContactPage\"],\"@id\":\"https:\/\/www.nemogrill.si\/kontakt\/\",\"url\":\"https:\/\/www.nemogrill.si\/kontakt\/\",\"name\":\"Kontakt - NemoGrill\",\"isPartOf\":{\"@id\":\"https:\/\/www.nemogrill.si\/#website\"},\"datePublished\":\"2024-04-29T18:31:24+00:00\",\"dateModified\":\"2024-05-27T07:02:35+00:00\",\"description\":\"Stopite v stik z nami in si zagotovite izdelke NemoGrill \u017ee danes! Kontakirate nas lahko preko obrazca, telefonske \u0161tevilke ali e-maila!\",\"breadcrumb\":{\"@id\":\"https:\/\/www.nemogrill.si\/kontakt\/#breadcrumb\"},\"inLanguage\":\"sl-SI\",\"potentialAction\":[{\"@type\":\"ReadAction\",\"target\":[\"https:\/\/www.nemogrill.si\/kontakt\/\"]}]},{\"@type\":\"BreadcrumbList\",\"@id\":\"https:\/\/www.nemogrill.si\/kontakt\/#breadcrumb\",\"itemListElement\":[{\"@type\":\"ListItem\",\"position\":1,\"name\":\"Domov\",\"item\":\"https:\/\/www.nemogrill.si\/\"},{\"@type\":\"ListItem\",\"position\":2,\"name\":\"Kontakt\"}]},{\"@type\":\"WebSite\",\"@id\":\"https:\/\/www.nemogrill.si\/#website\",\"url\":\"https:\/\/www.nemogrill.si\/\",\"name\":\"NemoGrill\",\"description\":\"Best grilling experience with friends!\",\"publisher\":{\"@id\":\"https:\/\/www.nemogrill.si\/#organization\"},\"potentialAction\":[{\"@type\":\"SearchAction\",\"target\":{\"@type\":\"EntryPoint\",\"urlTemplate\":\"https:\/\/www.nemogrill.si\/?s={search_term_string}\"},\"query-input\":{\"@type\":\"PropertyValueSpecification\",\"valueRequired\":true,\"valueName\":\"search_term_string\"}}],\"inLanguage\":\"sl-SI\"},{\"@type\":\"Organization\",\"@id\":\"https:\/\/www.nemogrill.si\/#organization\",\"name\":\"NemoGrill\",\"url\":\"https:\/\/www.nemogrill.si\/\",\"logo\":{\"@type\":\"ImageObject\",\"inLanguage\":\"sl-SI\",\"@id\":\"https:\/\/www.nemogrill.si\/#\/schema\/logo\/image\/\",\"url\":\"https:\/\/nemogrill.si\/wp-content\/uploads\/2024\/04\/nemogrill-logo.png\",\"contentUrl\":\"https:\/\/nemogrill.si\/wp-content\/uploads\/2024\/04\/nemogrill-logo.png\",\"width\":505,\"height\":89,\"caption\":\"NemoGrill\"},\"image\":{\"@id\":\"https:\/\/www.nemogrill.si\/#\/schema\/logo\/image\/\"}}]}<\/script>\n<!-- \/ Yoast SEO plugin. -->","yoast_head_json":{"title":"Kontakt - NemoGrill","description":"Stopite v stik z nami in si zagotovite izdelke NemoGrill \u017ee danes! Kontakirate nas lahko preko obrazca, telefonske \u0161tevilke ali e-maila!","robots":{"index":"index","follow":"follow","max-snippet":"max-snippet:-1","max-image-preview":"max-image-preview:large","max-video-preview":"max-video-preview:-1"},"canonical":"https:\/\/www.nemogrill.si\/sl\/kontakt\/","og_locale":"sl_SI","og_type":"article","og_title":"Kontakt - NemoGrill","og_description":"Stopite v stik z nami in si zagotovite izdelke NemoGrill \u017ee danes! Kontakirate nas lahko preko obrazca, telefonske \u0161tevilke ali e-maila!","og_url":"https:\/\/www.nemogrill.si\/sl\/kontakt\/","og_site_name":"NemoGrill","article_modified_time":"2024-05-27T07:02:35+00:00","twitter_card":"summary_large_image","twitter_misc":{"Est. reading time":"1 minuta"},"schema":{"@context":"https:\/\/schema.org","@graph":[{"@type":["WebPage","ContactPage"],"@id":"https:\/\/www.nemogrill.si\/kontakt\/","url":"https:\/\/www.nemogrill.si\/kontakt\/","name":"Kontakt - NemoGrill","isPartOf":{"@id":"https:\/\/www.nemogrill.si\/#website"},"datePublished":"2024-04-29T18:31:24+00:00","dateModified":"2024-05-27T07:02:35+00:00","description":"Stopite v stik z nami in si zagotovite izdelke NemoGrill \u017ee danes! Kontakirate nas lahko preko obrazca, telefonske \u0161tevilke ali e-maila!","breadcrumb":{"@id":"https:\/\/www.nemogrill.si\/kontakt\/#breadcrumb"},"inLanguage":"sl-SI","potentialAction":[{"@type":"ReadAction","target":["https:\/\/www.nemogrill.si\/kontakt\/"]}]},{"@type":"BreadcrumbList","@id":"https:\/\/www.nemogrill.si\/kontakt\/#breadcrumb","itemListElement":[{"@type":"ListItem","position":1,"name":"Domov","item":"https:\/\/www.nemogrill.si\/"},{"@type":"ListItem","position":2,"name":"Kontakt"}]},{"@type":"WebSite","@id":"https:\/\/www.nemogrill.si\/#website","url":"https:\/\/www.nemogrill.si\/","name":"NemoGrill","description":"Best grilling experience with friends!","publisher":{"@id":"https:\/\/www.nemogrill.si\/#organization"},"potentialAction":[{"@type":"SearchAction","target":{"@type":"EntryPoint","urlTemplate":"https:\/\/www.nemogrill.si\/?s={search_term_string}"},"query-input":{"@type":"PropertyValueSpecification","valueRequired":true,"valueName":"search_term_string"}}],"inLanguage":"sl-SI"},{"@type":"Organization","@id":"https:\/\/www.nemogrill.si\/#organization","name":"NemoGrill","url":"https:\/\/www.nemogrill.si\/","logo":{"@type":"ImageObject","inLanguage":"sl-SI","@id":"https:\/\/www.nemogrill.si\/#\/schema\/logo\/image\/","url":"https:\/\/nemogrill.si\/wp-content\/uploads\/2024\/04\/nemogrill-logo.png","contentUrl":"https:\/\/nemogrill.si\/wp-content\/uploads\/2024\/04\/nemogrill-logo.png","width":505,"height":89,"caption":"NemoGrill"},"image":{"@id":"https:\/\/www.nemogrill.si\/#\/schema\/logo\/image\/"}}]}},"uagb_featured_image_src":{"full":false,"thumbnail":false,"medium":false,"medium_large":false,"large":false,"1536x1536":false,"2048x2048":false,"trp-custom-language-flag":false},"uagb_author_info":{"display_name":"Rok Ladi\u010d","author_link":"https:\/\/www.nemogrill.si\/sl\/author\/rok\/"},"uagb_comment_info":0,"uagb_excerpt":null,"_links":{"self":[{"href":"https:\/\/www.nemogrill.si\/sl\/wp-json\/wp\/v2\/pages\/492","targetHints":{"allow":["GET"]}}],"collection":[{"href":"https:\/\/www.nemogrill.si\/sl\/wp-json\/wp\/v2\/pages"}],"about":[{"href":"https:\/\/www.nemogrill.si\/sl\/wp-json\/wp\/v2\/types\/page"}],"author":[{"embeddable":true,"href":"https:\/\/www.nemogrill.si\/sl\/wp-json\/wp\/v2\/users\/2"}],"replies":[{"embeddable":true,"href":"https:\/\/www.nemogrill.si\/sl\/wp-json\/wp\/v2\/comments?post=492"}],"version-history":[{"count":7,"href":"https:\/\/www.nemogrill.si\/sl\/wp-json\/wp\/v2\/pages\/492\/revisions"}],"predecessor-version":[{"id":1068,"href":"https:\/\/www.nemogrill.si\/sl\/wp-json\/wp\/v2\/pages\/492\/revisions\/1068"}],"wp:attachment":[{"href":"https:\/\/www.nemogrill.si\/sl\/wp-json\/wp\/v2\/media?parent=492"}],"curies":[{"name":"wp","href":"https:\/\/api.w.org\/{rel}","templated":true}]}}