{"id":824,"date":"2024-05-16T22:23:56","date_gmt":"2024-05-16T20:23:56","guid":{"rendered":"https:\/\/nemogrill.si\/?page_id=824"},"modified":"2024-05-30T09:43:56","modified_gmt":"2024-05-30T07:43:56","slug":"odlagalni-pult","status":"publish","type":"page","link":"https:\/\/www.nemogrill.si\/sl\/odlagalni-pult\/","title":{"rendered":"NemoGrill Odlagalni pult"},"content":{"rendered":"\n<div class=\"wp-block-uagb-container uagb-block-i9tinjbp alignfull uagb-is-root-container\"><div class=\"uagb-container-inner-blocks-wrap\">\n<div class=\"wp-block-uagb-image alignleft uagb-block-5c1vovm1 wp-block-uagb-image--layout-default wp-block-uagb-image--effect-static wp-block-uagb-image--align-left\"><figure class=\"wp-block-uagb-image__figure\"><img decoding=\"async\" srcset=\"https:\/\/nemogrill.si\/wp-content\/uploads\/2024\/05\/IMG_3656-copy-Large-1024x682.jpeg ,https:\/\/nemogrill.si\/wp-content\/uploads\/2024\/05\/IMG_3656-copy-Large.jpeg 780w, https:\/\/nemogrill.si\/wp-content\/uploads\/2024\/05\/IMG_3656-copy-Large.jpeg 360w\" sizes=\"auto, (max-width: 480px) 150px\" src=\"https:\/\/nemogrill.si\/wp-content\/uploads\/2024\/05\/IMG_3656-copy-Large-1024x682.jpeg\" alt=\"\" class=\"uag-image-1085\" width=\"564\" height=\"423\" title=\"IMG_3656 copy Large\" loading=\"lazy\" role=\"img\"\/><\/figure><\/div>\n\n\n\n<div class=\"wp-block-uagb-container uagb-block-eh0hyo3b\">\n<div class=\"wp-block-uagb-info-box uagb-block-iv4hsl0l uagb-infobox__content-wrap  uagb-infobox-icon-above-title uagb-infobox-image-valign-top\"><div class=\"uagb-ifb-content\"><div class=\"uagb-ifb-title-wrap\"><p class=\"uagb-ifb-title-prefix\"><s>99\u20ac<\/s>\u280089\u20ac<\/p><h2 class=\"uagb-ifb-title\">Odlagalni pult<\/h2><\/div><p class=\"uagb-ifb-desc\">Snemljiva odlagalna povr\u0161ina za \u0161e enostavnej\u0161o peko.<\/p><\/div><\/div>\n\n\n\n<div class=\"wp-block-uagb-buttons uagb-buttons__outer-wrap uagb-btn__default-btn uagb-btn-tablet__default-btn uagb-btn-mobile__default-btn uagb-block-didcjwzz\"><div class=\"uagb-buttons__wrap uagb-buttons-layout-wrap \">\n<div class=\"wp-block-uagb-buttons-child uagb-buttons__outer-wrap uagb-block-d3319764 wp-block-button\"><div class=\"uagb-button__wrapper\"><a class=\"uagb-buttons-repeater wp-block-button__link\" aria-label=\"\" href=\"https:\/\/nemogrill.si\/sl\/narocilo\/\" rel=\"follow noopener\" target=\"_self\" role=\"button\"><div class=\"uagb-button__link\">Naro\u010di<\/div><\/a><\/div><\/div>\n<\/div><\/div>\n<\/div>\n<\/div><\/div>\n\n\n\n<div class=\"wp-block-uagb-container uagb-block-hvghfbcw alignfull uagb-is-root-container\"><div class=\"uagb-container-inner-blocks-wrap\">\n<div class=\"wp-block-uagb-info-box uagb-block-0ebt99vz uagb-infobox__content-wrap  uagb-infobox-icon-above-title uagb-infobox-image-valign-top\"><div class=\"uagb-ifb-content\"><div class=\"uagb-ifb-title-wrap\"><p class=\"uagb-ifb-title-prefix\">nemogrill ODLAGALNI PULT<\/p><h2 class=\"uagb-ifb-title\">Opis izdelka<\/h2><\/div><p class=\"uagb-ifb-desc\">Odlagalni pult, ki se po \u017eelji enostavno namesti na kuri\u0161\u010de in slu\u017ei kot <strong>odlagalna povr\u0161ina za pripomo\u010dke, hrano in pija\u010do.<\/strong> Na vsako kuri\u0161\u010de se lahko namesti <strong>2 polici,<\/strong> ki zado\u0161\u010data za odlaganje najnujnej\u0161ih potreb\u0161\u010din za peko.<br><br>NemoGrill Odlagalni pult je namenjen izklju\u010dno <strong>odlaganju<\/strong> in ne slu\u017ei kot rezalna povr\u0161ina.<\/p><\/div><\/div>\n\n\n\n<div class=\"wp-block-uagb-slider uagb-block-c7e58f20 uagb-slider-container\"><div class=\"uagb-slides uagb-swiper\"><div class=\"swiper-wrapper\">\n<div class=\"wp-block-uagb-slider-child uagb-slider-child-wrap swiper-slide uagb-block-cf510a87\"><div class=\"swiper-content\">\n<div class=\"wp-block-uagb-container uagb-block-481b1470 alignfull uagb-is-root-container\"><div class=\"uagb-container-inner-blocks-wrap\">\n<div class=\"wp-block-uagb-info-box uagb-block-a7b01a30 uagb-infobox__content-wrap  uagb-infobox-icon-above-title uagb-infobox-image-valign-top\"><div class=\"uagb-ifb-content\"><div class=\"uagb-ifb-image-content\"><img decoding=\"async\" src=\"https:\/\/nemogrill.si\/wp-content\/uploads\/2024\/05\/DSCF4332-copy-Large-1024x682.jpeg\" alt=\"\" width=\"\" height=\"0\" loading=\"lazy\"\/><\/div><div class=\"uagb-ifb-title-wrap\"><\/div><\/div><\/div>\n<\/div><\/div>\n<\/div><\/div>\n\n\n\n<div class=\"wp-block-uagb-slider-child uagb-slider-child-wrap swiper-slide uagb-block-91b7358f\"><div class=\"swiper-content\">\n<div class=\"wp-block-uagb-container uagb-block-554dc6d6 alignfull uagb-is-root-container\"><div class=\"uagb-container-inner-blocks-wrap\">\n<div class=\"wp-block-uagb-info-box uagb-block-9de84bed uagb-infobox__content-wrap  uagb-infobox-icon-above-title uagb-infobox-image-valign-top\"><div class=\"uagb-ifb-content\"><div class=\"uagb-ifb-image-content\"><img decoding=\"async\" src=\"https:\/\/nemogrill.si\/wp-content\/uploads\/2024\/05\/DSCF4446-copy-Large-1024x682.jpeg\" alt=\"\" width=\"\" height=\"0\" loading=\"lazy\"\/><\/div><div class=\"uagb-ifb-title-wrap\"><\/div><\/div><\/div>\n<\/div><\/div>\n<\/div><\/div>\n\n\n\n<div class=\"wp-block-uagb-slider-child uagb-slider-child-wrap swiper-slide uagb-block-de6436ec\"><div class=\"swiper-content\">\n<div class=\"wp-block-uagb-container uagb-block-501e3075 alignfull uagb-is-root-container\"><div class=\"uagb-container-inner-blocks-wrap\">\n<div class=\"wp-block-uagb-info-box uagb-block-08d3926d uagb-infobox__content-wrap  uagb-infobox-icon-above-title uagb-infobox-image-valign-top\"><div class=\"uagb-ifb-content\"><div class=\"uagb-ifb-image-content\"><img decoding=\"async\" src=\"https:\/\/nemogrill.si\/wp-content\/uploads\/2024\/05\/DSCF4789-copy-Large-1024x682.jpeg\" alt=\"\" width=\"\" height=\"0\" loading=\"lazy\"\/><\/div><div class=\"uagb-ifb-title-wrap\"><\/div><\/div><\/div>\n<\/div><\/div>\n<\/div><\/div>\n\n\n\n<div class=\"wp-block-uagb-slider-child uagb-slider-child-wrap swiper-slide uagb-block-74dc6f7f\"><div class=\"swiper-content\">\n<div class=\"wp-block-uagb-container uagb-block-1d33cce6\">\n<div class=\"wp-block-uagb-info-box uagb-block-616bcfd9 uagb-infobox__content-wrap  uagb-infobox-icon-above-title uagb-infobox-image-valign-top\"><div class=\"uagb-ifb-content\"><div class=\"uagb-ifb-image-content\"><img decoding=\"async\" src=\"https:\/\/nemogrill.si\/wp-content\/uploads\/2024\/05\/DSCF4719-copy-Large-1024x682.jpeg\" alt=\"\" width=\"\" height=\"0\" loading=\"lazy\"\/><\/div><div class=\"uagb-ifb-title-wrap\"><\/div><\/div><\/div>\n<\/div>\n<\/div><\/div>\n\n\n\n<div class=\"wp-block-uagb-slider-child uagb-slider-child-wrap swiper-slide uagb-block-7e5b3b1a\"><div class=\"swiper-content\">\n<div class=\"wp-block-uagb-container uagb-block-4a833dae\">\n<div class=\"wp-block-uagb-info-box uagb-block-c865b1ee uagb-infobox__content-wrap  uagb-infobox-icon-above-title uagb-infobox-image-valign-top\"><div class=\"uagb-ifb-content\"><div class=\"uagb-ifb-image-content\"><img decoding=\"async\" src=\"https:\/\/nemogrill.si\/wp-content\/uploads\/2024\/05\/DSCF4602-copy-Large-1024x682.jpeg\" alt=\"\" width=\"\" height=\"0\" loading=\"lazy\"\/><\/div><div class=\"uagb-ifb-title-wrap\"><\/div><\/div><\/div>\n<\/div>\n<\/div><\/div>\n\n\n\n<div class=\"wp-block-uagb-slider-child uagb-slider-child-wrap swiper-slide uagb-block-453a2c5d\"><div class=\"swiper-content\">\n<div class=\"wp-block-uagb-container uagb-block-f3c88235\">\n<div class=\"wp-block-uagb-info-box uagb-block-a18d4c92 uagb-infobox__content-wrap  uagb-infobox-icon-above-title uagb-infobox-image-valign-top\"><div class=\"uagb-ifb-content\"><div class=\"uagb-ifb-image-content\"><img decoding=\"async\" src=\"https:\/\/nemogrill.si\/wp-content\/uploads\/2024\/05\/IMG_3650-copy-Large-1024x682.jpeg\" alt=\"\" width=\"\" height=\"0\" loading=\"lazy\"\/><\/div><div class=\"uagb-ifb-title-wrap\"><\/div><\/div><\/div>\n<\/div>\n<\/div><\/div>\n<\/div><\/div><div class=\"swiper-button-prev\"><\/div><div class=\"swiper-button-next\"><\/div><\/div>\n\n\n\n<div class=\"wp-block-uagb-advanced-heading uagb-block-b841d10f\"><h2 class=\"uagb-heading-text\">Tehni\u010dne specifikacije<\/h2><\/div>\n\n\n<div class=\"wp-block-group has-global-padding is-layout-constrained wp-block-group-is-layout-constrained swt-hide-mobile\">\n<div class=\"wp-block-uagb-container uagb-block-glvcwac4\">\n<div class=\"wp-block-uagb-container uagb-block-fpksgofb\">\n<div class=\"wp-block-group is-nowrap is-layout-flex wp-container-core-group-is-layout-6c531013 wp-block-group-is-layout-flex\">\n<div class=\"wp-block-uagb-container uagb-block-olloy6so\">\n<div class=\"wp-block-uagb-advanced-heading uagb-block-zzvvirsg\"><h2 class=\"uagb-heading-text\">Material<\/h2><\/div>\n<\/div>\n\n\n\n<div class=\"wp-block-uagb-container uagb-block-egq7hfg2\">\n<div class=\"wp-block-uagb-advanced-heading uagb-block-bfx7obrr\"><p class=\"uagb-heading-text\">nerjave&#269;e jeklo, bukov les<\/p><\/div>\n<\/div>\n<\/div>\n<\/div>\n<\/div>\n\n\n\n<div class=\"wp-block-uagb-container uagb-block-5d1288d5\">\n<div class=\"wp-block-group is-nowrap is-layout-flex wp-container-core-group-is-layout-6c531013 wp-block-group-is-layout-flex\">\n<div class=\"wp-block-uagb-container uagb-block-2b7664e8\">\n<div class=\"wp-block-uagb-advanced-heading uagb-block-220804d6\"><h3 class=\"uagb-heading-text\">Velikost<\/h3><\/div>\n<\/div>\n\n\n\n<div class=\"wp-block-uagb-container uagb-block-26a887c7\">\n<div class=\"wp-block-uagb-advanced-heading uagb-block-2c3d451b\"><p class=\"uagb-heading-text\">400 x 300 x 50 mm<\/p><\/div>\n<\/div>\n<\/div>\n<\/div>\n\n\n\n<div class=\"wp-block-uagb-container uagb-block-3f875a5e\">\n<div class=\"wp-block-group is-nowrap is-layout-flex wp-container-core-group-is-layout-6c531013 wp-block-group-is-layout-flex\">\n<div class=\"wp-block-uagb-container uagb-block-c9cd937e\">\n<div class=\"wp-block-uagb-advanced-heading uagb-block-8f9842ee\"><h3 class=\"uagb-heading-text\">Te&#382;a<\/h3><\/div>\n<\/div>\n\n\n\n<div class=\"wp-block-uagb-container uagb-block-d81f65f5\">\n<div class=\"wp-block-uagb-advanced-heading uagb-block-61ae0fc5\"><p class=\"uagb-heading-text\">4 kg<\/p><\/div>\n<\/div>\n<\/div>\n<\/div>\n\n\n\n<div class=\"wp-block-uagb-container uagb-block-83f51cf2\">\n<div class=\"wp-block-group is-nowrap is-layout-flex wp-container-core-group-is-layout-6c531013 wp-block-group-is-layout-flex\">\n<div class=\"wp-block-uagb-container uagb-block-23e7b544\">\n<div class=\"wp-block-uagb-advanced-heading uagb-block-f0e21b1e\"><h3 class=\"uagb-heading-text\">Maksimalna obremenitev<\/h3><\/div>\n<\/div>\n\n\n\n<div class=\"wp-block-uagb-container uagb-block-c09f3637\">\n<div class=\"wp-block-uagb-advanced-heading uagb-block-d591526d\"><p class=\"uagb-heading-text\">5 kg<\/p><\/div>\n<\/div>\n<\/div>\n<\/div>\n<\/div>\n<\/div><\/div>\n\n\n\n<div class=\"wp-block-uagb-container uag-hide-desktop uag-hide-tab uagb-layout-flex uagb-block-qiwkkmox alignfull uagb-is-root-container\"><div class=\"uagb-container-inner-blocks-wrap\">\n<div class=\"wp-block-uagb-info-box uagb-block-wqyl0oet uagb-infobox__content-wrap  uagb-infobox-icon-above-title uagb-infobox-image-valign-top\"><div class=\"uagb-ifb-content\"><div class=\"uagb-ifb-title-wrap\"><h4 class=\"uagb-ifb-title\">Material<\/h4><\/div><p class=\"uagb-ifb-desc\">nerjave\u010de jeklo, bukov les<\/p><\/div><\/div>\n\n\n\n<div class=\"wp-block-uagb-info-box uagb-block-qe0v91st uagb-infobox__content-wrap  uagb-infobox-icon-above-title uagb-infobox-image-valign-top\"><div class=\"uagb-ifb-content\"><div class=\"uagb-ifb-title-wrap\"><h4 class=\"uagb-ifb-title\">Velikost<\/h4><\/div><p class=\"uagb-ifb-desc\">400 x 300 x 50 mm<\/p><\/div><\/div>\n\n\n\n<div class=\"wp-block-uagb-info-box uagb-block-ad3a9de6 uagb-infobox__content-wrap  uagb-infobox-icon-above-title uagb-infobox-image-valign-top\"><div class=\"uagb-ifb-content\"><div class=\"uagb-ifb-title-wrap\"><h4 class=\"uagb-ifb-title\">Te\u017ea<\/h4><\/div><p class=\"uagb-ifb-desc\">4 kg<\/p><\/div><\/div>\n\n\n\n<div class=\"wp-block-uagb-info-box uagb-block-f0cdb156 uagb-infobox__content-wrap  uagb-infobox-icon-above-title uagb-infobox-image-valign-top\"><div class=\"uagb-ifb-content\"><div class=\"uagb-ifb-title-wrap\"><h4 class=\"uagb-ifb-title\">Maksimalna obremenitev<\/h4><\/div><p class=\"uagb-ifb-desc\">5 kg<\/p><\/div><\/div>\n<\/div><\/div>\n\n\n<div style=\"height:20px\" aria-hidden=\"true\" class=\"wp-block-spacer swt-hide-mobile\"><\/div>\n\n\n\n<div class=\"wp-block-uagb-container uagb-block-htnw1yzr alignfull uagb-is-root-container\"><div class=\"uagb-container-inner-blocks-wrap\">\n<div class=\"wp-block-uagb-info-box uagb-block-wh3ejdwp uagb-infobox__content-wrap  uagb-infobox-icon-left-title uagb-infobox-left uagb-infobox-image-valign-middle\"><div class=\"uagb-ifb-content\"><div class=\"uagb-ifb-left-title-image\"><div class=\"uagb-ifb-icon-wrap\"><svg xmlns=\"https:\/\/www.w3.org\/2000\/svg\" viewBox=\"0 0 576 512\"><path d=\"M568.1 196.3l-22.62-22.62c-4.533-4.533-10.56-7.029-16.97-7.029s-12.44 2.496-16.97 7.029l-5.654 5.656l-20.12-20.12c4.596-23.46-2.652-47.9-19.47-64.73l-45.25-45.25C390.2 17.47 347.1 0 303.1 0C258.2 0 216 17.47 184.3 49.21L176.5 57.05L272.5 105.1v13.81c0 18.95 7.688 37.5 21.09 50.91l49.16 49.14c13.44 13.45 31.39 20.86 50.54 20.86c4.758 0 9.512-.4648 14.18-1.387l20.12 20.12l-5.654 5.654c-9.357 9.357-9.357 24.58-.002 33.94l22.62 22.62c4.535 4.533 10.56 7.031 16.97 7.031s12.44-2.498 16.97-7.031l90.53-90.5C578.3 220.8 578.3 205.6 568.1 196.3zM270.9 192.4c-3.846-3.846-7.197-8.113-10.37-12.49l-239.5 209.2c-28.12 28.12-28.16 73.72-.0371 101.8C35.12 505 53.56 512 71.1 512s36.84-7.031 50.91-21.09l209.1-239.4c-4.141-3.061-8.184-6.289-11.89-9.996L270.9 192.4z\"><\/path><\/svg><\/div><div class=\"uagb-ifb-title-wrap\"><h4 class=\"uagb-ifb-title\">Enostavna monta\u017ea<\/h4><\/div><\/div><p class=\"uagb-ifb-desc\">Monta\u017ea brez vijakov<\/p><\/div><\/div>\n\n\n\n<div class=\"wp-block-uagb-info-box uagb-block-7dekucus uagb-infobox__content-wrap  uagb-infobox-icon-left-title uagb-infobox-left uagb-infobox-image-valign-middle\"><div class=\"uagb-ifb-content\"><div class=\"uagb-ifb-left-title-image\"><div class=\"uagb-ifb-icon-wrap\"><svg xmlns=\"https:\/\/www.w3.org\/2000\/svg\" viewBox=\"0 0 448 512\"><path d=\"M413.8 447.1L256 448l0 31.99C256 497.7 241.8 512 224.1 512c-17.67 0-32.1-14.32-32.1-31.99l0-31.99l-158.9-.0099c-28.5 0-43.69-34.49-24.69-56.4l68.98-79.59H62.22c-25.41 0-39.15-29.8-22.67-49.13l60.41-70.85H89.21c-21.28 0-32.87-22.5-19.28-37.31l134.8-146.5c10.4-11.3 28.22-11.3 38.62-.0033l134.9 146.5c13.62 14.81 2.001 37.31-19.28 37.31h-10.77l60.35 70.86c16.46 19.34 2.716 49.12-22.68 49.12h-15.2l68.98 79.59C458.7 413.7 443.1 447.1 413.8 447.1z\"><\/path><\/svg><\/div><div class=\"uagb-ifb-title-wrap\"><h4 class=\"uagb-ifb-title\">Naraven videz<\/h4><\/div><\/div><p class=\"uagb-ifb-desc\">Lesena povr\u0161ina odli\u010dno dopolni celoten videz<\/p><\/div><\/div>\n\n\n\n<div class=\"wp-block-uagb-info-box uagb-block-2959a6e9 uagb-infobox__content-wrap  uagb-infobox-icon-left-title uagb-infobox-left uagb-infobox-image-valign-middle\"><div class=\"uagb-ifb-content\"><div class=\"uagb-ifb-left-title-image\"><div class=\"uagb-ifb-icon-wrap\"><svg xmlns=\"https:\/\/www.w3.org\/2000\/svg\" viewBox=\"0 0 512 512\"><path d=\"M480 128v208c0 97.05-78.95 176-176 176h-37.72c-53.42 0-103.7-20.8-141.4-58.58l-113.1-113.1C3.906 332.5 0 322.2 0 312C0 290.7 17.15 272 40 272c10.23 0 20.47 3.906 28.28 11.72L128 343.4V64c0-17.67 14.33-32 32-32s32 14.33 32 32l.0729 176C192.1 248.8 199.2 256 208 256s16.07-7.164 16.07-16L224 32c0-17.67 14.33-32 32-32s32 14.33 32 32l.0484 208c0 8.836 7.111 16 15.95 16S320 248.8 320 240L320 64c0-17.67 14.33-32 32-32s32 14.33 32 32l.0729 176c0 8.836 7.091 16 15.93 16S416 248.8 416 240V128c0-17.67 14.33-32 32-32S480 110.3 480 128z\"><\/path><\/svg><\/div><div class=\"uagb-ifb-title-wrap\"><h4 class=\"uagb-ifb-title\">Priro\u010dna uporaba<\/h4><\/div><\/div><p class=\"uagb-ifb-desc\">Odlagalne povr\u0161ine ob \u017earu ni nikoli preve\u010d<\/p><\/div><\/div>\n<\/div><\/div>\n\n\n<div style=\"height:20px\" aria-hidden=\"true\" class=\"wp-block-spacer swt-hide-mobile\"><\/div>\n\n\n\n<div class=\"wp-block-uagb-container uagb-block-n8fohrue alignfull uagb-is-root-container\"><div class=\"uagb-container-inner-blocks-wrap\">\n<div data-aos= \"fade-up\" data-aos-duration=\"400\" data-aos-delay=\"0\" data-aos-easing=\"ease\" data-aos-once=\"true\" class=\"wp-block-uagb-container uagb-block-zssniyll alignfull uagb-is-root-container\"><div class=\"uagb-container-inner-blocks-wrap\">\n<div class=\"wp-block-uagb-info-box uagb-block-ccpqiadt uagb-infobox__content-wrap  uagb-infobox-icon-above-title uagb-infobox-image-valign-top\"><div class=\"uagb-ifb-content\"><div class=\"uagb-ifb-title-wrap\"><h3 class=\"uagb-ifb-title\">Naro\u010dite \u017ear zase in za svoje prijatelje in stopite v stik z nami.<\/h3><\/div><\/div><\/div>\n\n\n\n<div class=\"wp-block-uagb-buttons uagb-buttons__outer-wrap uagb-btn__default-btn uagb-btn-tablet__default-btn uagb-btn-mobile__default-btn uagb-block-rcvcaa0z\"><div class=\"uagb-buttons__wrap uagb-buttons-layout-wrap \">\n<div class=\"wp-block-uagb-buttons-child uagb-buttons__outer-wrap uagb-block-v0njrmmq wp-block-button\"><div class=\"uagb-button__wrapper\"><a class=\"uagb-buttons-repeater wp-block-button__link\" aria-label=\"\" href=\"https:\/\/nemogrill.si\/sl\/narocilo\/\" rel=\"follow noopener\" target=\"_self\" role=\"button\"><div class=\"uagb-button__link\">Naro\u010di<\/div><\/a><\/div><\/div>\n<\/div><\/div>\n<\/div><\/div>\n<\/div><\/div>\n","protected":false},"excerpt":{"rendered":"<p>Tehni\u010dne specifikacije Material nerjave\u010de jeklo, bukov les Velikost 400 x 300 x 50 mm Te\u017ea 4 kg Maksimalna obremenitev 5 kg<\/p>\n","protected":false},"author":2,"featured_media":0,"parent":0,"menu_order":0,"comment_status":"closed","ping_status":"closed","template":"","meta":{"_uag_custom_page_level_css":"","_swt_meta_header_display":false,"_swt_meta_footer_display":false,"_swt_meta_site_title_display":true,"_swt_meta_sticky_header":false,"_swt_meta_transparent_header":false,"footnotes":""},"class_list":["post-824","page","type-page","status-publish","hentry"],"yoast_head":"<!-- This site is optimized with the Yoast SEO plugin v25.0 - https:\/\/yoast.com\/wordpress\/plugins\/seo\/ -->\n<title>NemoGrill Odlagalni pult - NemoGrill<\/title>\n<meta name=\"robots\" content=\"index, follow, max-snippet:-1, max-image-preview:large, max-video-preview:-1\" \/>\n<link rel=\"canonical\" href=\"https:\/\/www.nemogrill.si\/sl\/odlagalni-pult\/\" \/>\n<meta property=\"og:locale\" content=\"sl_SI\" \/>\n<meta property=\"og:type\" content=\"article\" \/>\n<meta property=\"og:title\" content=\"NemoGrill Odlagalni pult - NemoGrill\" \/>\n<meta property=\"og:description\" content=\"Tehni\u010dne specifikacije Material nerjave\u010de jeklo, bukov les Velikost 400 x 300 x 50 mm Te\u017ea 4 kg Maksimalna obremenitev 5 kg\" \/>\n<meta property=\"og:url\" content=\"https:\/\/www.nemogrill.si\/sl\/odlagalni-pult\/\" \/>\n<meta property=\"og:site_name\" content=\"NemoGrill\" \/>\n<meta property=\"article:modified_time\" content=\"2024-05-30T07:43:56+00:00\" \/>\n<meta property=\"og:image\" content=\"https:\/\/nemogrill.si\/wp-content\/uploads\/2024\/05\/IMG_3656-copy-Large-1024x682.jpeg\" \/>\n<meta name=\"twitter:card\" content=\"summary_large_image\" \/>\n<meta name=\"twitter:label1\" content=\"Est. reading time\" \/>\n\t<meta name=\"twitter:data1\" content=\"3 minute\" \/>\n<script type=\"application\/ld+json\" class=\"yoast-schema-graph\">{\"@context\":\"https:\/\/schema.org\",\"@graph\":[{\"@type\":\"WebPage\",\"@id\":\"https:\/\/www.nemogrill.si\/odlagalni-pult\/\",\"url\":\"https:\/\/www.nemogrill.si\/odlagalni-pult\/\",\"name\":\"NemoGrill Odlagalni pult - NemoGrill\",\"isPartOf\":{\"@id\":\"https:\/\/www.nemogrill.si\/#website\"},\"primaryImageOfPage\":{\"@id\":\"https:\/\/www.nemogrill.si\/odlagalni-pult\/#primaryimage\"},\"image\":{\"@id\":\"https:\/\/www.nemogrill.si\/odlagalni-pult\/#primaryimage\"},\"thumbnailUrl\":\"https:\/\/nemogrill.si\/wp-content\/uploads\/2024\/05\/IMG_3656-copy-Large-1024x682.jpeg\",\"datePublished\":\"2024-05-16T20:23:56+00:00\",\"dateModified\":\"2024-05-30T07:43:56+00:00\",\"breadcrumb\":{\"@id\":\"https:\/\/www.nemogrill.si\/odlagalni-pult\/#breadcrumb\"},\"inLanguage\":\"sl-SI\",\"potentialAction\":[{\"@type\":\"ReadAction\",\"target\":[\"https:\/\/www.nemogrill.si\/odlagalni-pult\/\"]}]},{\"@type\":\"ImageObject\",\"inLanguage\":\"sl-SI\",\"@id\":\"https:\/\/www.nemogrill.si\/odlagalni-pult\/#primaryimage\",\"url\":\"https:\/\/nemogrill.si\/wp-content\/uploads\/2024\/05\/IMG_3656-copy-Large-1024x682.jpeg\",\"contentUrl\":\"https:\/\/nemogrill.si\/wp-content\/uploads\/2024\/05\/IMG_3656-copy-Large-1024x682.jpeg\"},{\"@type\":\"BreadcrumbList\",\"@id\":\"https:\/\/www.nemogrill.si\/odlagalni-pult\/#breadcrumb\",\"itemListElement\":[{\"@type\":\"ListItem\",\"position\":1,\"name\":\"Domov\",\"item\":\"https:\/\/www.nemogrill.si\/\"},{\"@type\":\"ListItem\",\"position\":2,\"name\":\"NemoGrill Odlagalni pult\"}]},{\"@type\":\"WebSite\",\"@id\":\"https:\/\/www.nemogrill.si\/#website\",\"url\":\"https:\/\/www.nemogrill.si\/\",\"name\":\"NemoGrill\",\"description\":\"Best grilling experience with friends!\",\"publisher\":{\"@id\":\"https:\/\/www.nemogrill.si\/#organization\"},\"potentialAction\":[{\"@type\":\"SearchAction\",\"target\":{\"@type\":\"EntryPoint\",\"urlTemplate\":\"https:\/\/www.nemogrill.si\/?s={search_term_string}\"},\"query-input\":{\"@type\":\"PropertyValueSpecification\",\"valueRequired\":true,\"valueName\":\"search_term_string\"}}],\"inLanguage\":\"sl-SI\"},{\"@type\":\"Organization\",\"@id\":\"https:\/\/www.nemogrill.si\/#organization\",\"name\":\"NemoGrill\",\"url\":\"https:\/\/www.nemogrill.si\/\",\"logo\":{\"@type\":\"ImageObject\",\"inLanguage\":\"sl-SI\",\"@id\":\"https:\/\/www.nemogrill.si\/#\/schema\/logo\/image\/\",\"url\":\"https:\/\/nemogrill.si\/wp-content\/uploads\/2024\/04\/nemogrill-logo.png\",\"contentUrl\":\"https:\/\/nemogrill.si\/wp-content\/uploads\/2024\/04\/nemogrill-logo.png\",\"width\":505,\"height\":89,\"caption\":\"NemoGrill\"},\"image\":{\"@id\":\"https:\/\/www.nemogrill.si\/#\/schema\/logo\/image\/\"}}]}<\/script>\n<!-- \/ Yoast SEO plugin. -->","yoast_head_json":{"title":"NemoGrill Odlagalni pult - NemoGrill","robots":{"index":"index","follow":"follow","max-snippet":"max-snippet:-1","max-image-preview":"max-image-preview:large","max-video-preview":"max-video-preview:-1"},"canonical":"https:\/\/www.nemogrill.si\/sl\/odlagalni-pult\/","og_locale":"sl_SI","og_type":"article","og_title":"NemoGrill Odlagalni pult - NemoGrill","og_description":"Tehni\u010dne specifikacije Material nerjave\u010de jeklo, bukov les Velikost 400 x 300 x 50 mm Te\u017ea 4 kg Maksimalna obremenitev 5 kg","og_url":"https:\/\/www.nemogrill.si\/sl\/odlagalni-pult\/","og_site_name":"NemoGrill","article_modified_time":"2024-05-30T07:43:56+00:00","og_image":[{"url":"https:\/\/nemogrill.si\/wp-content\/uploads\/2024\/05\/IMG_3656-copy-Large-1024x682.jpeg","type":"","width":"","height":""}],"twitter_card":"summary_large_image","twitter_misc":{"Est. reading time":"3 minute"},"schema":{"@context":"https:\/\/schema.org","@graph":[{"@type":"WebPage","@id":"https:\/\/www.nemogrill.si\/odlagalni-pult\/","url":"https:\/\/www.nemogrill.si\/odlagalni-pult\/","name":"NemoGrill Odlagalni pult - NemoGrill","isPartOf":{"@id":"https:\/\/www.nemogrill.si\/#website"},"primaryImageOfPage":{"@id":"https:\/\/www.nemogrill.si\/odlagalni-pult\/#primaryimage"},"image":{"@id":"https:\/\/www.nemogrill.si\/odlagalni-pult\/#primaryimage"},"thumbnailUrl":"https:\/\/nemogrill.si\/wp-content\/uploads\/2024\/05\/IMG_3656-copy-Large-1024x682.jpeg","datePublished":"2024-05-16T20:23:56+00:00","dateModified":"2024-05-30T07:43:56+00:00","breadcrumb":{"@id":"https:\/\/www.nemogrill.si\/odlagalni-pult\/#breadcrumb"},"inLanguage":"sl-SI","potentialAction":[{"@type":"ReadAction","target":["https:\/\/www.nemogrill.si\/odlagalni-pult\/"]}]},{"@type":"ImageObject","inLanguage":"sl-SI","@id":"https:\/\/www.nemogrill.si\/odlagalni-pult\/#primaryimage","url":"https:\/\/nemogrill.si\/wp-content\/uploads\/2024\/05\/IMG_3656-copy-Large-1024x682.jpeg","contentUrl":"https:\/\/nemogrill.si\/wp-content\/uploads\/2024\/05\/IMG_3656-copy-Large-1024x682.jpeg"},{"@type":"BreadcrumbList","@id":"https:\/\/www.nemogrill.si\/odlagalni-pult\/#breadcrumb","itemListElement":[{"@type":"ListItem","position":1,"name":"Domov","item":"https:\/\/www.nemogrill.si\/"},{"@type":"ListItem","position":2,"name":"NemoGrill Odlagalni pult"}]},{"@type":"WebSite","@id":"https:\/\/www.nemogrill.si\/#website","url":"https:\/\/www.nemogrill.si\/","name":"NemoGrill","description":"Best grilling experience with friends!","publisher":{"@id":"https:\/\/www.nemogrill.si\/#organization"},"potentialAction":[{"@type":"SearchAction","target":{"@type":"EntryPoint","urlTemplate":"https:\/\/www.nemogrill.si\/?s={search_term_string}"},"query-input":{"@type":"PropertyValueSpecification","valueRequired":true,"valueName":"search_term_string"}}],"inLanguage":"sl-SI"},{"@type":"Organization","@id":"https:\/\/www.nemogrill.si\/#organization","name":"NemoGrill","url":"https:\/\/www.nemogrill.si\/","logo":{"@type":"ImageObject","inLanguage":"sl-SI","@id":"https:\/\/www.nemogrill.si\/#\/schema\/logo\/image\/","url":"https:\/\/nemogrill.si\/wp-content\/uploads\/2024\/04\/nemogrill-logo.png","contentUrl":"https:\/\/nemogrill.si\/wp-content\/uploads\/2024\/04\/nemogrill-logo.png","width":505,"height":89,"caption":"NemoGrill"},"image":{"@id":"https:\/\/www.nemogrill.si\/#\/schema\/logo\/image\/"}}]}},"uagb_featured_image_src":{"full":false,"thumbnail":false,"medium":false,"medium_large":false,"large":false,"1536x1536":false,"2048x2048":false,"trp-custom-language-flag":false},"uagb_author_info":{"display_name":"Rok Ladi\u010d","author_link":"https:\/\/www.nemogrill.si\/sl\/author\/rok\/"},"uagb_comment_info":0,"uagb_excerpt":"Tehni\u010dne specifikacije Material nerjave\u010de jeklo, bukov les Velikost 400 x 300 x 50 mm Te\u017ea 4 kg Maksimalna obremenitev 5 kg","_links":{"self":[{"href":"https:\/\/www.nemogrill.si\/sl\/wp-json\/wp\/v2\/pages\/824","targetHints":{"allow":["GET"]}}],"collection":[{"href":"https:\/\/www.nemogrill.si\/sl\/wp-json\/wp\/v2\/pages"}],"about":[{"href":"https:\/\/www.nemogrill.si\/sl\/wp-json\/wp\/v2\/types\/page"}],"author":[{"embeddable":true,"href":"https:\/\/www.nemogrill.si\/sl\/wp-json\/wp\/v2\/users\/2"}],"replies":[{"embeddable":true,"href":"https:\/\/www.nemogrill.si\/sl\/wp-json\/wp\/v2\/comments?post=824"}],"version-history":[{"count":8,"href":"https:\/\/www.nemogrill.si\/sl\/wp-json\/wp\/v2\/pages\/824\/revisions"}],"predecessor-version":[{"id":1107,"href":"https:\/\/www.nemogrill.si\/sl\/wp-json\/wp\/v2\/pages\/824\/revisions\/1107"}],"wp:attachment":[{"href":"https:\/\/www.nemogrill.si\/sl\/wp-json\/wp\/v2\/media?parent=824"}],"curies":[{"name":"wp","href":"https:\/\/api.w.org\/{rel}","templated":true}]}}